{"id":9314,"date":"2024-09-17T16:12:51","date_gmt":"2024-09-17T14:12:51","guid":{"rendered":"https:\/\/antcube.shop\/en\/product\/gitterkappe-fein-fur-gittereinsatz-acryl-50mm\/"},"modified":"2026-02-23T10:53:58","modified_gmt":"2026-02-23T09:53:58","slug":"tapa-de-rejilla-fina-para-inserto-de-rejilla-acrilica-50mm","status":"publish","type":"product","link":"https:\/\/antcube.shop\/es\/producto\/tapa-de-rejilla-fina-para-inserto-de-rejilla-acrilica-50mm\/","title":{"rendered":"Tapa de rejilla fina - para rejilla acr\u00edlica 50mm"},"content":{"rendered":"<p><strong>Cantidad:<\/strong> 1 pieza<\/p>\n<p><strong>Dimensiones:<\/strong> 51x12mm<\/p>\n<p><strong>Color:<\/strong> transparente<\/p>\n<p><strong>Material:<\/strong> pl\u00e1stico<\/p>\n<p><strong>Descripci\u00f3n:<\/strong> Esta tapa con una rejilla muy fina (0,2-0,3 mm) para el \"Inserto de rejilla acr\u00edlico 50 mm - transparente\" y el \"Hormiguero - ventilador\" impide que las hormigas peque\u00f1as escapen por las amplias ranuras de ventilaci\u00f3n del inserto de rejilla. La tapa se fija al inserto desde abajo.<\/p>\n<p><strong>Nota:<\/strong> Tenga en cuenta que s\u00f3lo puede utilizar este art\u00edculo junto con el art\u00edculo: \u00a1\"005044 Inserto de rejilla acr\u00edlico 50 mm - transparente\" o el \"Ventilador Ant arena\"!<\/p>","protected":false},"excerpt":{"rendered":"<p>Cantidad: 1 pieza Dimensiones: 51x12mm Color: transparente Material: pl\u00e1stico Descripci\u00f3n: Esta tapa con una rejilla muy fina (0,2-0,3 mm) para el \"Inserto de rejilla acr\u00edlico 50 mm - transparente\" y el \"Hormiguero - ventilador\" evita que las hormigas peque\u00f1as escapen por las amplias ranuras de ventilaci\u00f3n del inserto de rejilla. La tapa se fija al inserto de","protected":false},"featured_media":9832,"comment_status":"open","ping_status":"closed","template":"","meta":{"_acf_changed":false,"content-type":"","_monsterinsights_skip_tracking":false,"_monsterinsights_sitenote_active":false,"_monsterinsights_sitenote_note":"","_monsterinsights_sitenote_category":0},"product_brand":[485],"product_cat":[119,238],"product_tag":[],"class_list":{"0":"post-9314","1":"product","2":"type-product","3":"status-publish","4":"has-post-thumbnail","6":"product_brand-antstore","7":"product_cat-formicarium-components","8":"product_cat-grid-caps-plugs-and-inserts","10":"first","11":"instock","12":"taxable","13":"shipping-taxable","14":"purchasable","15":"product-type-simple"},"acf":[],"aioseo_notices":[],"jetpack_sharing_enabled":true,"_links":{"self":[{"href":"https:\/\/antcube.shop\/es\/wp-json\/wp\/v2\/product\/9314","targetHints":{"allow":["GET"]}}],"collection":[{"href":"https:\/\/antcube.shop\/es\/wp-json\/wp\/v2\/product"}],"about":[{"href":"https:\/\/antcube.shop\/es\/wp-json\/wp\/v2\/types\/product"}],"replies":[{"embeddable":true,"href":"https:\/\/antcube.shop\/es\/wp-json\/wp\/v2\/comments?post=9314"}],"wp:featuredmedia":[{"embeddable":true,"href":"https:\/\/antcube.shop\/es\/wp-json\/wp\/v2\/media\/9832"}],"wp:attachment":[{"href":"https:\/\/antcube.shop\/es\/wp-json\/wp\/v2\/media?parent=9314"}],"wp:term":[{"taxonomy":"product_brand","embeddable":true,"href":"https:\/\/antcube.shop\/es\/wp-json\/wp\/v2\/product_brand?post=9314"},{"taxonomy":"product_cat","embeddable":true,"href":"https:\/\/antcube.shop\/es\/wp-json\/wp\/v2\/product_cat?post=9314"},{"taxonomy":"product_tag","embeddable":true,"href":"https:\/\/antcube.shop\/es\/wp-json\/wp\/v2\/product_tag?post=9314"}],"curies":[{"name":"wp","href":"https:\/\/api.w.org\/{rel}","templated":true}]}}