{"id":9312,"date":"2024-09-17T16:11:55","date_gmt":"2024-09-17T14:11:55","guid":{"rendered":"https:\/\/antcube.shop\/en\/product\/gitterkappe-50mm-edelstahl\/"},"modified":"2026-04-05T21:18:13","modified_gmt":"2026-04-05T19:18:13","slug":"gitterkappe-50mm-edelstahl","status":"publish","type":"product","link":"https:\/\/antcube.shop\/es\/producto\/gitterkappe-50mm-edelstahl\/","title":{"rendered":"Tapa de rejilla - 50mm - Acero inoxidable"},"content":{"rendered":"<p><strong>Cantidad:<\/strong> 1 pieza<\/p>\n<p><strong>Dimensiones:<\/strong> 50 mm (di\u00e1metro interior), 60x8 mm (dimensiones exteriores)<\/p>\n<p><strong>Color:<\/strong> transparente<\/p>\n<p><strong>Material:<\/strong> acero inoxidable, vidrio acr\u00edlico<\/p>\n<p><strong>Descripci\u00f3n:<\/strong><br \/>\nEsta tapa de rejilla con una rejilla muy fina de acero inoxidable (0,2 mm) puede fijarse a un enchufe, tubo o extremo de manguera y garantiza una buena ventilaci\u00f3n del formicario sin que las hormigas puedan escapar. Tanto la rejilla de acero inoxidable como el marco de cristal acr\u00edlico son transparentes.<\/p>\n<p><strong>Nota:<\/strong> Tambi\u00e9n es adecuado para especies muy mordedoras, como las hormigas cortadoras de hojas.<\/p>","protected":false},"excerpt":{"rendered":"<p>Cantidad: 1 pieza Dimensiones: 40mm (di\u00e1metro interior), 50x8mm (dimensiones exteriores) Color: transparente Material: acero inoxidable, cristal acr\u00edlico Descripci\u00f3n: Esta tapa de rejilla con una rejilla muy fina de acero inoxidable (0,2 mm) puede fijarse a un enchufe, tubo o extremo de manguera y garantiza una buena ventilaci\u00f3n del formicario sin que las hormigas puedan escapar. Tanto el acero inoxidable","protected":false},"featured_media":9838,"comment_status":"open","ping_status":"closed","template":"","meta":{"_acf_changed":false,"content-type":"","_monsterinsights_skip_tracking":false,"_monsterinsights_sitenote_active":false,"_monsterinsights_sitenote_note":"","_monsterinsights_sitenote_category":0},"product_brand":[485],"product_cat":[119,238],"product_tag":[],"class_list":{"0":"post-9312","1":"product","2":"type-product","3":"status-publish","4":"has-post-thumbnail","6":"product_brand-antstore","7":"product_cat-formicarium-components","8":"product_cat-grid-caps-plugs-and-inserts","10":"first","11":"instock","12":"taxable","13":"shipping-taxable","14":"purchasable","15":"product-type-simple"},"acf":[],"aioseo_notices":[],"jetpack_sharing_enabled":true,"_links":{"self":[{"href":"https:\/\/antcube.shop\/es\/wp-json\/wp\/v2\/product\/9312","targetHints":{"allow":["GET"]}}],"collection":[{"href":"https:\/\/antcube.shop\/es\/wp-json\/wp\/v2\/product"}],"about":[{"href":"https:\/\/antcube.shop\/es\/wp-json\/wp\/v2\/types\/product"}],"replies":[{"embeddable":true,"href":"https:\/\/antcube.shop\/es\/wp-json\/wp\/v2\/comments?post=9312"}],"wp:featuredmedia":[{"embeddable":true,"href":"https:\/\/antcube.shop\/es\/wp-json\/wp\/v2\/media\/9838"}],"wp:attachment":[{"href":"https:\/\/antcube.shop\/es\/wp-json\/wp\/v2\/media?parent=9312"}],"wp:term":[{"taxonomy":"product_brand","embeddable":true,"href":"https:\/\/antcube.shop\/es\/wp-json\/wp\/v2\/product_brand?post=9312"},{"taxonomy":"product_cat","embeddable":true,"href":"https:\/\/antcube.shop\/es\/wp-json\/wp\/v2\/product_cat?post=9312"},{"taxonomy":"product_tag","embeddable":true,"href":"https:\/\/antcube.shop\/es\/wp-json\/wp\/v2\/product_tag?post=9312"}],"curies":[{"name":"wp","href":"https:\/\/api.w.org\/{rel}","templated":true}]}}