{"id":9309,"date":"2024-09-17T16:10:44","date_gmt":"2024-09-17T14:10:44","guid":{"rendered":"https:\/\/antcube.shop\/en\/product\/einsteckeinsatz-fein-fur-gittereinsatz-acryl-50-mm\/"},"modified":"2026-03-24T16:45:14","modified_gmt":"2026-03-24T15:45:14","slug":"einsteckeinsatz-fein-fur-gittereinsatz-acryl-50-mm","status":"publish","type":"product","link":"https:\/\/antcube.shop\/es\/producto\/einsteckeinsatz-fein-fur-gittereinsatz-acryl-50-mm\/","title":{"rendered":"Inserto fino - para inserto de rejilla acr\u00edlica 50 mm"},"content":{"rendered":"<p><strong>Cantidad:<\/strong> 1 pieza<\/p>\n<p><strong>Dimensiones:<\/strong> 50x10mm<\/p>\n<p><strong>Color:<\/strong> transparente<\/p>\n<p><strong>Material:<\/strong> pl\u00e1stico<\/p>\n<p><strong>Descripci\u00f3n:<\/strong><br \/>\nEste inserto con malla muy fina (0,2-0,3 mm) para el \"inserto de malla acr\u00edlico 50 mm - transparente\" impide que las hormigas peque\u00f1as escapen por las amplias ranuras de ventilaci\u00f3n del inserto de malla. El inserto se inserta en la inserci\u00f3n de malla desde abajo.<\/p>\n<p>Tambi\u00e9n es adecuado para especies muy mordedoras, como las hormigas cortadoras de hojas.<\/p>\n<p><strong>Nota:<\/strong> Tenga en cuenta que s\u00f3lo puede utilizar este art\u00edculo junto con el art\u00edculo: \u00a1\"005044 Rejilla acr\u00edlica 50 mm - transparente\"!<\/p>","protected":false},"excerpt":{"rendered":"<p>Cantidad: 1 pieza Dimensiones: 50x10mm Color: transparente Material: pl\u00e1stico Descripci\u00f3n: Este inserto con malla muy fina (0,2-0,3 mm) para el \"inserto de malla acr\u00edlico 50 mm - transparente\" impide que las hormigas peque\u00f1as escapen por las amplias rendijas de ventilaci\u00f3n del inserto de malla. El inserto se inserta en la malla desde abajo. Tambi\u00e9n es adecuado para","protected":false},"featured_media":9842,"comment_status":"open","ping_status":"closed","template":"","meta":{"_acf_changed":false,"content-type":"","_monsterinsights_skip_tracking":false,"_monsterinsights_sitenote_active":false,"_monsterinsights_sitenote_note":"","_monsterinsights_sitenote_category":0},"product_brand":[],"product_cat":[119,238],"product_tag":[],"class_list":{"0":"post-9309","1":"product","2":"type-product","3":"status-publish","4":"has-post-thumbnail","6":"product_cat-formicarium-components","7":"product_cat-grid-caps-plugs-and-inserts","9":"first","10":"outofstock","11":"taxable","12":"shipping-taxable","13":"purchasable","14":"product-type-simple"},"acf":[],"aioseo_notices":[],"jetpack_sharing_enabled":true,"_links":{"self":[{"href":"https:\/\/antcube.shop\/es\/wp-json\/wp\/v2\/product\/9309","targetHints":{"allow":["GET"]}}],"collection":[{"href":"https:\/\/antcube.shop\/es\/wp-json\/wp\/v2\/product"}],"about":[{"href":"https:\/\/antcube.shop\/es\/wp-json\/wp\/v2\/types\/product"}],"replies":[{"embeddable":true,"href":"https:\/\/antcube.shop\/es\/wp-json\/wp\/v2\/comments?post=9309"}],"wp:featuredmedia":[{"embeddable":true,"href":"https:\/\/antcube.shop\/es\/wp-json\/wp\/v2\/media\/9842"}],"wp:attachment":[{"href":"https:\/\/antcube.shop\/es\/wp-json\/wp\/v2\/media?parent=9309"}],"wp:term":[{"taxonomy":"product_brand","embeddable":true,"href":"https:\/\/antcube.shop\/es\/wp-json\/wp\/v2\/product_brand?post=9309"},{"taxonomy":"product_cat","embeddable":true,"href":"https:\/\/antcube.shop\/es\/wp-json\/wp\/v2\/product_cat?post=9309"},{"taxonomy":"product_tag","embeddable":true,"href":"https:\/\/antcube.shop\/es\/wp-json\/wp\/v2\/product_tag?post=9309"}],"curies":[{"name":"wp","href":"https:\/\/api.w.org\/{rel}","templated":true}]}}