{"id":9308,"date":"2024-09-17T16:10:24","date_gmt":"2024-09-17T14:10:24","guid":{"rendered":"https:\/\/antcube.shop\/en\/product\/dosierfilter-16mm\/"},"modified":"2026-04-05T17:10:16","modified_gmt":"2026-04-05T15:10:16","slug":"filtro-dosificador-16mm","status":"publish","type":"product","link":"https:\/\/antcube.shop\/es\/producto\/filtro-dosificador-16mm\/","title":{"rendered":"Filtro dosificador 16mm"},"content":{"rendered":"<p><strong>Dimensiones:<\/strong> 20 mm de longitud, 14 mm de di\u00e1metro para tubos nido de 16 mm<\/p>\n<p><strong>Contenido:<\/strong><br \/>\n1x filtro dosificador<\/p>\n<p><strong>Material:<\/strong> Medio filtrante<\/p>\n<p><strong>Descripci\u00f3n:<\/strong> El filtro dosificador separa a las hormigas del dep\u00f3sito de agua en el tubo nido. Sin embargo, las fuerzas capilares permiten que pase suficiente humedad a trav\u00e9s del filtro para abastecer a las hormigas.<\/p>\n<p><strong>Colores:<\/strong> blanco<\/p>","protected":false},"excerpt":{"rendered":"<p>Dimensiones: 20mm de largo, di\u00e1metro 14mm para tubos nido de 16mm Contenido: 1x filtro dosificador Material: Medio filtrante Descripci\u00f3n: El filtro dosificador separa a las hormigas del dep\u00f3sito de agua en el tubo nido. Sin embargo, las fuerzas capilares permiten que pase suficiente humedad a trav\u00e9s del filtro para abastecer a las hormigas. Colores: blanco<\/p>","protected":false},"featured_media":9847,"comment_status":"open","ping_status":"closed","template":"","meta":{"_acf_changed":false,"content-type":"","_monsterinsights_skip_tracking":false,"_monsterinsights_sitenote_active":false,"_monsterinsights_sitenote_note":"","_monsterinsights_sitenote_category":0},"product_brand":[],"product_cat":[237],"product_tag":[],"class_list":{"0":"post-9308","1":"product","2":"type-product","3":"status-publish","4":"has-post-thumbnail","6":"product_cat-tools","8":"first","9":"instock","10":"taxable","11":"shipping-taxable","12":"purchasable","13":"product-type-simple"},"acf":[],"aioseo_notices":[],"jetpack_sharing_enabled":true,"_links":{"self":[{"href":"https:\/\/antcube.shop\/es\/wp-json\/wp\/v2\/product\/9308","targetHints":{"allow":["GET"]}}],"collection":[{"href":"https:\/\/antcube.shop\/es\/wp-json\/wp\/v2\/product"}],"about":[{"href":"https:\/\/antcube.shop\/es\/wp-json\/wp\/v2\/types\/product"}],"replies":[{"embeddable":true,"href":"https:\/\/antcube.shop\/es\/wp-json\/wp\/v2\/comments?post=9308"}],"wp:featuredmedia":[{"embeddable":true,"href":"https:\/\/antcube.shop\/es\/wp-json\/wp\/v2\/media\/9847"}],"wp:attachment":[{"href":"https:\/\/antcube.shop\/es\/wp-json\/wp\/v2\/media?parent=9308"}],"wp:term":[{"taxonomy":"product_brand","embeddable":true,"href":"https:\/\/antcube.shop\/es\/wp-json\/wp\/v2\/product_brand?post=9308"},{"taxonomy":"product_cat","embeddable":true,"href":"https:\/\/antcube.shop\/es\/wp-json\/wp\/v2\/product_cat?post=9308"},{"taxonomy":"product_tag","embeddable":true,"href":"https:\/\/antcube.shop\/es\/wp-json\/wp\/v2\/product_tag?post=9308"}],"curies":[{"name":"wp","href":"https:\/\/api.w.org\/{rel}","templated":true}]}}