{"id":9307,"date":"2024-09-17T16:10:04","date_gmt":"2024-09-17T14:10:04","guid":{"rendered":"https:\/\/antcube.shop\/en\/product\/formicarienstopfen-fur-13mm-bohrung\/"},"modified":"2026-04-23T13:02:10","modified_gmt":"2026-04-23T11:02:10","slug":"formicarienstopfen-fur-13mm-bohrung","status":"publish","type":"product","link":"https:\/\/antcube.shop\/es\/producto\/formicarienstopfen-fur-13mm-bohrung\/","title":{"rendered":"Tap\u00f3n Formicarium para orificio de 13 mm"},"content":{"rendered":"<p><strong>Cantidad:<\/strong> 1 pieza<\/p>\n<p><strong>Dimensiones:<\/strong> 18\u00d79 mm<\/p>\n<p><strong>Material:<\/strong> Pl\u00e1stico PE<\/p>\n<p><strong>Color:<\/strong> transparente, lechoso<\/p>\n<p><strong>Descripci\u00f3n:<\/strong> Para cerrar aberturas redondas en formicaria con un di\u00e1metro de 4 mm<br \/>\nSi lo desea, tambi\u00e9n podemos hacer agujeros en los tapones por un suplemento.<br \/>\nSe recomiendan los siguientes recortes para los siguientes elementos, por ejemplo:<br \/>\n10mm por ejemplo para manguera o tubo 10mm<\/p>","protected":false},"excerpt":{"rendered":"<p>Cantidad: 1 pieza Dimensiones: 18x9 mm Material: Pl\u00e1stico PE Color: transparente, lechoso Descripci\u00f3n: Para cerrar aberturas redondas en formicaria con un di\u00e1metro de 13 mm. Si lo desea, tambi\u00e9n podemos cortar orificios en los tapones por un suplemento. Se recomiendan los siguientes recortes, por ejemplo: 10 mm por ejemplo para manguera o","protected":false},"featured_media":9849,"comment_status":"open","ping_status":"closed","template":"","meta":{"_acf_changed":false,"content-type":"","_monsterinsights_skip_tracking":false,"_monsterinsights_sitenote_active":false,"_monsterinsights_sitenote_note":"","_monsterinsights_sitenote_category":0},"product_brand":[],"product_cat":[119,238],"product_tag":[],"class_list":{"0":"post-9307","1":"product","2":"type-product","3":"status-publish","4":"has-post-thumbnail","6":"product_cat-formicarium-components","7":"product_cat-grid-caps-plugs-and-inserts","9":"first","10":"instock","11":"taxable","12":"shipping-taxable","13":"purchasable","14":"product-type-simple"},"acf":[],"aioseo_notices":[],"jetpack_sharing_enabled":true,"_links":{"self":[{"href":"https:\/\/antcube.shop\/es\/wp-json\/wp\/v2\/product\/9307","targetHints":{"allow":["GET"]}}],"collection":[{"href":"https:\/\/antcube.shop\/es\/wp-json\/wp\/v2\/product"}],"about":[{"href":"https:\/\/antcube.shop\/es\/wp-json\/wp\/v2\/types\/product"}],"replies":[{"embeddable":true,"href":"https:\/\/antcube.shop\/es\/wp-json\/wp\/v2\/comments?post=9307"}],"wp:featuredmedia":[{"embeddable":true,"href":"https:\/\/antcube.shop\/es\/wp-json\/wp\/v2\/media\/9849"}],"wp:attachment":[{"href":"https:\/\/antcube.shop\/es\/wp-json\/wp\/v2\/media?parent=9307"}],"wp:term":[{"taxonomy":"product_brand","embeddable":true,"href":"https:\/\/antcube.shop\/es\/wp-json\/wp\/v2\/product_brand?post=9307"},{"taxonomy":"product_cat","embeddable":true,"href":"https:\/\/antcube.shop\/es\/wp-json\/wp\/v2\/product_cat?post=9307"},{"taxonomy":"product_tag","embeddable":true,"href":"https:\/\/antcube.shop\/es\/wp-json\/wp\/v2\/product_tag?post=9307"}],"curies":[{"name":"wp","href":"https:\/\/api.w.org\/{rel}","templated":true}]}}