{"id":9302,"date":"2024-09-17T16:08:00","date_gmt":"2024-09-17T14:08:00","guid":{"rendered":"https:\/\/antcube.shop\/en\/product\/schlauchverbinder-i-16-weis\/"},"modified":"2026-04-05T01:10:12","modified_gmt":"2026-04-04T23:10:12","slug":"conector-de-manguera-i-16-blanco","status":"publish","type":"product","link":"https:\/\/antcube.shop\/es\/producto\/conector-de-manguera-i-16-blanco\/","title":{"rendered":"Conector de manguera I 16 - blanco"},"content":{"rendered":"<p><strong>Dimensiones:<\/strong> 6 cm<\/p>\n<p><strong>Descripci\u00f3n:<\/strong> Este conector de manguera en I conecta mangueras con un di\u00e1metro interior de 16 mm (adecuado para nuestras mangueras con un di\u00e1metro exterior de 20 mm).<\/p>","protected":false},"excerpt":{"rendered":"<p>Dimensiones: 5,5 x 3,5 cm Descripci\u00f3n: Este conector de manguera en T conecta mangueras con un di\u00e1metro interior de 16 mm (adecuado para nuestras mangueras con un di\u00e1metro exterior de 20 mm).<\/p>","protected":false},"featured_media":9862,"comment_status":"open","ping_status":"closed","template":"","meta":{"_acf_changed":false,"content-type":"","_monsterinsights_skip_tracking":false,"_monsterinsights_sitenote_active":false,"_monsterinsights_sitenote_note":"","_monsterinsights_sitenote_category":0},"product_brand":[],"product_cat":[119,121],"product_tag":[],"class_list":{"0":"post-9302","1":"product","2":"type-product","3":"status-publish","4":"has-post-thumbnail","6":"product_cat-formicarium-components","7":"product_cat-connectors","9":"first","10":"instock","11":"taxable","12":"shipping-taxable","13":"purchasable","14":"product-type-simple"},"acf":[],"aioseo_notices":[],"jetpack_sharing_enabled":true,"_links":{"self":[{"href":"https:\/\/antcube.shop\/es\/wp-json\/wp\/v2\/product\/9302","targetHints":{"allow":["GET"]}}],"collection":[{"href":"https:\/\/antcube.shop\/es\/wp-json\/wp\/v2\/product"}],"about":[{"href":"https:\/\/antcube.shop\/es\/wp-json\/wp\/v2\/types\/product"}],"replies":[{"embeddable":true,"href":"https:\/\/antcube.shop\/es\/wp-json\/wp\/v2\/comments?post=9302"}],"wp:featuredmedia":[{"embeddable":true,"href":"https:\/\/antcube.shop\/es\/wp-json\/wp\/v2\/media\/9862"}],"wp:attachment":[{"href":"https:\/\/antcube.shop\/es\/wp-json\/wp\/v2\/media?parent=9302"}],"wp:term":[{"taxonomy":"product_brand","embeddable":true,"href":"https:\/\/antcube.shop\/es\/wp-json\/wp\/v2\/product_brand?post=9302"},{"taxonomy":"product_cat","embeddable":true,"href":"https:\/\/antcube.shop\/es\/wp-json\/wp\/v2\/product_cat?post=9302"},{"taxonomy":"product_tag","embeddable":true,"href":"https:\/\/antcube.shop\/es\/wp-json\/wp\/v2\/product_tag?post=9302"}],"curies":[{"name":"wp","href":"https:\/\/api.w.org\/{rel}","templated":true}]}}