{"id":9292,"date":"2024-09-17T15:59:51","date_gmt":"2024-09-17T13:59:51","guid":{"rendered":"https:\/\/antcube.shop\/en\/product\/pilz-von-atta-cephalotes\/"},"modified":"2026-03-11T14:16:11","modified_gmt":"2026-03-11T13:16:11","slug":"hongo-de-atta-cephalotes","status":"publish","type":"product","link":"https:\/\/antcube.shop\/es\/producto\/hongo-de-atta-cephalotes\/","title":{"rendered":"Hongos de Atta cephalotes"},"content":{"rendered":"<p><span data-text-color=\"alert\"><strong>\u00a1Env\u00edo s\u00f3lo posible en Alemania!<\/strong><\/span><\/p>\n<p><strong>Cantidad:<\/strong> (set)<br \/>\n1x tubo de transporte<br \/>\n1x tap\u00f3n permeable al aire<br \/>\n1 champi\u00f1\u00f3n fresco de al menos 1 cm\u00b3<\/p>\n<p><strong>Descripci\u00f3n:<\/strong> Ofrecemos un hongo de sustituci\u00f3n para casos de emergencia en los que el hongo de las hormigas cortadoras de hojas decae o muere debido a una temperatura, humedad u otros motivos incorrectos.<br \/>\nUna unidad de 1 cm\u00b3 es suficiente para reiniciar una colonia de 11-25 animales.<br \/>\nEl champi\u00f1\u00f3n suministrado puede contener peque\u00f1os seteros (minitrabajadores).<br \/>\nEstos peque\u00f1os minitrabajadores no suponen un problema para la colonia existente, ya que s\u00f3lo se ocupan del hongo.<\/p>\n<p><strong>Utilizar:<\/strong><br \/>\nChampi\u00f1\u00f3n = para las especies de hormigas que se alimentan de champi\u00f1ones<br \/>\nSe trata de un alimento completo (pienso \u00fanico)<br \/>\nEl contenedor de transporte debe abrirse y colocarse junto a la colonia de hormigas. A continuaci\u00f3n, los animales sacar\u00e1n los trozos de seta por su cuenta.<\/p>\n<p><strong>Almacenamiento:<\/strong> 25\u00b0C y humedad 90%<\/p>\n<p><strong>Contiene:<\/strong><br \/>\ntrozos de setas frescas y originales de las especies de hormigas nombradas.<\/p>\n<p><strong>Nota:<\/strong><br \/>\nPara m\u00e1s informaci\u00f3n, consulte el prospecto.<\/p>\n<p>L\u00ednea directa de informaci\u00f3n +49 30 439703870<\/p>\n<p><strong>Responsable de la inspecci\u00f3n veterinaria y alimentaria:<\/strong><br \/>\nOficina veterinaria de Steglitz<br \/>\nK\u00f6nigin-Luise-Str. 92<br \/>\n14195 Berl\u00edn<\/p>","protected":false},"excerpt":{"rendered":"<p>Alimentaci\u00f3n completa<\/p>","protected":false},"featured_media":9777,"comment_status":"open","ping_status":"closed","template":"","meta":{"_acf_changed":false,"content-type":"","_monsterinsights_skip_tracking":false,"_monsterinsights_sitenote_active":false,"_monsterinsights_sitenote_note":"","_monsterinsights_sitenote_category":0},"product_brand":[],"product_cat":[115,116],"product_tag":[],"class_list":{"0":"post-9292","1":"product","2":"type-product","3":"status-publish","4":"has-post-thumbnail","6":"product_cat-food-and-feeding","7":"product_cat-food","9":"first","10":"instock","11":"taxable","12":"shipping-taxable","13":"purchasable","14":"product-type-simple"},"acf":[],"aioseo_notices":[],"jetpack_sharing_enabled":true,"_links":{"self":[{"href":"https:\/\/antcube.shop\/es\/wp-json\/wp\/v2\/product\/9292","targetHints":{"allow":["GET"]}}],"collection":[{"href":"https:\/\/antcube.shop\/es\/wp-json\/wp\/v2\/product"}],"about":[{"href":"https:\/\/antcube.shop\/es\/wp-json\/wp\/v2\/types\/product"}],"replies":[{"embeddable":true,"href":"https:\/\/antcube.shop\/es\/wp-json\/wp\/v2\/comments?post=9292"}],"wp:featuredmedia":[{"embeddable":true,"href":"https:\/\/antcube.shop\/es\/wp-json\/wp\/v2\/media\/9777"}],"wp:attachment":[{"href":"https:\/\/antcube.shop\/es\/wp-json\/wp\/v2\/media?parent=9292"}],"wp:term":[{"taxonomy":"product_brand","embeddable":true,"href":"https:\/\/antcube.shop\/es\/wp-json\/wp\/v2\/product_brand?post=9292"},{"taxonomy":"product_cat","embeddable":true,"href":"https:\/\/antcube.shop\/es\/wp-json\/wp\/v2\/product_cat?post=9292"},{"taxonomy":"product_tag","embeddable":true,"href":"https:\/\/antcube.shop\/es\/wp-json\/wp\/v2\/product_tag?post=9292"}],"curies":[{"name":"wp","href":"https:\/\/api.w.org\/{rel}","templated":true}]}}