{"id":9291,"date":"2024-09-17T15:59:27","date_gmt":"2024-09-17T13:59:27","guid":{"rendered":"https:\/\/antcube.shop\/en\/product\/brombeerblatter-100g-frisch\/"},"modified":"2026-04-14T09:35:49","modified_gmt":"2026-04-14T07:35:49","slug":"brombeerblatter-100g-frisch","status":"publish","type":"product","link":"https:\/\/antcube.shop\/es\/producto\/brombeerblatter-100g-frisch\/","title":{"rendered":"Hojas de zarzamora 100 g - frescas"},"content":{"rendered":"<p><strong>Contenido:<\/strong> 100 g de hojas frescas de zarzamora<\/p>\n<p><strong>Descripci\u00f3n:<\/strong> Hojas de zarzamora como criadero de especies de hormigas que cultivan hongos.<\/p>\n<p><strong>Utilizar:<\/strong><br \/>\nHojas de zarzamora = para especies de hormigas que se reproducen por hongos<br \/>\nSe trata de un \"alimento completo\" (pienso \u00fanico) y s\u00f3lo sirve de caldo de cultivo para el hongo.<br \/>\nBasta con colocar las hojas a alimentar en la c\u00e1mara de alimentaci\u00f3n.<\/p>\n<p>Almacenamiento: 5-8\u00b0C \/ 60-90% humedad. (alternativamente tambi\u00e9n en un florero con agua).<\/p>\n<p><strong>Contiene:<\/strong><br \/>\n100% hojas frescas de zarzamora<\/p>\n<p><strong>Nota:<\/strong><br \/>\nPara m\u00e1s informaci\u00f3n, consulte el prospecto.<\/p>\n<p>L\u00ednea directa de informaci\u00f3n +49 30 439703870<\/p>\n<p>Responsable de la inspecci\u00f3n veterinaria y alimentaria:<br \/>\nOficina veterinaria de Steglitz<br \/>\nK\u00f6nigin-Luise-Str. 92<br \/>\n14195 Berl\u00edn<\/p>","protected":false},"excerpt":{"rendered":"<p>Contenido: 100 g de hojas frescas de zarzamora Descripci\u00f3n: Hojas de zarzamora como caldo de cultivo para especies de hormigas que cr\u00edan hongos. Uso: Hojas de zarzamora = para especies de hormigas que cr\u00edan hongos Se trata de un \"alimento completo\" (alimento \u00fanico) y s\u00f3lo se utiliza como caldo de cultivo para los hongos. Basta con colocar las hojas a alimentar en el comedero. Conservaci\u00f3n: 5-8\u00b0C","protected":false},"featured_media":9603,"comment_status":"open","ping_status":"closed","template":"","meta":{"_acf_changed":false,"content-type":"","_monsterinsights_skip_tracking":false,"_monsterinsights_sitenote_active":false,"_monsterinsights_sitenote_note":"","_monsterinsights_sitenote_category":0},"product_brand":[],"product_cat":[115,116],"product_tag":[],"class_list":{"0":"post-9291","1":"product","2":"type-product","3":"status-publish","4":"has-post-thumbnail","6":"product_cat-food-and-feeding","7":"product_cat-food","9":"first","10":"onbackorder","11":"taxable","12":"shipping-taxable","13":"purchasable","14":"product-type-simple"},"acf":[],"aioseo_notices":[],"jetpack_sharing_enabled":true,"_links":{"self":[{"href":"https:\/\/antcube.shop\/es\/wp-json\/wp\/v2\/product\/9291","targetHints":{"allow":["GET"]}}],"collection":[{"href":"https:\/\/antcube.shop\/es\/wp-json\/wp\/v2\/product"}],"about":[{"href":"https:\/\/antcube.shop\/es\/wp-json\/wp\/v2\/types\/product"}],"replies":[{"embeddable":true,"href":"https:\/\/antcube.shop\/es\/wp-json\/wp\/v2\/comments?post=9291"}],"wp:featuredmedia":[{"embeddable":true,"href":"https:\/\/antcube.shop\/es\/wp-json\/wp\/v2\/media\/9603"}],"wp:attachment":[{"href":"https:\/\/antcube.shop\/es\/wp-json\/wp\/v2\/media?parent=9291"}],"wp:term":[{"taxonomy":"product_brand","embeddable":true,"href":"https:\/\/antcube.shop\/es\/wp-json\/wp\/v2\/product_brand?post=9291"},{"taxonomy":"product_cat","embeddable":true,"href":"https:\/\/antcube.shop\/es\/wp-json\/wp\/v2\/product_cat?post=9291"},{"taxonomy":"product_tag","embeddable":true,"href":"https:\/\/antcube.shop\/es\/wp-json\/wp\/v2\/product_tag?post=9291"}],"curies":[{"name":"wp","href":"https:\/\/api.w.org\/{rel}","templated":true}]}}