{"id":9273,"date":"2024-09-17T15:00:07","date_gmt":"2024-09-17T13:00:07","guid":{"rendered":"https:\/\/antcube.shop\/en\/product\/mini-thermometer-analog-metall-25mm\/"},"modified":"2026-04-05T12:30:33","modified_gmt":"2026-04-05T10:30:33","slug":"mini-termometro-analogico-metal-25mm","status":"publish","type":"product","link":"https:\/\/antcube.shop\/es\/producto\/mini-termometro-analogico-metal-25mm\/","title":{"rendered":"Mini term\u00f3metro anal\u00f3gico de metal - 25mm"},"content":{"rendered":"<p><strong>Dimensiones:<\/strong> 25 mm<\/p>\n<p><strong>Color:<\/strong> metal, plata<\/p>\n<p><strong>Rango de medici\u00f3n:<\/strong> De -20 a +50\u00b0C \/ De -10 a +130\u00b0F<\/p>\n<p><strong>Precisi\u00f3n:<\/strong> +\/- 2\u00b0C , +\/- 4\u00b0F<\/p>\n<p><strong>Descripci\u00f3n:<\/strong><br \/>\nTerm\u00f3metro anal\u00f3gico, especialmente adecuado para formicaria muy peque\u00f1a.<br \/>\nSe fija a un orificio de 27 mm utilizando el \"tap\u00f3n Formicarium para orificio de 27 mm\" con un recorte de 22 mm.<br \/>\nDe lo contrario, el higr\u00f3metro puede fijarse a la parte interior trasera del formicario con cinta adhesiva de doble cara (no incluida).<\/p>\n<p><strong>Nota:<\/strong><br \/>\nNo cierre la abertura posterior del term\u00f3metro, ya que puede provocar errores de medici\u00f3n.<\/p>","protected":false},"excerpt":{"rendered":"<p>Rango de medici\u00f3n: -20 a +50\u00b0C \/ -10 a +130\u00b0F, di\u00e1metro: 25 mm<\/p>","protected":false},"featured_media":9748,"comment_status":"open","ping_status":"closed","template":"","meta":{"_acf_changed":false,"content-type":"","_monsterinsights_skip_tracking":false,"_monsterinsights_sitenote_active":false,"_monsterinsights_sitenote_note":"","_monsterinsights_sitenote_category":0},"product_brand":[],"product_cat":[359,119],"product_tag":[],"class_list":{"0":"post-9273","1":"product","2":"type-product","3":"status-publish","4":"has-post-thumbnail","6":"product_cat-light-heat-humidity","7":"product_cat-formicarium-components","9":"first","10":"instock","11":"taxable","12":"shipping-taxable","13":"purchasable","14":"product-type-simple"},"acf":[],"aioseo_notices":[],"jetpack_sharing_enabled":true,"_links":{"self":[{"href":"https:\/\/antcube.shop\/es\/wp-json\/wp\/v2\/product\/9273","targetHints":{"allow":["GET"]}}],"collection":[{"href":"https:\/\/antcube.shop\/es\/wp-json\/wp\/v2\/product"}],"about":[{"href":"https:\/\/antcube.shop\/es\/wp-json\/wp\/v2\/types\/product"}],"replies":[{"embeddable":true,"href":"https:\/\/antcube.shop\/es\/wp-json\/wp\/v2\/comments?post=9273"}],"wp:featuredmedia":[{"embeddable":true,"href":"https:\/\/antcube.shop\/es\/wp-json\/wp\/v2\/media\/9748"}],"wp:attachment":[{"href":"https:\/\/antcube.shop\/es\/wp-json\/wp\/v2\/media?parent=9273"}],"wp:term":[{"taxonomy":"product_brand","embeddable":true,"href":"https:\/\/antcube.shop\/es\/wp-json\/wp\/v2\/product_brand?post=9273"},{"taxonomy":"product_cat","embeddable":true,"href":"https:\/\/antcube.shop\/es\/wp-json\/wp\/v2\/product_cat?post=9273"},{"taxonomy":"product_tag","embeddable":true,"href":"https:\/\/antcube.shop\/es\/wp-json\/wp\/v2\/product_tag?post=9273"}],"curies":[{"name":"wp","href":"https:\/\/api.w.org\/{rel}","templated":true}]}}