{"id":9271,"date":"2024-09-17T14:58:23","date_gmt":"2024-09-17T12:58:23","guid":{"rendered":"https:\/\/antcube.shop\/en\/product\/mini-thermo-hygrometer-analog-display-magnet\/"},"modified":"2026-04-06T20:34:08","modified_gmt":"2026-04-06T18:34:08","slug":"mini-termohigrometro-pantalla-analogica-iman","status":"publish","type":"product","link":"https:\/\/antcube.shop\/es\/producto\/mini-termohigrometro-pantalla-analogica-iman\/","title":{"rendered":"Mini termohigr\u00f3metro anal\u00f3gico - pantalla - im\u00e1n"},"content":{"rendered":"<p><strong>Dimensiones:<\/strong> 75 mm x 60 mm, 8 mm de profundidad<\/p>\n<p><strong>Material:<\/strong> metal \/ cristal acr\u00edlico<\/p>\n<p><strong>Color:<\/strong> metal, plata \/ transparente<\/p>\n<p><strong>Contenido:<\/strong> 1x mini term\u00f3metro anal\u00f3gico de metal - 25mm, 1x mini higr\u00f3metro anal\u00f3gico de metal - 25mm, 1x soporte de cristal acr\u00edlico con recortes para los instrumentos de medida y tres imanes - 75x60mm, 1x placa de cristal acr\u00edlico con imanes para fijar la pantalla - 75x20mm,<\/p>\n<p><strong>Descripci\u00f3n:<\/strong><br \/>\nEl conjunto consta de term\u00f3metro e higr\u00f3metro anal\u00f3gicos de metal (25 mm), que se insertan en una placa de cristal acr\u00edlico (75x6 mm). La pantalla se fija mediante una peque\u00f1a placa con imanes, que se fija al otro lado de la placa. Esto permite adaptar la ubicaci\u00f3n de la pantalla de valores a las necesidades individuales. En comparaci\u00f3n con las almohadillas adhesivas, los imanes permiten cambiar la posici\u00f3n del indicador tantas veces como sea necesario.<\/p>\n<p><strong>Nota:<\/strong><br \/>\nLos instrumentos de medici\u00f3n de la parte trasera deben permanecer libres, de lo contrario pueden producirse errores de medici\u00f3n.<\/p>\n<p>Debido al proceso de fabricaci\u00f3n, pueden producirse grietas leves o medianas en las piezas magn\u00e9ticas.<\/p>\n<p>Precisi\u00f3n: +\/- 2\u00b0C , +\/- 4\u00b0F<br \/>\nPrecisi\u00f3n: +\/- 5%<\/p>","protected":false},"excerpt":{"rendered":"<p>Juego de term\u00f3metro e higr\u00f3metro de metal (25mm) insertado en placa de cristal acr\u00edlico (75x45mm)<\/p>","protected":false},"featured_media":9740,"comment_status":"open","ping_status":"closed","template":"","meta":{"_acf_changed":false,"content-type":"","_monsterinsights_skip_tracking":false,"_monsterinsights_sitenote_active":false,"_monsterinsights_sitenote_note":"","_monsterinsights_sitenote_category":0},"product_brand":[],"product_cat":[359,119],"product_tag":[],"class_list":{"0":"post-9271","1":"product","2":"type-product","3":"status-publish","4":"has-post-thumbnail","6":"product_cat-light-heat-humidity","7":"product_cat-formicarium-components","9":"first","10":"instock","11":"taxable","12":"shipping-taxable","13":"purchasable","14":"product-type-simple"},"acf":[],"aioseo_notices":[],"jetpack_sharing_enabled":true,"_links":{"self":[{"href":"https:\/\/antcube.shop\/es\/wp-json\/wp\/v2\/product\/9271","targetHints":{"allow":["GET"]}}],"collection":[{"href":"https:\/\/antcube.shop\/es\/wp-json\/wp\/v2\/product"}],"about":[{"href":"https:\/\/antcube.shop\/es\/wp-json\/wp\/v2\/types\/product"}],"replies":[{"embeddable":true,"href":"https:\/\/antcube.shop\/es\/wp-json\/wp\/v2\/comments?post=9271"}],"wp:featuredmedia":[{"embeddable":true,"href":"https:\/\/antcube.shop\/es\/wp-json\/wp\/v2\/media\/9740"}],"wp:attachment":[{"href":"https:\/\/antcube.shop\/es\/wp-json\/wp\/v2\/media?parent=9271"}],"wp:term":[{"taxonomy":"product_brand","embeddable":true,"href":"https:\/\/antcube.shop\/es\/wp-json\/wp\/v2\/product_brand?post=9271"},{"taxonomy":"product_cat","embeddable":true,"href":"https:\/\/antcube.shop\/es\/wp-json\/wp\/v2\/product_cat?post=9271"},{"taxonomy":"product_tag","embeddable":true,"href":"https:\/\/antcube.shop\/es\/wp-json\/wp\/v2\/product_tag?post=9271"}],"curies":[{"name":"wp","href":"https:\/\/api.w.org\/{rel}","templated":true}]}}