{"id":9250,"date":"2024-09-17T14:44:16","date_gmt":"2024-09-17T12:44:16","guid":{"rendered":"https:\/\/antcube.shop\/en\/product\/antcube-korknest-60x30-stehend\/"},"modified":"2026-03-10T17:53:31","modified_gmt":"2026-03-10T16:53:31","slug":"antcube-nido-de-corcho-60x30-vertical","status":"publish","type":"product","link":"https:\/\/antcube.shop\/es\/producto\/antcube-nido-de-corcho-60x30-vertical\/","title":{"rendered":"ANTCUBE - Nido de corcho 60\u00d730 - vertical"},"content":{"rendered":"<p><strong>Dimensiones:<\/strong> 583 x 240 x 20 mm<\/p>\n<p><strong>Material:<\/strong> Corcho (fino)<\/p>\n<p>S\u00f3lo cabe en nuestras granjas de hormigas del tama\u00f1o <span style=\"font-size: 10.5pt; font-family: Arial; color: #0000ff; background-color: transparent; font-weight: bold; font-style: normal; font-variant: normal; text-decoration: none; vertical-align: baseline;\">L<\/span><\/p>\n<p><strong>Descripci\u00f3n:<\/strong> Este nido de corcho con pasadizos y c\u00e1maras prefabricados es adecuado para varias especies de hormigas, especialmente para las especies que anidan en madera (muerta). Tiene un orificio taladrado para acceder al nido.<br \/>\nEl corcho es qu\u00edmicamente neutro. Su estructura no s\u00f3lo es impermeable a los l\u00edquidos, sino que tampoco provoca reacciones qu\u00edmicas y, por tanto, no se da\u00f1a. Sin embargo, un exceso de humedad puede provocar putrefacci\u00f3n a largo plazo y reducir la longevidad del nido. No obstante, el corcho es muy resistente a la putrefacci\u00f3n y a la infestaci\u00f3n por hongos y moho. Esto se debe a su superficie y estructura, que no ofrecen un buen caldo de cultivo para la colonizaci\u00f3n de hongos. Sin embargo, los restos de comida y los excrementos de animales, as\u00ed como otras sustancias org\u00e1nicas, pueden favorecer la proliferaci\u00f3n de moho.<\/p>\n<p>Por lo tanto, recomendamos conservar en corcho principalmente especies de regiones secas. Las especies de h\u00e1bitats h\u00famedos tambi\u00e9n pueden mantenerse en este set, ya que la putrefacci\u00f3n no es un problema para la mayor\u00eda de las especies. Muchas hormigas del norte de Europa, como Camponotus herculeanus o Formica fusca, tambi\u00e9n viven en madera podrida o en descomposici\u00f3n.<\/p>","protected":false},"excerpt":{"rendered":"<p><strong>Tama\u00f1o:<\/strong> 583 x 240 x 20 mm<\/p>","protected":false},"featured_media":9688,"comment_status":"open","ping_status":"closed","template":"","meta":{"_acf_changed":false,"content-type":"","_monsterinsights_skip_tracking":false,"_monsterinsights_sitenote_active":false,"_monsterinsights_sitenote_note":"","_monsterinsights_sitenote_category":0},"product_brand":[],"product_cat":[87,89],"product_tag":[],"class_list":{"0":"post-9250","1":"product","2":"type-product","3":"status-publish","4":"has-post-thumbnail","6":"product_cat-nest-insets","7":"product_cat-cork","9":"first","10":"instock","11":"taxable","12":"shipping-taxable","13":"purchasable","14":"product-type-simple"},"acf":[],"aioseo_notices":[],"jetpack_sharing_enabled":true,"_links":{"self":[{"href":"https:\/\/antcube.shop\/es\/wp-json\/wp\/v2\/product\/9250","targetHints":{"allow":["GET"]}}],"collection":[{"href":"https:\/\/antcube.shop\/es\/wp-json\/wp\/v2\/product"}],"about":[{"href":"https:\/\/antcube.shop\/es\/wp-json\/wp\/v2\/types\/product"}],"replies":[{"embeddable":true,"href":"https:\/\/antcube.shop\/es\/wp-json\/wp\/v2\/comments?post=9250"}],"wp:featuredmedia":[{"embeddable":true,"href":"https:\/\/antcube.shop\/es\/wp-json\/wp\/v2\/media\/9688"}],"wp:attachment":[{"href":"https:\/\/antcube.shop\/es\/wp-json\/wp\/v2\/media?parent=9250"}],"wp:term":[{"taxonomy":"product_brand","embeddable":true,"href":"https:\/\/antcube.shop\/es\/wp-json\/wp\/v2\/product_brand?post=9250"},{"taxonomy":"product_cat","embeddable":true,"href":"https:\/\/antcube.shop\/es\/wp-json\/wp\/v2\/product_cat?post=9250"},{"taxonomy":"product_tag","embeddable":true,"href":"https:\/\/antcube.shop\/es\/wp-json\/wp\/v2\/product_tag?post=9250"}],"curies":[{"name":"wp","href":"https:\/\/api.w.org\/{rel}","templated":true}]}}