{"id":9248,"date":"2024-09-17T14:43:20","date_gmt":"2024-09-17T12:43:20","guid":{"rendered":"https:\/\/antcube.shop\/en\/product\/antcube-box-10x10-gipsnest-beige\/"},"modified":"2026-01-12T12:38:20","modified_gmt":"2026-01-12T11:38:20","slug":"antcube-caja-10x10-yeso-nido-beige","status":"publish","type":"product","link":"https:\/\/antcube.shop\/es\/producto\/antcube-caja-10x10-yeso-nido-beige\/","title":{"rendered":"ANTCUBE - Caja 10\u00d710 - Nido de escayola beige"},"content":{"rendered":"<p><strong>Dimensiones:<\/strong><br \/>\n100x100x100mm<\/p>\n<p><strong>Material:<\/strong><br \/>\nPMMA, PS, yeso<\/p>\n<p><strong>Color:<\/strong> transparente, beige<\/p>\n<p><strong>Contenido:<\/strong><br \/>\n1x caja 100x100x100mm<br \/>\n1x marco insertable<br \/>\n1x tapa insertable con orificio de 50 mm<br \/>\n1x nido de escayola<br \/>\n2x tapones formicarium 27mm<br \/>\n1x rejilla - 50mm - acero inoxidable<\/p>\n<p><strong>Descripci\u00f3n:<\/strong><br \/>\nEste contenedor est\u00e1 equipado con un marco y una tapa insertables y tambi\u00e9n tiene dos aberturas de 27 mm para futuras ampliaciones. La tapa tiene un orificio de 50 mm en el que se pueden insertar rejillas, ventiladores o portal\u00e1mparas. Esta arena pr\u00e1ctica y f\u00e1cil de cuidar con nido de yeso integrado es adecuada para colonias de fundaci\u00f3n a las que les gusta construir sus nidos en el suelo o entre las piedras.<\/p>","protected":false},"excerpt":{"rendered":"<p><strong>Tama\u00f1o:<\/strong> 10x10x10 cm<\/p>","protected":false},"featured_media":9559,"comment_status":"open","ping_status":"closed","template":"","meta":{"_acf_changed":false,"content-type":"","_monsterinsights_skip_tracking":false,"_monsterinsights_sitenote_active":false,"_monsterinsights_sitenote_note":"","_monsterinsights_sitenote_category":0},"product_brand":[],"product_cat":[80,90],"product_tag":[],"class_list":{"0":"post-9248","1":"product","2":"type-product","3":"status-publish","4":"has-post-thumbnail","6":"product_cat-antfarms","7":"product_cat-gypsum","9":"first","10":"instock","11":"taxable","12":"shipping-taxable","13":"purchasable","14":"product-type-simple"},"acf":[],"aioseo_notices":[],"jetpack_sharing_enabled":true,"_links":{"self":[{"href":"https:\/\/antcube.shop\/es\/wp-json\/wp\/v2\/product\/9248","targetHints":{"allow":["GET"]}}],"collection":[{"href":"https:\/\/antcube.shop\/es\/wp-json\/wp\/v2\/product"}],"about":[{"href":"https:\/\/antcube.shop\/es\/wp-json\/wp\/v2\/types\/product"}],"replies":[{"embeddable":true,"href":"https:\/\/antcube.shop\/es\/wp-json\/wp\/v2\/comments?post=9248"}],"wp:featuredmedia":[{"embeddable":true,"href":"https:\/\/antcube.shop\/es\/wp-json\/wp\/v2\/media\/9559"}],"wp:attachment":[{"href":"https:\/\/antcube.shop\/es\/wp-json\/wp\/v2\/media?parent=9248"}],"wp:term":[{"taxonomy":"product_brand","embeddable":true,"href":"https:\/\/antcube.shop\/es\/wp-json\/wp\/v2\/product_brand?post=9248"},{"taxonomy":"product_cat","embeddable":true,"href":"https:\/\/antcube.shop\/es\/wp-json\/wp\/v2\/product_cat?post=9248"},{"taxonomy":"product_tag","embeddable":true,"href":"https:\/\/antcube.shop\/es\/wp-json\/wp\/v2\/product_tag?post=9248"}],"curies":[{"name":"wp","href":"https:\/\/api.w.org\/{rel}","templated":true}]}}