{"id":9247,"date":"2024-09-17T14:42:38","date_gmt":"2024-09-17T12:42:38","guid":{"rendered":"https:\/\/antcube.shop\/en\/product\/antcube-gipsnest-30x30-liegend\/"},"modified":"2026-04-23T19:53:20","modified_gmt":"2026-04-23T17:53:20","slug":"antcube-gipsnest-30x30-liegend","status":"publish","type":"product","link":"https:\/\/antcube.shop\/es\/producto\/antcube-gipsnest-30x30-liegend\/","title":{"rendered":"ANTCUBE - Nido de escayola 30\u00d730 - horizontal"},"content":{"rendered":"<p><span data-text-color=\"alert\"><strong>Env\u00edo s\u00f3lo es posible a trav\u00e9s de GO! dentro de Alemania o por paleta dentro de Europa (no islas)<\/strong><\/span><\/p>\n<p><strong>Dimensiones:<\/strong><br \/>\nNido de escayola: 290 x 290 x 50 mm<br \/>\nCubierta de cristal: 279 x 279 x 4 mm<\/p>\n<p><strong>Material:<\/strong> Escayola<\/p>\n<p><strong>Contenido:<\/strong><br \/>\n1x nido de escayola 30\u00d730 con dos tomas de conexi\u00f3n L 14\/16\/18\/20 x 20mm<\/p>\n<ul>\n<li>La manguera 14\/10 se inserta firmemente en la toma de 14 mm<\/li>\n<li>La manguera 20\/16 est\u00e1 firmemente sujeta al primer escal\u00f3n de 16 mm<\/li>\n<li>La manguera 22\/18 est\u00e1 firmemente sujeta al segundo escal\u00f3n de 20 mm<\/li>\n<li>La manguera 24\/20 se fija sin apretar al segundo escal\u00f3n de 20 mm<\/li>\n<\/ul>\n<p>1x tapa de cristal con agujero de 50mm<br \/>\n1x anillo acr\u00edlico 50mm para agujero de 27mm<br \/>\n1x base de formicario 30\u00d730<br \/>\n2x tapa de rejilla - 16mm - acero inoxidable<br \/>\n1x rejilla - 27mm - acero inoxidable<\/p>\n<p><strong>Descripci\u00f3n:<\/strong> Nuestro nido de yeso con pasadizos y c\u00e1maras prefabricados es adecuado para muchas especies de hormigas, especialmente para las especies que construyen sus nidos en suelos muy arenosos o pedregosos. Dispone de un orificio para acceder al nido. El yeso tiene la propiedad de absorber agua, por lo que se almacena cierta cantidad de humedad. No obstante, el nido de yeso no debe estar permanentemente h\u00famedo, ya que de lo contrario puede formarse moho (debido a los restos de comida o a los excrementos de las hormigas). Por lo tanto, si es posible, deber\u00edan guardarse aqu\u00ed especies de regiones m\u00e1s bien secas. Se tratar\u00eda, por ejemplo, de especies de regiones mediterr\u00e1neas o des\u00e9rticas.<\/p>\n<p><strong>Nota:<\/strong> Debido a su dise\u00f1o, no son adecuadas para especies muy peque\u00f1as (por ejemplo, especies Pheidole, especies Temnothorax), pueden producirse huecos de 0,3 - 0,5 mm.<\/p>\n<p><strong>Nota sobre las tomas de conexi\u00f3n<\/strong><br \/>\nAl colocar o retirar las mangueras, tenga en cuenta lo siguiente:<br \/>\nSi resulta muy dif\u00edcil encajar el tubo en la toma de conexi\u00f3n, se debe frotar ligeramente la toma con una gota de nuestro aceite o polvo antiexplosiones. A continuaci\u00f3n, la manguera debe introducirse en la toma con movimientos de torsi\u00f3n o enroscado sin forzar la toma con movimientos hacia arriba y hacia abajo. Lo mismo se aplica al retirar las mangueras de la toma de conexi\u00f3n de la granja. No tire sin m\u00e1s.<\/p>","protected":false},"excerpt":{"rendered":"<p>Env\u00edo s\u00f3lo posible v\u00eda GO! dentro de Alemania o v\u00eda paleta dentro de Europa (no islas) Dimensiones: Nido de escayola: 290 x 290 x 50mm Tapa de cristal: 279 x 279 x 4mm Material: Yeso Contenido: 1x nido de yeso 30x30 con dos tomas de conexi\u00f3n L 14\/16\/18\/20 x 20mm 14\/10 manguera se inserta firmemente en el z\u00f3calo de 14 mm","protected":false},"featured_media":9683,"comment_status":"open","ping_status":"closed","template":"","meta":{"_acf_changed":false,"content-type":"","_monsterinsights_skip_tracking":false,"_monsterinsights_sitenote_active":false,"_monsterinsights_sitenote_note":"","_monsterinsights_sitenote_category":0},"product_brand":[],"product_cat":[80,83],"product_tag":[],"class_list":{"0":"post-9247","1":"product","2":"type-product","3":"status-publish","4":"has-post-thumbnail","6":"product_cat-antfarms","7":"product_cat-antfarms-l","9":"first","10":"instock","11":"taxable","12":"shipping-taxable","13":"purchasable","14":"product-type-simple"},"acf":[],"aioseo_notices":[],"jetpack_sharing_enabled":true,"_links":{"self":[{"href":"https:\/\/antcube.shop\/es\/wp-json\/wp\/v2\/product\/9247","targetHints":{"allow":["GET"]}}],"collection":[{"href":"https:\/\/antcube.shop\/es\/wp-json\/wp\/v2\/product"}],"about":[{"href":"https:\/\/antcube.shop\/es\/wp-json\/wp\/v2\/types\/product"}],"replies":[{"embeddable":true,"href":"https:\/\/antcube.shop\/es\/wp-json\/wp\/v2\/comments?post=9247"}],"wp:featuredmedia":[{"embeddable":true,"href":"https:\/\/antcube.shop\/es\/wp-json\/wp\/v2\/media\/9683"}],"wp:attachment":[{"href":"https:\/\/antcube.shop\/es\/wp-json\/wp\/v2\/media?parent=9247"}],"wp:term":[{"taxonomy":"product_brand","embeddable":true,"href":"https:\/\/antcube.shop\/es\/wp-json\/wp\/v2\/product_brand?post=9247"},{"taxonomy":"product_cat","embeddable":true,"href":"https:\/\/antcube.shop\/es\/wp-json\/wp\/v2\/product_cat?post=9247"},{"taxonomy":"product_tag","embeddable":true,"href":"https:\/\/antcube.shop\/es\/wp-json\/wp\/v2\/product_tag?post=9247"}],"curies":[{"name":"wp","href":"https:\/\/api.w.org\/{rel}","templated":true}]}}