{"id":9245,"date":"2024-09-17T14:41:26","date_gmt":"2024-09-17T12:41:26","guid":{"rendered":"https:\/\/antcube.shop\/en\/product\/antcube-gipsnest-30x30-stehend\/"},"modified":"2026-01-12T12:39:49","modified_gmt":"2026-01-12T11:39:49","slug":"antcube-gipsnest-30x30-stehend","status":"publish","type":"product","link":"https:\/\/antcube.shop\/es\/producto\/antcube-gipsnest-30x30-stehend\/","title":{"rendered":"ANTCUBE - Nido de escayola 30\u00d730 - vertical"},"content":{"rendered":"<p><span data-text-color=\"alert\"><strong>Env\u00edo s\u00f3lo es posible a trav\u00e9s de GO! dentro de Alemania o por paleta dentro de Europa (no islas)<\/strong><\/span><\/p>\n<p><strong>Dimensiones:<\/strong> 282 x 239 x 45,5 mm<\/p>\n<p><strong>Material:<\/strong> escayola<\/p>\n<p>S\u00f3lo cabe en nuestras granjas de hormigas del tama\u00f1o <span style=\"font-size: 10.5pt; font-family: Arial; color: #ff0000; background-color: transparent; font-weight: bold; font-style: normal; font-variant: normal; text-decoration: none; vertical-align: baseline;\">XL<\/span><\/p>\n<p><strong>Descripci\u00f3n:<\/strong> Nuestro nido de yeso con pasadizos y c\u00e1maras prefabricados es adecuado para muchas especies de hormigas, especialmente para las especies que construyen sus nidos en suelos muy arenosos o pedregosos. Dispone de un orificio para acceder al nido. El yeso tiene la propiedad de absorber agua, por lo que se almacena cierta cantidad de humedad. No obstante, el nido de yeso no debe estar permanentemente h\u00famedo, ya que de lo contrario puede formarse moho (debido a los restos de comida o a los excrementos de las hormigas). Por lo tanto, si es posible, deber\u00edan guardarse aqu\u00ed especies de regiones m\u00e1s bien secas. Se tratar\u00eda, por ejemplo, de especies de regiones mediterr\u00e1neas o des\u00e9rticas.<\/p>","protected":false},"excerpt":{"rendered":"<p>Envio solo posible via GO! dentro de Alemania o via paleta dentro de europa (no islas) Dimensiones: 282 x 239 x 45,5 mm Material: yeso S\u00f3lo cabe en nuestros hormigueros del tama\u00f1o XL Descripci\u00f3n: Nuestro nido de yeso con pasadizos y c\u00e1maras prefabricadas es adecuado para muchas especies de hormigas, especialmente para las especies que construyen","protected":false},"featured_media":9679,"comment_status":"open","ping_status":"closed","template":"","meta":{"_acf_changed":false,"content-type":"","_monsterinsights_skip_tracking":false,"_monsterinsights_sitenote_active":false,"_monsterinsights_sitenote_note":"","_monsterinsights_sitenote_category":0},"product_brand":[],"product_cat":[87,90],"product_tag":[],"class_list":{"0":"post-9245","1":"product","2":"type-product","3":"status-publish","4":"has-post-thumbnail","6":"product_cat-nest-insets","7":"product_cat-gypsum","9":"first","10":"instock","11":"taxable","12":"shipping-taxable","13":"purchasable","14":"product-type-simple"},"acf":[],"aioseo_notices":[],"jetpack_sharing_enabled":true,"_links":{"self":[{"href":"https:\/\/antcube.shop\/es\/wp-json\/wp\/v2\/product\/9245","targetHints":{"allow":["GET"]}}],"collection":[{"href":"https:\/\/antcube.shop\/es\/wp-json\/wp\/v2\/product"}],"about":[{"href":"https:\/\/antcube.shop\/es\/wp-json\/wp\/v2\/types\/product"}],"replies":[{"embeddable":true,"href":"https:\/\/antcube.shop\/es\/wp-json\/wp\/v2\/comments?post=9245"}],"wp:featuredmedia":[{"embeddable":true,"href":"https:\/\/antcube.shop\/es\/wp-json\/wp\/v2\/media\/9679"}],"wp:attachment":[{"href":"https:\/\/antcube.shop\/es\/wp-json\/wp\/v2\/media?parent=9245"}],"wp:term":[{"taxonomy":"product_brand","embeddable":true,"href":"https:\/\/antcube.shop\/es\/wp-json\/wp\/v2\/product_brand?post=9245"},{"taxonomy":"product_cat","embeddable":true,"href":"https:\/\/antcube.shop\/es\/wp-json\/wp\/v2\/product_cat?post=9245"},{"taxonomy":"product_tag","embeddable":true,"href":"https:\/\/antcube.shop\/es\/wp-json\/wp\/v2\/product_tag?post=9245"}],"curies":[{"name":"wp","href":"https:\/\/api.w.org\/{rel}","templated":true}]}}