{"id":9242,"date":"2024-09-17T14:39:53","date_gmt":"2024-09-17T12:39:53","guid":{"rendered":"https:\/\/antcube.shop\/en\/product\/antcube-digfix-platte-30x30-xl\/"},"modified":"2026-03-29T14:39:22","modified_gmt":"2026-03-29T12:39:22","slug":"antcube-digfix-platte-30x30-xl","status":"publish","type":"product","link":"https:\/\/antcube.shop\/es\/producto\/antcube-digfix-platte-30x30-xl\/","title":{"rendered":"ANTCUBE - Placa Digfix 30\u00d730 - XL"},"content":{"rendered":"<p><span data-text-color=\"alert\"><strong>Env\u00edo s\u00f3lo es posible a trav\u00e9s de GO! dentro de Alemania o por paleta dentro de Europa (no islas)<\/strong><\/span><\/p>\n<p><strong>Dimensiones:<\/strong> 284x230x50 mm (tolerancia 282-285 mm)<\/p>\n<p><strong>Material:<\/strong> Digfix<\/p>\n<p><strong>Descripci\u00f3n:<\/strong> La placa Digfix de material excavable se adapta perfectamente a nuestras granjas de hormigas ANTCUBE. Puede utilizarse tanto en seco como en h\u00famedo. Tambi\u00e9n es adecuada para muchas especies de hormigas, especialmente para especies que anidan en arena y madera (muerta). Se puede utilizar en lugar de las mezclas de arena y arcilla o de los nidos de corcho. Una gran ventaja sobre los nidos de corcho es que Digfix no se enmohece ni siquiera cuando est\u00e1 h\u00famedo. Esto significa que las especies de hormigas con un alto requerimiento de humedad pueden ser f\u00e1cilmente abastecidas con suficiente agua. Digfix tambi\u00e9n tiene la ventaja de que las especies de hormigas excavadoras no ensucian los cristales de su nido cuando excavan, lo que permite una visi\u00f3n perfecta del nido.<\/p>\n<p><strong>Nota:<\/strong> El color natural puede variar entre verde\/marr\u00f3n gris\u00e1ceo y marr\u00f3n tierra. El tono de color no influye en la calidad.<br \/>\nDebido al proceso de fabricaci\u00f3n, las dimensiones pueden variar en +\/- 1 mm.<\/p>","protected":false},"excerpt":{"rendered":"<p>Tama\u00f1o: <span style=\"color: #ff0000;\"><strong>XL<\/strong><\/span><\/p>","protected":false},"featured_media":9672,"comment_status":"open","ping_status":"closed","template":"","meta":{"_acf_changed":false,"content-type":"","_monsterinsights_skip_tracking":false,"_monsterinsights_sitenote_active":false,"_monsterinsights_sitenote_note":"","_monsterinsights_sitenote_category":0},"product_brand":[],"product_cat":[87,88],"product_tag":[],"class_list":{"0":"post-9242","1":"product","2":"type-product","3":"status-publish","4":"has-post-thumbnail","6":"product_cat-nest-insets","7":"product_cat-digfix","9":"first","10":"instock","11":"taxable","12":"shipping-taxable","13":"purchasable","14":"product-type-simple"},"acf":[],"aioseo_notices":[],"jetpack_sharing_enabled":true,"_links":{"self":[{"href":"https:\/\/antcube.shop\/es\/wp-json\/wp\/v2\/product\/9242","targetHints":{"allow":["GET"]}}],"collection":[{"href":"https:\/\/antcube.shop\/es\/wp-json\/wp\/v2\/product"}],"about":[{"href":"https:\/\/antcube.shop\/es\/wp-json\/wp\/v2\/types\/product"}],"replies":[{"embeddable":true,"href":"https:\/\/antcube.shop\/es\/wp-json\/wp\/v2\/comments?post=9242"}],"wp:featuredmedia":[{"embeddable":true,"href":"https:\/\/antcube.shop\/es\/wp-json\/wp\/v2\/media\/9672"}],"wp:attachment":[{"href":"https:\/\/antcube.shop\/es\/wp-json\/wp\/v2\/media?parent=9242"}],"wp:term":[{"taxonomy":"product_brand","embeddable":true,"href":"https:\/\/antcube.shop\/es\/wp-json\/wp\/v2\/product_brand?post=9242"},{"taxonomy":"product_cat","embeddable":true,"href":"https:\/\/antcube.shop\/es\/wp-json\/wp\/v2\/product_cat?post=9242"},{"taxonomy":"product_tag","embeddable":true,"href":"https:\/\/antcube.shop\/es\/wp-json\/wp\/v2\/product_tag?post=9242"}],"curies":[{"name":"wp","href":"https:\/\/api.w.org\/{rel}","templated":true}]}}