{"id":9236,"date":"2024-09-17T14:31:58","date_gmt":"2024-09-17T12:31:58","guid":{"rendered":"https:\/\/antcube.shop\/en\/product\/ameisenarena-rahmen-20x10\/"},"modified":"2026-03-31T12:29:33","modified_gmt":"2026-03-31T10:29:33","slug":"marco-ant-arena-20x10","status":"publish","type":"product","link":"https:\/\/antcube.shop\/es\/producto\/marco-ant-arena-20x10\/","title":{"rendered":"Marco Ant arena 20\u00d710"},"content":{"rendered":"<p><strong>Dimensiones (LxAxA):<\/strong> 20x10x0,4 cm<\/p>\n<p><strong>Material:<\/strong> Vidrio flotado<\/p>\n<p><strong>Color:<\/strong> claro \/ transparente<\/p>\n<p><strong>Contenido:<\/strong><br \/>\n1x Marco para hormigueros<\/p>\n<p><strong>Descripci\u00f3n:<\/strong><br \/>\nMarco de cristal para un hormiguero como protecci\u00f3n de escape.<\/p>\n<p><strong>Aplicaci\u00f3n:<\/strong><br \/>\nUn marco para hormigueros es un marco de cristal que se coloca sobre un hormiguero y est\u00e1 provisto de una protecci\u00f3n antirrotura (aceite, polvo o barniz) por la parte inferior, para evitar que las hormigas se escapen.<\/p>\n<p><strong>Aviso:<\/strong><br \/>\nDado que el art\u00edculo es de vidrio y, por tanto, sensible, debe manipularse con mucho cuidado. El vidrio se corta seg\u00fan la norma DIN 1249 con una tolerancia de +\/- 1 mm. En el caso de especies de hormigas extremadamente peque\u00f1as, es imprescindible una protecci\u00f3n adicional contra la rotura.<\/p>","protected":false},"excerpt":{"rendered":"<p>Dimensiones (LxAxA): 60x30x0,4 cm Material: Vidrio flotado Color: claro \/ transparente Contenido: 1x Marco para hormiguero Descripci\u00f3n: Marco de cristal para un hormiguero como protecci\u00f3n de escape. Aplicaci\u00f3n: Un marco para hormigueros es un marco hecho de vidrio, que se coloca en un hormiguero y est\u00e1 provisto de una protecci\u00f3n antifugas (aceite, polvo","protected":false},"featured_media":9498,"comment_status":"open","ping_status":"closed","template":"","meta":{"_acf_changed":false,"content-type":"","_monsterinsights_skip_tracking":false,"_monsterinsights_sitenote_active":false,"_monsterinsights_sitenote_note":"","_monsterinsights_sitenote_category":0},"product_brand":[],"product_cat":[91,93],"product_tag":[],"class_list":{"0":"post-9236","1":"product","2":"type-product","3":"status-publish","4":"has-post-thumbnail","6":"product_cat-formicarium-modules","7":"product_cat-arena-frame","9":"first","10":"instock","11":"taxable","12":"shipping-taxable","13":"purchasable","14":"product-type-simple"},"acf":[],"aioseo_notices":[],"jetpack_sharing_enabled":true,"_links":{"self":[{"href":"https:\/\/antcube.shop\/es\/wp-json\/wp\/v2\/product\/9236","targetHints":{"allow":["GET"]}}],"collection":[{"href":"https:\/\/antcube.shop\/es\/wp-json\/wp\/v2\/product"}],"about":[{"href":"https:\/\/antcube.shop\/es\/wp-json\/wp\/v2\/types\/product"}],"replies":[{"embeddable":true,"href":"https:\/\/antcube.shop\/es\/wp-json\/wp\/v2\/comments?post=9236"}],"wp:featuredmedia":[{"embeddable":true,"href":"https:\/\/antcube.shop\/es\/wp-json\/wp\/v2\/media\/9498"}],"wp:attachment":[{"href":"https:\/\/antcube.shop\/es\/wp-json\/wp\/v2\/media?parent=9236"}],"wp:term":[{"taxonomy":"product_brand","embeddable":true,"href":"https:\/\/antcube.shop\/es\/wp-json\/wp\/v2\/product_brand?post=9236"},{"taxonomy":"product_cat","embeddable":true,"href":"https:\/\/antcube.shop\/es\/wp-json\/wp\/v2\/product_cat?post=9236"},{"taxonomy":"product_tag","embeddable":true,"href":"https:\/\/antcube.shop\/es\/wp-json\/wp\/v2\/product_tag?post=9236"}],"curies":[{"name":"wp","href":"https:\/\/api.w.org\/{rel}","templated":true}]}}