{"id":9235,"date":"2024-09-17T14:31:37","date_gmt":"2024-09-17T12:31:37","guid":{"rendered":"https:\/\/antcube.shop\/en\/product\/ameisenarena-abdeckung-20x10\/"},"modified":"2026-04-03T22:49:10","modified_gmt":"2026-04-03T20:49:10","slug":"cubierta-ant-arena-20x10","status":"publish","type":"product","link":"https:\/\/antcube.shop\/es\/producto\/cubierta-ant-arena-20x10\/","title":{"rendered":"Cubierta para hormigueros 20\u00d710"},"content":{"rendered":"<p><strong>Dimensiones (LxAxA):<\/strong> 20x10x0,4 cm<\/p>\n<p><strong>Material:<\/strong> vidrio flotado<\/p>\n<p><strong>Color:<\/strong> cristalino \/ transparente<\/p>\n<p><strong>Contenido:<\/strong><br \/>\n1x cubierta de arena para hormigas<br \/>\n1x puntos de fijaci\u00f3n \u00e0 4 pcs.<\/p>\n<p><strong>Descripci\u00f3n:<\/strong><br \/>\nCubierta de cristal para el hormiguero como protecci\u00f3n de escape<\/p>\n<p><strong>Aplicaci\u00f3n:<\/strong><br \/>\nLa cubierta de cristal para hormigueros se coloca sobre un hormiguero y tambi\u00e9n se utiliza para regular el clima.<br \/>\nEn las aberturas de 50 mm se pueden insertar diversos m\u00f3dulos para la climatizaci\u00f3n, por ejemplo, rejillas de ventilaci\u00f3n, iluminaci\u00f3n o humidificaci\u00f3n.<br \/>\nPara evitar que las hormigas se escapen por las aberturas, se debe aplicar una protecci\u00f3n contra el escape (aceite, polvo o barniz) en la parte inferior alrededor de los agujeros.<\/p>\n<p><strong>Nota:<\/strong><br \/>\nComo el art\u00edculo es de cristal y, por tanto, fr\u00e1gil, debe manipularse con sumo cuidado.<\/p>","protected":false},"excerpt":{"rendered":"<p>Dimensiones (LxAxA): 20x10x0,4 cm Material: vidrio flotado Color: cristalino \/ transparente Contenido: 1x cubierta de hormiguero 1x puntos de fijaci\u00f3n \u00e0 4 uds. Descripci\u00f3n: Cubierta de cristal para el hormiguero como protecci\u00f3n de escape Aplicaci\u00f3n: La cubierta de cristal para hormigueros se coloca en un hormiguero y tambi\u00e9n se utiliza para regular el clima. Diversas regulaciones clim\u00e1ticas","protected":false},"featured_media":9568,"comment_status":"open","ping_status":"closed","template":"","meta":{"_acf_changed":false,"content-type":"","_monsterinsights_skip_tracking":false,"_monsterinsights_sitenote_active":false,"_monsterinsights_sitenote_note":"","_monsterinsights_sitenote_category":0},"product_brand":[],"product_cat":[91,92],"product_tag":[],"class_list":{"0":"post-9235","1":"product","2":"type-product","3":"status-publish","4":"has-post-thumbnail","6":"product_cat-formicarium-modules","7":"product_cat-arena-cover","9":"first","10":"instock","11":"taxable","12":"shipping-taxable","13":"purchasable","14":"product-type-simple"},"acf":[],"aioseo_notices":[],"jetpack_sharing_enabled":true,"_links":{"self":[{"href":"https:\/\/antcube.shop\/es\/wp-json\/wp\/v2\/product\/9235","targetHints":{"allow":["GET"]}}],"collection":[{"href":"https:\/\/antcube.shop\/es\/wp-json\/wp\/v2\/product"}],"about":[{"href":"https:\/\/antcube.shop\/es\/wp-json\/wp\/v2\/types\/product"}],"replies":[{"embeddable":true,"href":"https:\/\/antcube.shop\/es\/wp-json\/wp\/v2\/comments?post=9235"}],"wp:featuredmedia":[{"embeddable":true,"href":"https:\/\/antcube.shop\/es\/wp-json\/wp\/v2\/media\/9568"}],"wp:attachment":[{"href":"https:\/\/antcube.shop\/es\/wp-json\/wp\/v2\/media?parent=9235"}],"wp:term":[{"taxonomy":"product_brand","embeddable":true,"href":"https:\/\/antcube.shop\/es\/wp-json\/wp\/v2\/product_brand?post=9235"},{"taxonomy":"product_cat","embeddable":true,"href":"https:\/\/antcube.shop\/es\/wp-json\/wp\/v2\/product_cat?post=9235"},{"taxonomy":"product_tag","embeddable":true,"href":"https:\/\/antcube.shop\/es\/wp-json\/wp\/v2\/product_tag?post=9235"}],"curies":[{"name":"wp","href":"https:\/\/api.w.org\/{rel}","templated":true}]}}