{"id":9233,"date":"2024-09-17T14:30:50","date_gmt":"2024-09-17T12:30:50","guid":{"rendered":"https:\/\/antcube.shop\/en\/product\/ameisenarena-lufter-set-50mm-mit-netzgerat\/"},"modified":"2026-04-02T18:12:07","modified_gmt":"2026-04-02T16:12:07","slug":"ameisenarena-lufter-set-50mm-mit-netzgerat","status":"publish","type":"product","link":"https:\/\/antcube.shop\/es\/producto\/ameisenarena-lufter-set-50mm-mit-netzgerat\/","title":{"rendered":"Ant Arena - ventilador de 50 mm con fuente de alimentaci\u00f3n"},"content":{"rendered":"<p><span data-text-color=\"alert\"><strong>\u00a1Env\u00edo s\u00f3lo posible en Alemania!<\/strong><\/span><\/p>\n<p><strong>Contenido:<\/strong><br \/>\n- Ventilador 42mm<br \/>\n- sobre rejilla 50mm - transparente<br \/>\n- Fuente de alimentaci\u00f3n<br \/>\n- Enchufe \/ conector<\/p>\n<p><strong>Especificaciones t\u00e9cnicas:<\/strong><br \/>\nSalida de la fuente de alimentaci\u00f3n: 2,5 A (12 W)<br \/>\nEntrada de tensi\u00f3n: 100V-240V<br \/>\nSalida de tensi\u00f3n: 5V<br \/>\nLongitud del cable: 10 cm (ventilador)<br \/>\nLongitud del cable: 90 cm (fuente de alimentaci\u00f3n)<br \/>\nVentilador 1 W<br \/>\nTemperatura -10 - +60 \u00b0C<br \/>\nVida \u00fatil 50 000 h<br \/>\nCaudal de aire 10 m\u00b3\/h (con rejilla acoplada, el caudal se reduce en funci\u00f3n del tama\u00f1o de la abertura)<\/p>\n<p><strong>Dimensiones:<\/strong> 5 x 5 x 1 cm (abanico)<\/p>\n<p><strong>Material:<\/strong> pl\u00e1stico<\/p>\n<p><strong>Color:<\/strong> transparente, transl\u00facido (ventilador); negro (fuente de alimentaci\u00f3n)<\/p>\n<p><strong>Descripci\u00f3n:<\/strong><br \/>\nLa ventilaci\u00f3n es especialmente importante para conseguir un clima lo m\u00e1s natural posible en un formicario y evitar la formaci\u00f3n de moho. El ventilador puede montarse utilizando las cuatro aberturas para tornillos o debe fijarse con silicona o un adhesivo para pl\u00e1sticos. El motor funciona de forma casi silenciosa y sin vibraciones.<\/p>\n<p><strong>Informaci\u00f3n medioambiental:<\/strong><br \/>\nPuede ser necesaria una eliminaci\u00f3n especial. P\u00f3ngase en contacto con las autoridades locales.<br \/>\nPara m\u00e1s informaci\u00f3n:<\/p>\n<blockquote class=\"wp-embedded-content\" data-secret=\"jOGF5OPQCF\"><p><a href=\"https:\/\/antcube.shop\/en\/electrical-devices-act\/\">Ley de aparatos el\u00e9ctricos<\/a><\/p><\/blockquote>\n<p><iframe loading=\"lazy\" class=\"wp-embedded-content\" sandbox=\"allow-scripts\" security=\"restricted\" style=\"position: absolute; visibility: hidden;\" title=\"&quot;Ley de aparatos el\u00e9ctricos&quot; - ANTCUBE\" src=\"https:\/\/antcube.shop\/en\/electrical-devices-act\/embed\/#?secret=NfRYQNwKWB#?secret=jOGF5OPQCF\" data-secret=\"jOGF5OPQCF\" width=\"600\" height=\"338\" frameborder=\"0\" marginwidth=\"0\" marginheight=\"0\" scrolling=\"no\"><\/iframe><\/p>","protected":false},"excerpt":{"rendered":"<p>Shipping only possible in Germany! Contents: &#8211; Fan 42mm &#8211; on grille insert 50mm &#8211; transparent &#8211; Power supply unit &#8211; Plug \/ connector Technical specifications: Power supply unit output: 2.5 A (12W) Voltage input: 100V-240V Voltage output: 5V Cable length: 10 cm (fan) Cable length: 90 cm (power supply unit) Power fan 1 W [&#8230;]","protected":false},"featured_media":9507,"comment_status":"open","ping_status":"closed","template":"","meta":{"_acf_changed":false,"content-type":"","_monsterinsights_skip_tracking":false,"_monsterinsights_sitenote_active":false,"_monsterinsights_sitenote_note":"","_monsterinsights_sitenote_category":0},"product_brand":[],"product_cat":[359,119],"product_tag":[],"class_list":{"0":"post-9233","1":"product","2":"type-product","3":"status-publish","4":"has-post-thumbnail","6":"product_cat-light-heat-humidity","7":"product_cat-formicarium-components","9":"first","10":"outofstock","11":"taxable","12":"shipping-taxable","13":"purchasable","14":"product-type-simple"},"acf":[],"aioseo_notices":[],"jetpack_sharing_enabled":true,"_links":{"self":[{"href":"https:\/\/antcube.shop\/es\/wp-json\/wp\/v2\/product\/9233","targetHints":{"allow":["GET"]}}],"collection":[{"href":"https:\/\/antcube.shop\/es\/wp-json\/wp\/v2\/product"}],"about":[{"href":"https:\/\/antcube.shop\/es\/wp-json\/wp\/v2\/types\/product"}],"replies":[{"embeddable":true,"href":"https:\/\/antcube.shop\/es\/wp-json\/wp\/v2\/comments?post=9233"}],"wp:featuredmedia":[{"embeddable":true,"href":"https:\/\/antcube.shop\/es\/wp-json\/wp\/v2\/media\/9507"}],"wp:attachment":[{"href":"https:\/\/antcube.shop\/es\/wp-json\/wp\/v2\/media?parent=9233"}],"wp:term":[{"taxonomy":"product_brand","embeddable":true,"href":"https:\/\/antcube.shop\/es\/wp-json\/wp\/v2\/product_brand?post=9233"},{"taxonomy":"product_cat","embeddable":true,"href":"https:\/\/antcube.shop\/es\/wp-json\/wp\/v2\/product_cat?post=9233"},{"taxonomy":"product_tag","embeddable":true,"href":"https:\/\/antcube.shop\/es\/wp-json\/wp\/v2\/product_tag?post=9233"}],"curies":[{"name":"wp","href":"https:\/\/api.w.org\/{rel}","templated":true}]}}