{"id":9232,"date":"2024-09-17T14:30:30","date_gmt":"2024-09-17T12:30:30","guid":{"rendered":"https:\/\/antcube.shop\/en\/product\/antcube-arena-30x30x60-hoch\/"},"modified":"2026-03-05T12:20:33","modified_gmt":"2026-03-05T11:20:33","slug":"antcube-arena-30x30x60-alto","status":"publish","type":"product","link":"https:\/\/antcube.shop\/es\/producto\/antcube-arena-30x30x60-alto\/","title":{"rendered":"ANTCUBO - Arena 30x30x60 - alto"},"content":{"rendered":"<p><span data-text-color=\"alert\"><strong>Env\u00edo s\u00f3lo es posible a trav\u00e9s de GO! dentro de Alemania o por paleta dentro de Europa (no islas)<\/strong><\/span><\/p>\n<p><strong>Tama\u00f1o:<\/strong> 300 x 300 x 600 mm; grosor 4 mm<\/p>\n<p><strong>Material:<\/strong> vidrio flotado<\/p>\n<p><strong>Conexi\u00f3n:<\/strong> 2x taladro 50 mm<\/p>\n<p><strong>Descripci\u00f3n:<\/strong><br \/>\nLavabo de cristal 30x30x60 cm con 2 taladros de 50 mm<br \/>\nLa perforaci\u00f3n (su centro) se coloca a 3 cm de altura.<\/p>\n<p><strong>Tenga en cuenta lo siguiente:<\/strong> El vidrio se corta seg\u00fan la norma DIN 1249 con una tolerancia de +\/;- 1mm. En el caso de especies de hormigas extremadamente peque\u00f1as, es imprescindible una protecci\u00f3n adicional contra el escape de hormigas.<\/p>","protected":false},"excerpt":{"rendered":"<p><strong>Conexi\u00f3n:<\/strong> 2 agujeros de 50 mm<\/p>\n<p><strong>Tama\u00f1o:<\/strong> S, M, L, XL<\/p>","protected":false},"featured_media":9514,"comment_status":"open","ping_status":"closed","template":"","meta":{"_acf_changed":false,"content-type":"","_monsterinsights_skip_tracking":false,"_monsterinsights_sitenote_active":false,"_monsterinsights_sitenote_note":"","_monsterinsights_sitenote_category":0},"product_brand":[],"product_cat":[85,86],"product_tag":[],"class_list":{"0":"post-9232","1":"product","2":"type-product","3":"status-publish","4":"has-post-thumbnail","6":"product_cat-ant-arenas","7":"product_cat-formicariums","8":"product_shipping_class-fragile","10":"first","11":"outofstock","12":"taxable","13":"shipping-taxable","14":"purchasable","15":"product-type-simple"},"acf":[],"aioseo_notices":[],"jetpack_sharing_enabled":true,"_links":{"self":[{"href":"https:\/\/antcube.shop\/es\/wp-json\/wp\/v2\/product\/9232","targetHints":{"allow":["GET"]}}],"collection":[{"href":"https:\/\/antcube.shop\/es\/wp-json\/wp\/v2\/product"}],"about":[{"href":"https:\/\/antcube.shop\/es\/wp-json\/wp\/v2\/types\/product"}],"replies":[{"embeddable":true,"href":"https:\/\/antcube.shop\/es\/wp-json\/wp\/v2\/comments?post=9232"}],"wp:featuredmedia":[{"embeddable":true,"href":"https:\/\/antcube.shop\/es\/wp-json\/wp\/v2\/media\/9514"}],"wp:attachment":[{"href":"https:\/\/antcube.shop\/es\/wp-json\/wp\/v2\/media?parent=9232"}],"wp:term":[{"taxonomy":"product_brand","embeddable":true,"href":"https:\/\/antcube.shop\/es\/wp-json\/wp\/v2\/product_brand?post=9232"},{"taxonomy":"product_cat","embeddable":true,"href":"https:\/\/antcube.shop\/es\/wp-json\/wp\/v2\/product_cat?post=9232"},{"taxonomy":"product_tag","embeddable":true,"href":"https:\/\/antcube.shop\/es\/wp-json\/wp\/v2\/product_tag?post=9232"}],"curies":[{"name":"wp","href":"https:\/\/api.w.org\/{rel}","templated":true}]}}