{"id":9221,"date":"2024-09-17T14:26:05","date_gmt":"2024-09-17T12:26:05","guid":{"rendered":"https:\/\/antcube.shop\/en\/product\/antcube-ameisenfarm-xl-30x30-stehend\/"},"modified":"2026-03-29T14:39:20","modified_gmt":"2026-03-29T12:39:20","slug":"antcube-hormiguero-xl-30x30-vertical","status":"publish","type":"product","link":"https:\/\/antcube.shop\/es\/producto\/antcube-hormiguero-xl-30x30-vertical\/","title":{"rendered":"ANTCUBE - Hormiguero - XL - 30\u00d730 - vertical"},"content":{"rendered":"<p><strong>Dimensiones (LxAxA):<\/strong><br \/>\nexterior: 290x58x299 mm<br \/>\ninterior: 284x50x290 mm<\/p>\n<p><strong>Material:<\/strong><br \/>\nVidrio flotante, pl\u00e1stico<\/p>\n<p><strong>color:<\/strong><br \/>\nclaro como el agua<\/p>\n<p><strong>Contenido:<\/strong><br \/>\n1x ANTCUBE hormiguero - distancia entre placas de 52 mm<br \/>\n1x cubierta antihormigas XL 30\u00d76<br \/>\n2x tapones 4mm<\/p>\n<p><strong>Conexi\u00f3n:<\/strong><br \/>\nHay un orificio de 27 mm a ambos lados para que esta granja se pueda conectar a una manguera de 28 mm o a nuestro \"conector de dep\u00f3sito con manguera para orificios de 27 mm\".<br \/>\n2 agujeros de 4 mm con tapones de 4 mm.<\/p>\n<p><strong>Descripci\u00f3n:<\/strong><br \/>\nEste hormiguero totalmente transparente es adecuado para especies de hormigas de tama\u00f1o L.<\/p>\n<p><strong>Notas sobre la producci\u00f3n<\/strong><br \/>\nEl vidrio se corta seg\u00fan la norma DIN 1249 con una tolerancia de +\/;- 1mm. En el caso de especies de hormigas extremadamente peque\u00f1as, es imprescindible una protecci\u00f3n adicional contra el escape de hormigas.<\/p>\n<p><strong>Nota sobre la granja<\/strong><br \/>\nTenga en cuenta lo siguiente al fijar los tubos:<br \/>\nSi resulta muy dif\u00edcil encajar el tubo en la toma de conexi\u00f3n, se debe frotar ligeramente la toma con una gota de nuestro aceite o polvo protector contra roturas. A continuaci\u00f3n, el tubo debe introducirse en la toma con movimientos de torsi\u00f3n o enroscado sin forzar la toma con movimientos hacia arriba y hacia abajo.<\/p>","protected":false},"excerpt":{"rendered":"<p><strong>Conexi\u00f3n<\/strong>Calibre: 27 mm<br \/>\n<strong>Tama\u00f1o<\/strong>: <span style=\"font-size: small;\"><span style=\"font-family: Arial;\"><strong>XL<\/strong><\/span><\/span><\/p>","protected":false},"featured_media":9540,"comment_status":"open","ping_status":"closed","template":"","meta":{"_acf_changed":false,"content-type":"","_monsterinsights_skip_tracking":false,"_monsterinsights_sitenote_active":false,"_monsterinsights_sitenote_note":"","_monsterinsights_sitenote_category":0},"product_brand":[],"product_cat":[80,84],"product_tag":[],"class_list":{"0":"post-9221","1":"product","2":"type-product","3":"status-publish","4":"has-post-thumbnail","6":"product_cat-antfarms","7":"product_cat-antfarms-xl","9":"first","10":"instock","11":"taxable","12":"shipping-taxable","13":"purchasable","14":"product-type-simple"},"acf":[],"aioseo_notices":[],"jetpack_sharing_enabled":true,"_links":{"self":[{"href":"https:\/\/antcube.shop\/es\/wp-json\/wp\/v2\/product\/9221","targetHints":{"allow":["GET"]}}],"collection":[{"href":"https:\/\/antcube.shop\/es\/wp-json\/wp\/v2\/product"}],"about":[{"href":"https:\/\/antcube.shop\/es\/wp-json\/wp\/v2\/types\/product"}],"replies":[{"embeddable":true,"href":"https:\/\/antcube.shop\/es\/wp-json\/wp\/v2\/comments?post=9221"}],"wp:featuredmedia":[{"embeddable":true,"href":"https:\/\/antcube.shop\/es\/wp-json\/wp\/v2\/media\/9540"}],"wp:attachment":[{"href":"https:\/\/antcube.shop\/es\/wp-json\/wp\/v2\/media?parent=9221"}],"wp:term":[{"taxonomy":"product_brand","embeddable":true,"href":"https:\/\/antcube.shop\/es\/wp-json\/wp\/v2\/product_brand?post=9221"},{"taxonomy":"product_cat","embeddable":true,"href":"https:\/\/antcube.shop\/es\/wp-json\/wp\/v2\/product_cat?post=9221"},{"taxonomy":"product_tag","embeddable":true,"href":"https:\/\/antcube.shop\/es\/wp-json\/wp\/v2\/product_tag?post=9221"}],"curies":[{"name":"wp","href":"https:\/\/api.w.org\/{rel}","templated":true}]}}