{"id":9216,"date":"2024-09-17T14:24:00","date_gmt":"2024-09-17T12:24:00","guid":{"rendered":"https:\/\/antcube.shop\/en\/product\/antcube-ameisenfarm-l-20x10-stehend\/"},"modified":"2026-04-02T09:54:34","modified_gmt":"2026-04-02T07:54:34","slug":"antcube-hormiguero-l-20x10-de-pie","status":"publish","type":"product","link":"https:\/\/antcube.shop\/es\/producto\/antcube-hormiguero-l-20x10-de-pie\/","title":{"rendered":"ANTCUBE - Hormiguero - L - 20\u00d710 - de pie"},"content":{"rendered":"<p><strong>Dimensiones (LxAxA):<\/strong><br \/>\nexterior: 234x58x99 mm<br \/>\ninterior: 184x20x90 mm<\/p>\n<p><strong>Material:<\/strong><br \/>\nVidrio flotante, pl\u00e1stico<\/p>\n<p><strong>color:<\/strong><br \/>\nclaro como el agua<\/p>\n<p><strong>Contenido:<\/strong><br \/>\n1x ANTCUBE hormiguero - 20mm de distancia entre placas<br \/>\n1x cubierta de la granja de hormigas L 20\u00d73<br \/>\n2x tapones 4mm<\/p>\n<p><strong>Conexi\u00f3n:<\/strong><br \/>\n2x 14\/16\/18\/20 x 20mm z\u00f3calo<br \/>\n2 agujeros de 4 mm con tapones de 4 mm<\/p>\n<p>La manguera 14\/10 se inserta firmemente en la toma de 14 mm<br \/>\nLa manguera 20\/16 est\u00e1 firmemente sujeta al primer escal\u00f3n de 16 mm<br \/>\nLa manguera 22\/18 est\u00e1 firmemente sujeta al segundo escal\u00f3n de 20 mm<br \/>\nLa manguera 24\/20 se encaja sin apretar en el segundo escal\u00f3n de 20 mm.<\/p>\n<p><strong>Descripci\u00f3n:<\/strong><br \/>\nEste hormiguero totalmente transparente es adecuado para especies de hormigas de tama\u00f1o M.<\/p>\n<p><strong>Notas sobre la producci\u00f3n<\/strong><br \/>\nEl vidrio se corta seg\u00fan la norma DIN 1249 con una tolerancia de +\/;- 1mm. En el caso de especies de hormigas extremadamente peque\u00f1as, es imprescindible una protecci\u00f3n adicional contra el escape de hormigas.<\/p>\n<p><strong>Nota sobre la granja<\/strong><br \/>\nAl colocar o retirar las mangueras, tenga en cuenta lo siguiente:<br \/>\nSi resulta muy dif\u00edcil encajar el tubo en la toma de conexi\u00f3n, se debe frotar ligeramente la toma con una gota de nuestro aceite o polvo antiexplosiones. A continuaci\u00f3n, la manguera debe introducirse en la toma con movimientos de torsi\u00f3n o enroscado sin forzar la toma con movimientos hacia arriba y hacia abajo. Lo mismo se aplica al retirar las mangueras de la toma de conexi\u00f3n de la granja. No tire sin m\u00e1s.<\/p>","protected":false},"excerpt":{"rendered":"<p><strong>Conexi\u00f3n:<\/strong> Enchufe 2\u00d714\/16\/18\/20 mm + tapa Distancia entre placas: Interior 20 mm \/ exterior 28 mm<\/p>\n<p><strong>Tama\u00f1o:<\/strong> L<\/p>","protected":false},"featured_media":9550,"comment_status":"open","ping_status":"closed","template":"","meta":{"_acf_changed":false,"content-type":"","_monsterinsights_skip_tracking":false,"_monsterinsights_sitenote_active":false,"_monsterinsights_sitenote_note":"","_monsterinsights_sitenote_category":0},"product_brand":[],"product_cat":[80,83],"product_tag":[],"class_list":{"0":"post-9216","1":"product","2":"type-product","3":"status-publish","4":"has-post-thumbnail","6":"product_cat-antfarms","7":"product_cat-antfarms-l","9":"first","10":"instock","11":"taxable","12":"shipping-taxable","13":"purchasable","14":"product-type-simple"},"acf":[],"aioseo_notices":[],"jetpack_sharing_enabled":true,"_links":{"self":[{"href":"https:\/\/antcube.shop\/es\/wp-json\/wp\/v2\/product\/9216","targetHints":{"allow":["GET"]}}],"collection":[{"href":"https:\/\/antcube.shop\/es\/wp-json\/wp\/v2\/product"}],"about":[{"href":"https:\/\/antcube.shop\/es\/wp-json\/wp\/v2\/types\/product"}],"replies":[{"embeddable":true,"href":"https:\/\/antcube.shop\/es\/wp-json\/wp\/v2\/comments?post=9216"}],"wp:featuredmedia":[{"embeddable":true,"href":"https:\/\/antcube.shop\/es\/wp-json\/wp\/v2\/media\/9550"}],"wp:attachment":[{"href":"https:\/\/antcube.shop\/es\/wp-json\/wp\/v2\/media?parent=9216"}],"wp:term":[{"taxonomy":"product_brand","embeddable":true,"href":"https:\/\/antcube.shop\/es\/wp-json\/wp\/v2\/product_brand?post=9216"},{"taxonomy":"product_cat","embeddable":true,"href":"https:\/\/antcube.shop\/es\/wp-json\/wp\/v2\/product_cat?post=9216"},{"taxonomy":"product_tag","embeddable":true,"href":"https:\/\/antcube.shop\/es\/wp-json\/wp\/v2\/product_tag?post=9216"}],"curies":[{"name":"wp","href":"https:\/\/api.w.org\/{rel}","templated":true}]}}