{"id":9215,"date":"2024-09-17T14:23:32","date_gmt":"2024-09-17T12:23:32","guid":{"rendered":"https:\/\/antcube.shop\/en\/product\/rote-abdeckplatte-30x30-liegend\/"},"modified":"2026-03-19T18:11:45","modified_gmt":"2026-03-19T17:11:45","slug":"tapa-roja-30x30-horizontal","status":"publish","type":"product","link":"https:\/\/antcube.shop\/es\/producto\/tapa-roja-30x30-horizontal\/","title":{"rendered":"Placa de cubierta roja 30\u00d730 - horizontal"},"content":{"rendered":"<p><strong>Dimensiones:<\/strong> 280 x 280 mm,<br \/>\nGrosor: 3 mm<br \/>\nDimensi\u00f3n exterior del anillo con orificio de 56 mm - Dimensi\u00f3n interior del orificio de 33 mm<\/p>\n<p><strong>Material:<\/strong> PMMA<\/p>\n<p><strong>Color:<\/strong> rojo oscuro, transparente<\/p>\n<p><strong>Contenido:<\/strong> 1 ud.<\/p>\n<p><strong>Descripci\u00f3n:<\/strong> La placa de cubierta roja transparente - horizontal, se utiliza para dar a las hormigas una sensaci\u00f3n de estar bajo tierra. Por ello, recomendamos utilizar este producto al menos parcialmente en la zona del nido. Incluso se pueden ver las hormigas del nido a trav\u00e9s de la cubierta.<\/p>\n<p>Esta placa de cubierta se adapta perfectamente a nuestro \"ANTCUBE - nido de yeso 30\u00d730 - horizontal\".<\/p>","protected":false},"excerpt":{"rendered":"<p>Dimensiones: 180 x 180 mm, Grosor: 3 mm Dimensi\u00f3n exterior del anillo de agujeros de 56 mm - Dimensi\u00f3n interior del agujero de 33 mm Material: PMMA Color: rojo oscuro, transparente Contenido: 1 ud. Descripci\u00f3n: La placa de cubierta roja transparente - horizontal, se utiliza para dar a las hormigas una sensaci\u00f3n subterr\u00e1nea. Por lo tanto, recomendamos el uso de este producto al menos parcialmente en el","protected":false},"featured_media":9552,"comment_status":"open","ping_status":"closed","template":"","meta":{"_acf_changed":false,"content-type":"","_monsterinsights_skip_tracking":false,"_monsterinsights_sitenote_active":false,"_monsterinsights_sitenote_note":"","_monsterinsights_sitenote_category":0},"product_brand":[],"product_cat":[119,239],"product_tag":[],"class_list":{"0":"post-9215","1":"product","2":"type-product","3":"status-publish","4":"has-post-thumbnail","6":"product_cat-formicarium-components","7":"product_cat-useful-additions","9":"first","10":"instock","11":"taxable","12":"shipping-taxable","13":"purchasable","14":"product-type-simple"},"acf":[],"aioseo_notices":[],"jetpack_sharing_enabled":true,"_links":{"self":[{"href":"https:\/\/antcube.shop\/es\/wp-json\/wp\/v2\/product\/9215","targetHints":{"allow":["GET"]}}],"collection":[{"href":"https:\/\/antcube.shop\/es\/wp-json\/wp\/v2\/product"}],"about":[{"href":"https:\/\/antcube.shop\/es\/wp-json\/wp\/v2\/types\/product"}],"replies":[{"embeddable":true,"href":"https:\/\/antcube.shop\/es\/wp-json\/wp\/v2\/comments?post=9215"}],"wp:featuredmedia":[{"embeddable":true,"href":"https:\/\/antcube.shop\/es\/wp-json\/wp\/v2\/media\/9552"}],"wp:attachment":[{"href":"https:\/\/antcube.shop\/es\/wp-json\/wp\/v2\/media?parent=9215"}],"wp:term":[{"taxonomy":"product_brand","embeddable":true,"href":"https:\/\/antcube.shop\/es\/wp-json\/wp\/v2\/product_brand?post=9215"},{"taxonomy":"product_cat","embeddable":true,"href":"https:\/\/antcube.shop\/es\/wp-json\/wp\/v2\/product_cat?post=9215"},{"taxonomy":"product_tag","embeddable":true,"href":"https:\/\/antcube.shop\/es\/wp-json\/wp\/v2\/product_tag?post=9215"}],"curies":[{"name":"wp","href":"https:\/\/api.w.org\/{rel}","templated":true}]}}