{"id":9212,"date":"2024-09-17T14:21:53","date_gmt":"2024-09-17T12:21:53","guid":{"rendered":"https:\/\/antcube.shop\/en\/product\/agave-10cm\/"},"modified":"2026-03-11T13:48:49","modified_gmt":"2026-03-11T12:48:49","slug":"agave-10cm","status":"publish","type":"product","link":"https:\/\/antcube.shop\/es\/producto\/agave-10cm\/","title":{"rendered":"Agave - 10cm"},"content":{"rendered":"<p><strong>Dimensiones:<\/strong> 104 x 97 x 103 mm<\/p>\n<p><strong>Material:<\/strong> hormig\u00f3n pol\u00edmero, arcilla, pl\u00e1stico<\/p>\n<p><strong>Color:<\/strong><br \/>\nBase: gris-marr\u00f3n<br \/>\nPlanta: verde oscuro-verde claro con borde gris<\/p>\n<p><strong>Contenido:<\/strong> 1 pieza<\/p>\n<p><strong>Descripci\u00f3n:<\/strong> El peque\u00f1o agave est\u00e1 hecho de pl\u00e1stico resistente y tiene una base de resina sint\u00e9tica con aspecto de piedra. Esto lo hace extremadamente duradero y no puede ser da\u00f1ado por las hormigas.<br \/>\nSin embargo, su aspecto es muy natural y atractivo y puede integrarse f\u00e1cilmente en un formicario.<\/p>\n<p><strong>Nota:<\/strong> Limpiar con agua corriente antes de usar.<\/p>","protected":false},"excerpt":{"rendered":"<p>Dimensiones: 104 x 97 x 103 mm Material: hormig\u00f3n pol\u00edmero, arcilla, pl\u00e1stico Color: Base: gris-marr\u00f3n Planta: verde oscuro-verde claro con borde gris Contenido: 1 pieza Descripci\u00f3n: El peque\u00f1o agave est\u00e1 hecho de pl\u00e1stico robusto y tiene una base de resina sint\u00e9tica con aspecto de piedra. Esto lo hace extremadamente duradero y no puede ser da\u00f1ado por las hormigas.","protected":false},"featured_media":9659,"comment_status":"open","ping_status":"closed","template":"","meta":{"_acf_changed":false,"content-type":"","_monsterinsights_skip_tracking":false,"_monsterinsights_sitenote_active":false,"_monsterinsights_sitenote_note":"","_monsterinsights_sitenote_category":0},"product_brand":[],"product_cat":[98,99],"product_tag":[],"class_list":{"0":"post-9212","1":"product","2":"type-product","3":"status-publish","4":"has-post-thumbnail","6":"product_cat-decoration","7":"product_cat-desert","9":"first","10":"instock","11":"taxable","12":"shipping-taxable","13":"purchasable","14":"product-type-simple"},"acf":[],"aioseo_notices":[],"jetpack_sharing_enabled":true,"_links":{"self":[{"href":"https:\/\/antcube.shop\/es\/wp-json\/wp\/v2\/product\/9212","targetHints":{"allow":["GET"]}}],"collection":[{"href":"https:\/\/antcube.shop\/es\/wp-json\/wp\/v2\/product"}],"about":[{"href":"https:\/\/antcube.shop\/es\/wp-json\/wp\/v2\/types\/product"}],"replies":[{"embeddable":true,"href":"https:\/\/antcube.shop\/es\/wp-json\/wp\/v2\/comments?post=9212"}],"wp:featuredmedia":[{"embeddable":true,"href":"https:\/\/antcube.shop\/es\/wp-json\/wp\/v2\/media\/9659"}],"wp:attachment":[{"href":"https:\/\/antcube.shop\/es\/wp-json\/wp\/v2\/media?parent=9212"}],"wp:term":[{"taxonomy":"product_brand","embeddable":true,"href":"https:\/\/antcube.shop\/es\/wp-json\/wp\/v2\/product_brand?post=9212"},{"taxonomy":"product_cat","embeddable":true,"href":"https:\/\/antcube.shop\/es\/wp-json\/wp\/v2\/product_cat?post=9212"},{"taxonomy":"product_tag","embeddable":true,"href":"https:\/\/antcube.shop\/es\/wp-json\/wp\/v2\/product_tag?post=9212"}],"curies":[{"name":"wp","href":"https:\/\/api.w.org\/{rel}","templated":true}]}}