{"id":9211,"date":"2024-09-17T14:21:24","date_gmt":"2024-09-17T12:21:24","guid":{"rendered":"https:\/\/antcube.shop\/en\/product\/kaktus-7cm\/"},"modified":"2026-04-07T14:11:12","modified_gmt":"2026-04-07T12:11:12","slug":"cactus-7cm","status":"publish","type":"product","link":"https:\/\/antcube.shop\/es\/producto\/cactus-7cm\/","title":{"rendered":"Cactus - 7cm"},"content":{"rendered":"<p><strong>Dimensiones:<\/strong> 7 x 6 x 5 cm<\/p>\n<p><strong>Material:<\/strong> hormig\u00f3n pol\u00edmero, arcilla<\/p>\n<p><strong>Color:<\/strong><br \/>\nBase: marr\u00f3n<br \/>\nCactus: verde<\/p>\n<p><strong>Contenido:<\/strong> 1 ud.<\/p>\n<p><strong>Descripci\u00f3n:<\/strong> Adem\u00e1s de su aspecto natural y su resistencia a los rayos UV, este cactus de hormig\u00f3n pol\u00edmero ofrece una gran estabilidad dimensional, lo que lo hace extremadamente duradero y resistente a los da\u00f1os causados por las hormigas.<\/p>\n<p><strong>Nota:<\/strong> Limpiar con agua corriente antes de usar.<\/p>","protected":false},"excerpt":{"rendered":"<p>Dimensiones: 5,5 x 7,0 x 6,0 cm<\/p>","protected":false},"featured_media":9655,"comment_status":"open","ping_status":"closed","template":"","meta":{"_acf_changed":false,"content-type":"","_monsterinsights_skip_tracking":false,"_monsterinsights_sitenote_active":false,"_monsterinsights_sitenote_note":"","_monsterinsights_sitenote_category":0},"product_brand":[],"product_cat":[98,99],"product_tag":[],"class_list":{"0":"post-9211","1":"product","2":"type-product","3":"status-publish","4":"has-post-thumbnail","6":"product_cat-decoration","7":"product_cat-desert","9":"first","10":"instock","11":"taxable","12":"shipping-taxable","13":"purchasable","14":"product-type-simple"},"acf":[],"aioseo_notices":[],"jetpack_sharing_enabled":true,"_links":{"self":[{"href":"https:\/\/antcube.shop\/es\/wp-json\/wp\/v2\/product\/9211","targetHints":{"allow":["GET"]}}],"collection":[{"href":"https:\/\/antcube.shop\/es\/wp-json\/wp\/v2\/product"}],"about":[{"href":"https:\/\/antcube.shop\/es\/wp-json\/wp\/v2\/types\/product"}],"replies":[{"embeddable":true,"href":"https:\/\/antcube.shop\/es\/wp-json\/wp\/v2\/comments?post=9211"}],"wp:featuredmedia":[{"embeddable":true,"href":"https:\/\/antcube.shop\/es\/wp-json\/wp\/v2\/media\/9655"}],"wp:attachment":[{"href":"https:\/\/antcube.shop\/es\/wp-json\/wp\/v2\/media?parent=9211"}],"wp:term":[{"taxonomy":"product_brand","embeddable":true,"href":"https:\/\/antcube.shop\/es\/wp-json\/wp\/v2\/product_brand?post=9211"},{"taxonomy":"product_cat","embeddable":true,"href":"https:\/\/antcube.shop\/es\/wp-json\/wp\/v2\/product_cat?post=9211"},{"taxonomy":"product_tag","embeddable":true,"href":"https:\/\/antcube.shop\/es\/wp-json\/wp\/v2\/product_tag?post=9211"}],"curies":[{"name":"wp","href":"https:\/\/api.w.org\/{rel}","templated":true}]}}