{"id":9210,"date":"2024-09-17T14:20:54","date_gmt":"2024-09-17T12:20:54","guid":{"rendered":"https:\/\/antcube.shop\/en\/product\/cognakpflanze\/"},"modified":"2026-04-09T09:31:27","modified_gmt":"2026-04-09T07:31:27","slug":"planta-de-conac","status":"publish","type":"product","link":"https:\/\/antcube.shop\/es\/producto\/planta-de-conac\/","title":{"rendered":"Planta de co\u00f1ac"},"content":{"rendered":"<p><strong>Dimensiones:<\/strong> aprox. 90 x 70 x 100 mm<\/p>\n<p><strong>Material:<\/strong> hormig\u00f3n pol\u00edmero, arcilla, pl\u00e1stico<\/p>\n<p><strong>Color:<\/strong><br \/>\nBase: verde, gris claro-gris oscuro<br \/>\nPlanta: rojo-verde, flores anaranjadas<\/p>\n<p><strong>Contenido:<\/strong> 1 ud.<\/p>\n<p><strong>Descripci\u00f3n:<\/strong> Estas plantas son de pl\u00e1stico resistente y tienen una base de resina sint\u00e9tica con aspecto de piedra. Esto las hace extremadamente robustas y no pueden ser da\u00f1adas por las hormigas. No obstante, tienen un aspecto muy natural y atractivo y pueden integrarse f\u00e1cilmente en un formicario.<\/p>\n<p><strong>Nota:<\/strong> Limpiar con agua corriente antes de usar.<\/p>","protected":false},"excerpt":{"rendered":"<p>Dimensiones: aprox. 9 x 7 x 10 cm<\/p>","protected":false},"featured_media":9653,"comment_status":"open","ping_status":"closed","template":"","meta":{"_acf_changed":false,"content-type":"","_monsterinsights_skip_tracking":false,"_monsterinsights_sitenote_active":false,"_monsterinsights_sitenote_note":"","_monsterinsights_sitenote_category":0},"product_brand":[],"product_cat":[98,100],"product_tag":[],"class_list":{"0":"post-9210","1":"product","2":"type-product","3":"status-publish","4":"has-post-thumbnail","6":"product_cat-decoration","7":"product_cat-rainforest","9":"first","10":"instock","11":"taxable","12":"shipping-taxable","13":"purchasable","14":"product-type-simple"},"acf":[],"aioseo_notices":[],"jetpack_sharing_enabled":true,"_links":{"self":[{"href":"https:\/\/antcube.shop\/es\/wp-json\/wp\/v2\/product\/9210","targetHints":{"allow":["GET"]}}],"collection":[{"href":"https:\/\/antcube.shop\/es\/wp-json\/wp\/v2\/product"}],"about":[{"href":"https:\/\/antcube.shop\/es\/wp-json\/wp\/v2\/types\/product"}],"replies":[{"embeddable":true,"href":"https:\/\/antcube.shop\/es\/wp-json\/wp\/v2\/comments?post=9210"}],"wp:featuredmedia":[{"embeddable":true,"href":"https:\/\/antcube.shop\/es\/wp-json\/wp\/v2\/media\/9653"}],"wp:attachment":[{"href":"https:\/\/antcube.shop\/es\/wp-json\/wp\/v2\/media?parent=9210"}],"wp:term":[{"taxonomy":"product_brand","embeddable":true,"href":"https:\/\/antcube.shop\/es\/wp-json\/wp\/v2\/product_brand?post=9210"},{"taxonomy":"product_cat","embeddable":true,"href":"https:\/\/antcube.shop\/es\/wp-json\/wp\/v2\/product_cat?post=9210"},{"taxonomy":"product_tag","embeddable":true,"href":"https:\/\/antcube.shop\/es\/wp-json\/wp\/v2\/product_tag?post=9210"}],"curies":[{"name":"wp","href":"https:\/\/api.w.org\/{rel}","templated":true}]}}