{"id":9208,"date":"2024-09-17T14:19:38","date_gmt":"2024-09-17T12:19:38","guid":{"rendered":"https:\/\/antcube.shop\/en\/product\/kleines-fettblatt\/"},"modified":"2026-04-13T09:34:47","modified_gmt":"2026-04-13T07:34:47","slug":"kleines-fettblatt","status":"publish","type":"product","link":"https:\/\/antcube.shop\/es\/producto\/kleines-fettblatt\/","title":{"rendered":"Peque\u00f1a mariposa"},"content":{"rendered":"<p><strong>Dimensiones:<\/strong> aprox. 70 x 40 x 100 mm<\/p>\n<p><strong>Material:<\/strong> hormig\u00f3n pol\u00edmero, arcilla, pl\u00e1stico<\/p>\n<p><strong>Color:<\/strong><br \/>\nBase: verde, gris claro-gris oscuro<br \/>\nPlanta: verde oscuro<\/p>\n<p><strong>Contenido:<\/strong> 1 ud.<\/p>\n<p><strong>Descripci\u00f3n:<\/strong> La peque\u00f1a flor de mariposa est\u00e1 hecha de pl\u00e1stico resistente y tiene una base de resina sint\u00e9tica con aspecto de piedra. Esto la hace extremadamente duradera y no puede ser da\u00f1ada por las hormigas. No obstante, su aspecto es muy natural y atractivo y puede integrarse f\u00e1cilmente en un formicario.<\/p>\n<p><strong>Nota:<\/strong> Limpiar con agua corriente antes de usar.<\/p>","protected":false},"excerpt":{"rendered":"<p>Dimensiones: aprox. 7 x 4 x 10 cm<\/p>","protected":false},"featured_media":9360,"comment_status":"open","ping_status":"closed","template":"","meta":{"_acf_changed":false,"content-type":"","_monsterinsights_skip_tracking":false,"_monsterinsights_sitenote_active":false,"_monsterinsights_sitenote_note":"","_monsterinsights_sitenote_category":0},"product_brand":[],"product_cat":[98,102,100],"product_tag":[],"class_list":{"0":"post-9208","1":"product","2":"type-product","3":"status-publish","4":"has-post-thumbnail","6":"product_cat-decoration","7":"product_cat-meadow","8":"product_cat-rainforest","10":"first","11":"outofstock","12":"taxable","13":"shipping-taxable","14":"purchasable","15":"product-type-simple"},"acf":[],"aioseo_notices":[],"jetpack_sharing_enabled":true,"_links":{"self":[{"href":"https:\/\/antcube.shop\/es\/wp-json\/wp\/v2\/product\/9208","targetHints":{"allow":["GET"]}}],"collection":[{"href":"https:\/\/antcube.shop\/es\/wp-json\/wp\/v2\/product"}],"about":[{"href":"https:\/\/antcube.shop\/es\/wp-json\/wp\/v2\/types\/product"}],"replies":[{"embeddable":true,"href":"https:\/\/antcube.shop\/es\/wp-json\/wp\/v2\/comments?post=9208"}],"wp:featuredmedia":[{"embeddable":true,"href":"https:\/\/antcube.shop\/es\/wp-json\/wp\/v2\/media\/9360"}],"wp:attachment":[{"href":"https:\/\/antcube.shop\/es\/wp-json\/wp\/v2\/media?parent=9208"}],"wp:term":[{"taxonomy":"product_brand","embeddable":true,"href":"https:\/\/antcube.shop\/es\/wp-json\/wp\/v2\/product_brand?post=9208"},{"taxonomy":"product_cat","embeddable":true,"href":"https:\/\/antcube.shop\/es\/wp-json\/wp\/v2\/product_cat?post=9208"},{"taxonomy":"product_tag","embeddable":true,"href":"https:\/\/antcube.shop\/es\/wp-json\/wp\/v2\/product_tag?post=9208"}],"curies":[{"name":"wp","href":"https:\/\/api.w.org\/{rel}","templated":true}]}}