{"id":9207,"date":"2024-09-17T14:19:09","date_gmt":"2024-09-17T12:19:09","guid":{"rendered":"https:\/\/antcube.shop\/en\/product\/grasstein-3cm\/"},"modified":"2026-04-20T09:56:33","modified_gmt":"2026-04-20T07:56:33","slug":"grasstein-3cm","status":"publish","type":"product","link":"https:\/\/antcube.shop\/es\/producto\/grasstein-3cm\/","title":{"rendered":"Piedra de hierba - 3cm"},"content":{"rendered":"<p><strong>Dimensiones:<\/strong> aprox. 86 x 29 x 30 mm<\/p>\n<p><strong>Material:<\/strong> hormig\u00f3n pol\u00edmero, arcilla, pl\u00e1stico<\/p>\n<p><strong>Color:<\/strong><br \/>\nBase: verde, gris oscuro<br \/>\nPlanta: verde claro-verde oscuro<\/p>\n<p><strong>Contenido:<\/strong> 1 ud.<\/p>\n<p><strong>Descripci\u00f3n:<\/strong> Estas plantas son de pl\u00e1stico resistente y tienen una base de resina sint\u00e9tica con aspecto de piedra. Esto las hace extremadamente robustas y no pueden ser da\u00f1adas por las hormigas. No obstante, tienen un aspecto muy natural y atractivo y pueden integrarse f\u00e1cilmente en un formicario.<\/p>\n<p><strong>Nota:<\/strong> Limpiar con agua corriente antes de usar.<\/p>\n<p>&nbsp;<\/p>","protected":false},"excerpt":{"rendered":"<p>Dimensiones: aprox. 86 x 29 x 30 mm Material: hormig\u00f3n pol\u00edmero, arcilla, pl\u00e1stico Color: Base: verde, gris oscuro Planta: verde claro-verde oscuro Contenido: 1 ud. Descripci\u00f3n: Estas plantas est\u00e1n hechas de pl\u00e1stico resistente y tienen una base de resina sint\u00e9tica con aspecto de piedra. Esto las hace extremadamente duraderas y no pueden ser da\u00f1adas por las hormigas.","protected":false},"featured_media":9356,"comment_status":"open","ping_status":"closed","template":"","meta":{"_acf_changed":false,"content-type":"","_monsterinsights_skip_tracking":false,"_monsterinsights_sitenote_active":false,"_monsterinsights_sitenote_note":"","_monsterinsights_sitenote_category":0},"product_brand":[],"product_cat":[98,102],"product_tag":[],"class_list":{"0":"post-9207","1":"product","2":"type-product","3":"status-publish","4":"has-post-thumbnail","6":"product_cat-decoration","7":"product_cat-meadow","9":"first","10":"instock","11":"taxable","12":"shipping-taxable","13":"purchasable","14":"product-type-simple"},"acf":[],"aioseo_notices":[],"jetpack_sharing_enabled":true,"_links":{"self":[{"href":"https:\/\/antcube.shop\/es\/wp-json\/wp\/v2\/product\/9207","targetHints":{"allow":["GET"]}}],"collection":[{"href":"https:\/\/antcube.shop\/es\/wp-json\/wp\/v2\/product"}],"about":[{"href":"https:\/\/antcube.shop\/es\/wp-json\/wp\/v2\/types\/product"}],"replies":[{"embeddable":true,"href":"https:\/\/antcube.shop\/es\/wp-json\/wp\/v2\/comments?post=9207"}],"wp:featuredmedia":[{"embeddable":true,"href":"https:\/\/antcube.shop\/es\/wp-json\/wp\/v2\/media\/9356"}],"wp:attachment":[{"href":"https:\/\/antcube.shop\/es\/wp-json\/wp\/v2\/media?parent=9207"}],"wp:term":[{"taxonomy":"product_brand","embeddable":true,"href":"https:\/\/antcube.shop\/es\/wp-json\/wp\/v2\/product_brand?post=9207"},{"taxonomy":"product_cat","embeddable":true,"href":"https:\/\/antcube.shop\/es\/wp-json\/wp\/v2\/product_cat?post=9207"},{"taxonomy":"product_tag","embeddable":true,"href":"https:\/\/antcube.shop\/es\/wp-json\/wp\/v2\/product_tag?post=9207"}],"curies":[{"name":"wp","href":"https:\/\/api.w.org\/{rel}","templated":true}]}}