{"id":9031,"date":"2024-08-27T16:22:15","date_gmt":"2024-08-27T14:22:15","guid":{"rendered":"https:\/\/antcube.shop\/product\/antcube-digfix-terra-nidum-platte-30x30-l-beige\/"},"modified":"2026-03-30T18:03:41","modified_gmt":"2026-03-30T16:03:41","slug":"antcube-digfix-terra-nidum-platte-30x30-l-beige","status":"publish","type":"product","link":"https:\/\/antcube.shop\/es\/producto\/antcube-digfix-terra-nidum-platte-30x30-l-beige\/","title":{"rendered":"ANTCUBE - Digfix Placa Terra nidum 30\u00d730 - L - beige"},"content":{"rendered":"<p><strong>Dimensiones:<\/strong> 283x237x19 mm<\/p>\n<p><strong>Material:<\/strong> Material digerible a base de resina<\/p>\n<p><strong>Descripci\u00f3n:<\/strong> La placa Terra nidum (nido de tierra en lat\u00edn) de material excavable encaja perfectamente en nuestras granjas de hormigas ANTCUBE. Se puede utilizar tanto en seco como en h\u00famedo. Tambi\u00e9n es adecuado para muchas especies de hormigas, especialmente para las especies que anidan en arena y madera (muerta). Se puede utilizar en lugar de las mezclas de arena y arcilla o de los nidos de corcho. La ventaja de este nido es que la humectaci\u00f3n de la placa es m\u00e1s f\u00e1cil de controlar debido a una decoloraci\u00f3n claramente visible y el colorido de la placa ofrece un supercontraste con las especies de hormigas normalmente m\u00e1s oscuras. Adem\u00e1s, los cristales interiores del hormiguero no pueden ensuciarse con sustrato, como ocurre con las mezclas de arena y arcilla, por ejemplo, lo que permite una visi\u00f3n perfecta del nido. Nuestro material para nidos tambi\u00e9n tiene una estructura mucho m\u00e1s firme, de modo que los t\u00faneles y c\u00e1maras excavados por las hormigas no se derrumban.<\/p>\n<p><strong>Nota:<\/strong> El color natural puede variar entre beige \/ arena y marr\u00f3n claro. El tono de color no influye en la calidad.<br \/>\nLas dimensiones pueden variar en +\/- 1 mm debido al proceso de fabricaci\u00f3n.<\/p>","protected":false},"excerpt":{"rendered":"<p>Tama\u00f1o: <span style=\"color: #0000ff;\"><strong>L<\/strong><\/span><\/p>","protected":false},"featured_media":9037,"comment_status":"open","ping_status":"closed","template":"","meta":{"_acf_changed":false,"content-type":"","_monsterinsights_skip_tracking":false,"_monsterinsights_sitenote_active":false,"_monsterinsights_sitenote_note":"","_monsterinsights_sitenote_category":0},"product_brand":[],"product_cat":[257,87,88],"product_tag":[],"class_list":{"0":"post-9031","1":"product","2":"type-product","3":"status-publish","4":"has-post-thumbnail","6":"product_cat-new-innovatve-products","7":"product_cat-nest-insets","8":"product_cat-digfix","10":"first","11":"instock","12":"taxable","13":"shipping-taxable","14":"purchasable","15":"product-type-simple"},"acf":[],"aioseo_notices":[],"jetpack_sharing_enabled":true,"_links":{"self":[{"href":"https:\/\/antcube.shop\/es\/wp-json\/wp\/v2\/product\/9031","targetHints":{"allow":["GET"]}}],"collection":[{"href":"https:\/\/antcube.shop\/es\/wp-json\/wp\/v2\/product"}],"about":[{"href":"https:\/\/antcube.shop\/es\/wp-json\/wp\/v2\/types\/product"}],"replies":[{"embeddable":true,"href":"https:\/\/antcube.shop\/es\/wp-json\/wp\/v2\/comments?post=9031"}],"wp:featuredmedia":[{"embeddable":true,"href":"https:\/\/antcube.shop\/es\/wp-json\/wp\/v2\/media\/9037"}],"wp:attachment":[{"href":"https:\/\/antcube.shop\/es\/wp-json\/wp\/v2\/media?parent=9031"}],"wp:term":[{"taxonomy":"product_brand","embeddable":true,"href":"https:\/\/antcube.shop\/es\/wp-json\/wp\/v2\/product_brand?post=9031"},{"taxonomy":"product_cat","embeddable":true,"href":"https:\/\/antcube.shop\/es\/wp-json\/wp\/v2\/product_cat?post=9031"},{"taxonomy":"product_tag","embeddable":true,"href":"https:\/\/antcube.shop\/es\/wp-json\/wp\/v2\/product_tag?post=9031"}],"curies":[{"name":"wp","href":"https:\/\/api.w.org\/{rel}","templated":true}]}}