{"id":8973,"date":"2024-08-19T20:50:58","date_gmt":"2024-08-19T18:50:58","guid":{"rendered":"https:\/\/antcube.shop\/product\/abstandshalter-fur-20mm-rohr\/"},"modified":"2026-03-05T18:06:15","modified_gmt":"2026-03-05T17:06:15","slug":"espaciador-para-tubo-de-20mm","status":"publish","type":"product","link":"https:\/\/antcube.shop\/es\/producto\/espaciador-para-tubo-de-20mm\/","title":{"rendered":"Distanciador para tubo de 20 mm"},"content":{"rendered":"<p><strong>Dimensiones del producto:<\/strong> 49x14x8mm (espaciador)<\/p>\n<p><strong>Material:<\/strong> vidrio acr\u00edlico, acero para muelles<\/p>\n<p><strong>Color:<\/strong> blanco, gris acero<\/p>\n<p><strong>Contenido:<\/strong><br \/>\n1x espaciador<br \/>\n1x soporte de pinza - acero para muelles para 20mm<br \/>\n2 tornillos y tacos para montaje en pared<br \/>\n1x tornillo peque\u00f1o para fijar el soporte de pinza al espaciador<\/p>\n<p><strong>Descripci\u00f3n:<\/strong><br \/>\nDistanciadores para fijar tubos acr\u00edlicos a la pared. Se desarrollaron para conectar nuestras arenas murales y granjas murales entre s\u00ed o con otros elementos mediante tubos acr\u00edlicos. Sirven de puente entre la pared y los tubos acr\u00edlicos y permiten fijar los tubos acr\u00edlicos de forma segura, firme y visualmente atractiva con soportes de abrazadera.<\/p>\n<p><strong>Nota:<\/strong><br \/>\nSe suministra en piezas individuales y debe fijarse con un destornillador Phillips<br \/>\nA ambos lados del espaciador hay unas finas l\u00e1minas protectoras. Basta con despegarlas.<\/p>\n<p><strong>Sujeci\u00f3n:<\/strong><br \/>\nPara fijar los 2 tacos \"S6\" en la pared, necesitas un taladro con una broca de 6 mm (madera, piedra o metal seg\u00fan el material).<br \/>\nDeben taladrarse agujeros de 40 mm de profundidad en la pared para poder avellanar los tacos de 6x30 mm con los tornillos de 4,5x40 mm.<br \/>\n<strong>Necesario para el montaje:<\/strong><br \/>\n- Nivel de burbuja<br \/>\n- Cinta adhesiva para no tener que marcar la pared de abajo.<br \/>\n- Destornillador Phillips<br \/>\n- Taladro\/atornillador seg\u00fan la pared<br \/>\n- Broca de 6 mm (madera, piedra o metal seg\u00fan la superficie)<\/p>","protected":false},"excerpt":{"rendered":"<p>Dimensiones del producto: 49x14x8mm (espaciador) Material: cristal acr\u00edlico, acero para muelles Color: blanco, gris acero Contenido: 1x espaciador 1x soporte de pinza - acero para muelles para 32mm 2x tornillo y taco para montaje en pared 1x tornillo peque\u00f1o para fijar el soporte de pinza al espaciador Descripci\u00f3n: Distanciadores para fijar tubos acr\u00edlicos a la pared. Se desarrollaron para","protected":false},"featured_media":8991,"comment_status":"open","ping_status":"closed","template":"","meta":{"_acf_changed":false,"content-type":"","_monsterinsights_skip_tracking":false,"_monsterinsights_sitenote_active":false,"_monsterinsights_sitenote_note":"","_monsterinsights_sitenote_category":0},"product_brand":[],"product_cat":[345,119,120],"product_tag":[],"class_list":{"0":"post-8973","1":"product","2":"type-product","3":"status-publish","4":"has-post-thumbnail","6":"product_cat-pipe-connectors","7":"product_cat-formicarium-components","8":"product_cat-hoses","10":"first","11":"instock","12":"taxable","13":"shipping-taxable","14":"purchasable","15":"product-type-simple"},"acf":[],"aioseo_notices":[],"jetpack_sharing_enabled":true,"_links":{"self":[{"href":"https:\/\/antcube.shop\/es\/wp-json\/wp\/v2\/product\/8973","targetHints":{"allow":["GET"]}}],"collection":[{"href":"https:\/\/antcube.shop\/es\/wp-json\/wp\/v2\/product"}],"about":[{"href":"https:\/\/antcube.shop\/es\/wp-json\/wp\/v2\/types\/product"}],"replies":[{"embeddable":true,"href":"https:\/\/antcube.shop\/es\/wp-json\/wp\/v2\/comments?post=8973"}],"wp:featuredmedia":[{"embeddable":true,"href":"https:\/\/antcube.shop\/es\/wp-json\/wp\/v2\/media\/8991"}],"wp:attachment":[{"href":"https:\/\/antcube.shop\/es\/wp-json\/wp\/v2\/media?parent=8973"}],"wp:term":[{"taxonomy":"product_brand","embeddable":true,"href":"https:\/\/antcube.shop\/es\/wp-json\/wp\/v2\/product_brand?post=8973"},{"taxonomy":"product_cat","embeddable":true,"href":"https:\/\/antcube.shop\/es\/wp-json\/wp\/v2\/product_cat?post=8973"},{"taxonomy":"product_tag","embeddable":true,"href":"https:\/\/antcube.shop\/es\/wp-json\/wp\/v2\/product_tag?post=8973"}],"curies":[{"name":"wp","href":"https:\/\/api.w.org\/{rel}","templated":true}]}}