{"id":8971,"date":"2024-08-19T20:48:56","date_gmt":"2024-08-19T18:48:56","guid":{"rendered":"https:\/\/antcube.shop\/product\/bundle-offer-camponotus-ligniperdus\/"},"modified":"2026-04-16T09:55:15","modified_gmt":"2026-04-16T07:55:15","slug":"paquete-oferta-camponotus-ligniperdus","status":"publish","type":"product","link":"https:\/\/antcube.shop\/es\/producto\/paquete-oferta-camponotus-ligniperdus\/","title":{"rendered":"Oferta Paquete - Camponotus ligniperdus"},"content":{"rendered":"<p><span data-text-color=\"secondary\"><strong>Oferta de paquete que incluye una colonia de hormigas Camponotus ligniperdus (reina con 1-4 obreras + cr\u00eda)<\/strong><\/span><\/p>\n<p><span data-text-color=\"alert\"><strong>S\u00f3lo hasta fin de existencias.<\/strong><\/span><\/p>\n<p><strong>Todo lo que necesita para una colonia de hormigas Camponotus ligniperdus:<\/strong><br \/>\nEste paquete contiene todo lo necesario para que una colonia de Camponotus ligniperdus supere con \u00e9xito sus primeros meses. Se puede ampliar de forma flexible y se ha probado durante varios a\u00f1os con esta especie de hormiga.<\/p>\n<p><strong>Especie de hormiga Camponotus ligniperdus:<\/strong><br \/>\nCamponotus ligniperdus es una de las especies de hormigas m\u00e1s grandes de Europa. Sus reinas alcanzan un tama\u00f1o de unos 18 mm. Producen las llamadas obreras menores, medias y mayores (peque\u00f1as, medianas y grandes). \u00c9stas se encargan de diferentes tareas en la colonia.<\/p>\n<p>A menudo se confunden con los Camponotus herculeanus, que son ligeramente m\u00e1s oscuros y algo m\u00e1s apagados. El abdomen (gaster) es ligeramente m\u00e1s grande en Camponotus ligniperdus.<\/p>\n<p>El Camponotus ligniperdus hiberna en estado salvaje entre finales de octubre y finales de marzo a unos 5-8\u00b0.<\/p>\n<p><strong>Nido de Camponotus ligniperdus:<\/strong><br \/>\nEn estado salvaje, Camponotus ligniperdus anida bajo las piedras, en la madera muerta, pero tambi\u00e9n en el suelo.<\/p>\n<p>En este set de iniciaci\u00f3n hemos incluido un nido de yeso como material para anidar. Esto simula un nido debajo o entre las piedras. Tambi\u00e9n proporciona una visi\u00f3n permanentemente clara de las c\u00e1maras y pasadizos.<\/p>\n<p><strong>Alimento para Camponotus ligniperdus:<\/strong><br \/>\nCamponotus ligniperdus se alimenta de insectos y n\u00e9ctar en estado salvaje. Al igual que Lasius niger, por ejemplo, Camponotus ligniperdus tambi\u00e9n mantiene colonias de pulgones y las defiende.<\/p>\n<p>En este set hemos incluido como alimento nuestros grillos enteros escaldados y el melazo. Ambos son muy bien aceptados por el Camponotus ligniperdus y favorecen un desarrollo natural y positivo de la colonia gracias a los nutrientes que contienen.<\/p>\n<p><strong>Las condiciones clim\u00e1ticas \u00f3ptimas para el Camponotus ligniperdus son las siguientes:<\/strong><br \/>\nLa humedad:<br \/>\nArena: 30 - 50% \u00c1rea del nido: 50 - 60%<br \/>\nLa temperatura:<br \/>\nArena: 18 - 28\u00b0C Zona del nido: 21 - 24\u00b0C<\/p>\n<p><strong>Contenido:<\/strong><\/p>\n<p>1x Camponotus ligniperdus (reina + 1-4 obreras + cr\u00eda)<br \/>\n1x Mermelada de Grillo 25g<br \/>\n1x Honeydew Mix (HT) - recarga 10ml<br \/>\n1x almohadilla formicarium - 20x20cm<br \/>\n1x formicarium pad &#8211; 20x6cm<\/p>\n<p>1x ANTCUBO - arena 20x20x10 - plano<br \/>\n1x marco de hormigueros 20\u00d720<br \/>\n1x cubierta de hormigueros 20\u00d720<br \/>\n4x puntos de fijaci\u00f3n para la cubierta de la arena<br \/>\n1x ANTCUBO - Hormiguero - L - 20\u00d720 - vertical<\/p>\n<p>1x ANTCUBO - nido de yeso 20\u00d720 - vertical<br \/>\n1x 0,5m manguera transparente 20\/16 mm<br \/>\n1x ANTCUBE - L\u00e1mina roja 20\u00d720 - filtro<br \/>\n1x clips adhesivos - transparente 2 uds.<br \/>\n1x sustrato - bosque - 1kg<br \/>\n1x Formicarium granulado 200ml - negro<\/p>\n<p>2x Grid insert acrylic &#8211; 50 mm with sealing ring<br \/>\n1x Grid insert acrylic &#8211; 27 mm with sealing ring<br \/>\n1x tapa de rejilla - 16mm - acero inoxidable<\/p>\n<p>1x conector de manguera de lavabo 27-14,16,20 mm - transparente<br \/>\n1x Foil thermometer &#8211; farm<br \/>\n1x Foil thermometer Display<br \/>\n1x drinking clear 5ml &#8211; sponge<br \/>\n1x Feeding dish white rectangle &#8211; 3 compartments<br \/>\n1x Drinking trough 2ml &#8211; 360 Degrees<br \/>\n1x Aceite de protecci\u00f3n contra las hormigas 10ml<br \/>\n1x Pinzas de acero para muelles - anchas - suaves<br \/>\n1x Pinzas de pl\u00e1stico transparente<br \/>\n1x pipeta de pl\u00e1stico de 3ml<br \/>\n1x lupa de mano - 2x - 30mm<br \/>\n1x limpiador de espuma 150x18x2,5mm<br \/>\n1x photo backwall &#8211; forest &#8211; 20&#215;10<\/p>\n<p><strong>Descripci\u00f3n:<\/strong><br \/>\nEste set de iniciaci\u00f3n ampliable para Camponotus ligniperdus no s\u00f3lo contiene el formicario \u00f3ptimamente adaptado, sino tambi\u00e9n los accesorios adecuados para el mantenimiento de esta especie de hormiga. El bebedero \"transparente de 20 ml - esponja\" est\u00e1 pensado para el agua, el bebedero \"2 ml - 360 grados\" para la mezcla de melaza.<\/p>\n<p><span data-text-color=\"alert\"><strong>Es importante:<\/strong> <\/span>Humedezca el sustrato antes de utilizarlo para que la mezcla pueda aglutinarse. Adem\u00e1s, un sustrato seco y polvoriento puede provocar la obstrucci\u00f3n de las v\u00edas respiratorias de las hormigas y, en el peor de los casos, la asfixia de los animales.<\/p>\n<p><strong>Notas sobre la producci\u00f3n<\/strong><br \/>\nEl cristal se corta a medida seg\u00fan la norma DIN 1249 con una tolerancia de +\/- 1 mm. Para las especies de hormigas extremadamente peque\u00f1as es imprescindible una protecci\u00f3n adicional contra la rotura.<\/p>\n<p><strong>Nota sobre los grillos escaldados:<\/strong><br \/>\nNuestros grillos escaldados son una forma f\u00e1cil de proporcionar a sus hormigas alimento proteico reci\u00e9n conservado sin tener que alimentarlas con insectos vivos. Los grillos contenidos (Acheta domesticus) se han escaldado suavemente para garantizar que se conserven los valores nutricionales, el sabor y el aroma. Adem\u00e1s, el caparaz\u00f3n quitinoso de los insectos se ablanda de este modo para que pueda digerirse m\u00e1s f\u00e1cilmente. Los enlaces de las prote\u00ednas de col\u00e1geno se rompen para que las hormigas puedan utilizarlas mejor. El Acheta domesticus en conserva tiene el mismo valor nutritivo que los grillos vivos, pero es m\u00e1s f\u00e1cil de digerir.<\/p>\n<p>Los grillos escaldados no son adecuados para cazar especies de hormigas que requieren alimento vivo (por ejemplo, las ponerinas (hormigas grandes) como Harpegnathos u Odontomachus).<\/p>\n<p><strong>M\u00e1s ventajas:<\/strong><br \/>\nGarant\u00eda de ausencia de \u00e1caros<br \/>\nSe puede porcionar<br \/>\nEsterilizado y aspirado<br \/>\nSin aditivos<br \/>\nGrillos procedentes de cr\u00eda sostenible puramente ecol\u00f3gica, alimentados con residuos org\u00e1nicos<\/p>\n<p><strong>Tenga en cuenta lo siguiente:<\/strong><br \/>\nPuede conservarse en el frigor\u00edfico unos cuatro d\u00edas despu\u00e9s de abierto. Se conserva m\u00e1s tiempo si se congela.<\/p>\n<p><strong>Nota sobre el melazo:<\/strong><br \/>\nContenido: 10 ml<br \/>\nSe trata de un producto natural, que hemos refinado tras exhaustivas pruebas en nuestro laboratorio y convertido en un alimento muy bien aceptado por las hormigas. La raz\u00f3n es que la miel de mielada sin procesar en su forma original concentrada no es bien aceptada por las hormigas y su metabolismo.<br \/>\nNuestro melazo se recolecta en los impolutos bosques de monta\u00f1a de Bulgaria. El melazo s\u00f3lo se produce durante un tiempo muy limitado, unos dos meses en verano. Por lo tanto, es muy escaso. Debido a las caracter\u00edsticas espec\u00edficas del suelo de los bosques y al clima, en las hojas de los \u00e1rboles se almacenan nutrientes esenciales que son absorbidos por los pulgones. Esto es lo que hace que esta mezcla de mielada sea tan apetecible para las hormigas.<\/p>\n<p><strong>Aplicaci\u00f3n:<\/strong><br \/>\nLa cantidad de comida debe consumirse en unos 3 d\u00edas.<\/p>\n<p><strong>Descripci\u00f3n:<\/strong><br \/>\nEl melazo, a diferencia de la miel de flores, se obtiene de las secreciones de insectos que chupan las plantas, como los pulgones. El melazo es una fuente de alimento popular para muchos insectos, como hormigas, abejas y abejorros. Las abejas y los abejorros lo lamen de las hojas o agujas de diversos \u00e1rboles. Las hormigas, como Lasius niger, se quedan literalmente con los pulgones. Incluso los defienden de los depredadores y los transportan a los brotes frescos.<\/p>\n<p>El melazo es especialmente popular entre las hormigas por sus componentes algo diferentes. Los principales az\u00facares del melazo son la sacarosa y la fructosa, pero tambi\u00e9n se encuentran peque\u00f1as cantidades de maltosa, trehalosa, melezitosa, rafinosa y otros oligosac\u00e1ridos. Adem\u00e1s de az\u00facar y agua, el melazo tambi\u00e9n contiene amino\u00e1cidos esenciales, minerales, oligoelementos, adenosinas, fosfatos y otros ingredientes como vitaminas.<\/p>\n<p><strong>Utilizar:<\/strong><br \/>\nPara las especies de hormigas mel\u00edferas (Meliphagidae)<br \/>\nSe trata de una alimentaci\u00f3n complementaria<br \/>\nPuede ofrecerse a los animales tal como se suministra. Como la concentraci\u00f3n de az\u00facar se reduce por la humedad y comienza un proceso de fermentaci\u00f3n, el alimento debe sustituirse cada 3 d\u00edas. Limpie bien el comedero\/tubo antes de reutilizarlo.<br \/>\nUna vez abierto el envase, debe mantenerse bien cerrado hasta la fecha de caducidad.<\/p>\n<p><strong>Informaci\u00f3n nutricional por 100 g:<\/strong><br \/>\naprox. 2,7 % grasas<br \/>\nde los cuales saturados aprox. 0,45 %<br \/>\naprox. 95 % hidratos de carbono<br \/>\nde los cuales az\u00facar aprox. 71<br \/>\naprox. 2,85% de prote\u00edna<\/p>\n<p>Minerales (potasio, calcio, cobre, hierro, sodio, magnesio, f\u00f3sforo, zinc y otros oligoelementos) Amino\u00e1cidos (prolina, leucina, fenilalanina, alanina, histidina, isoleucina, \u00e1cido glut\u00e1mico, arginina, \u00e1cido asp\u00e1rtico, etc.) \u00c1cidos org\u00e1nicos Enzimas (fermentos)Aromas Inhibinas (sustancias antibacterianas) Flores Polen<\/p>\n<p><strong>Almacenamiento:<\/strong><br \/>\nPara garantizar la calidad del pienso, debe almacenarse en un lugar oscuro y seco.<\/p>\n<p><strong>Nota:<\/strong><br \/>\nAlimento complementario para hormigas mel\u00edferas.<br \/>\nConsulte en el prospecto la composici\u00f3n, los ingredientes anal\u00edticos, la fecha de caducidad y el n\u00famero de lote.<\/p>\n<p>L\u00ednea directa de informaci\u00f3n +49 30 439703870<\/p>\n<p><strong>Responsable de la inspecci\u00f3n veterinaria y alimentaria:<\/strong><br \/>\nOficina veterinaria de Steglitz<br \/>\nK\u00f6nigin-Luise-Str. 92<br \/>\n14195 Berl\u00edn<\/p>","protected":false},"excerpt":{"rendered":"<p>El juego consta de 35 piezas<\/p>\n<p>Tama\u00f1o: <span style=\"color: #0000ff;\"><strong>L<\/strong><\/span><\/p>","protected":false},"featured_media":8984,"comment_status":"open","ping_status":"closed","template":"","meta":{"_acf_changed":false,"content-type":"","_monsterinsights_skip_tracking":false,"_monsterinsights_sitenote_active":false,"_monsterinsights_sitenote_note":"","_monsterinsights_sitenote_category":0},"product_brand":[],"product_cat":[355,73],"product_tag":[],"class_list":{"0":"post-8971","1":"product","2":"type-product","3":"status-publish","4":"has-post-thumbnail","6":"product_cat-bundle-offers","7":"product_cat-starter-sets","9":"first","10":"instock","11":"taxable","12":"shipping-taxable","13":"purchasable","14":"product-type-simple"},"acf":[],"aioseo_notices":[],"jetpack_sharing_enabled":true,"_links":{"self":[{"href":"https:\/\/antcube.shop\/es\/wp-json\/wp\/v2\/product\/8971","targetHints":{"allow":["GET"]}}],"collection":[{"href":"https:\/\/antcube.shop\/es\/wp-json\/wp\/v2\/product"}],"about":[{"href":"https:\/\/antcube.shop\/es\/wp-json\/wp\/v2\/types\/product"}],"replies":[{"embeddable":true,"href":"https:\/\/antcube.shop\/es\/wp-json\/wp\/v2\/comments?post=8971"}],"wp:featuredmedia":[{"embeddable":true,"href":"https:\/\/antcube.shop\/es\/wp-json\/wp\/v2\/media\/8984"}],"wp:attachment":[{"href":"https:\/\/antcube.shop\/es\/wp-json\/wp\/v2\/media?parent=8971"}],"wp:term":[{"taxonomy":"product_brand","embeddable":true,"href":"https:\/\/antcube.shop\/es\/wp-json\/wp\/v2\/product_brand?post=8971"},{"taxonomy":"product_cat","embeddable":true,"href":"https:\/\/antcube.shop\/es\/wp-json\/wp\/v2\/product_cat?post=8971"},{"taxonomy":"product_tag","embeddable":true,"href":"https:\/\/antcube.shop\/es\/wp-json\/wp\/v2\/product_tag?post=8971"}],"curies":[{"name":"wp","href":"https:\/\/api.w.org\/{rel}","templated":true}]}}