{"id":8970,"date":"2024-08-19T20:48:32","date_gmt":"2024-08-19T18:48:32","guid":{"rendered":"https:\/\/antcube.shop\/product\/wand-formicarien-set\/"},"modified":"2026-03-04T17:24:31","modified_gmt":"2026-03-04T16:24:31","slug":"formicario-de-pared","status":"publish","type":"product","link":"https:\/\/antcube.shop\/es\/producto\/formicario-de-pared\/","title":{"rendered":"Formicario de pared"},"content":{"rendered":"<p><strong>Incluye:<\/strong><br \/>\n1x Hormiguero de pared - 30x15x15<br \/>\n1x hormiguero mural - L - 30\u00d730 - cristal<br \/>\n1x marco hormiguero 30\u00d715<br \/>\n1x cubierta de hormiguero 30\u00d715<\/p>\n<p>3x conector de tubo transparente para 20mm - L<br \/>\n1x conector de tubo transparente para 20mm - I<br \/>\n1x conector de lavabo 3\/4\u2033 a 20mm - cristalino<br \/>\n1x tubo hormiga - cristalino 20mm (3x3cm y 1x30cm)<br \/>\n1x espaciador con soporte de abrazadera de 20 mm<br \/>\n1x Tapa de rejilla - 16mm - acero inoxidable<br \/>\n2x Grid insert acrylic &#8211; 50 mm with sealing ring<br \/>\n1x Grid insert acrylic &#8211; 27 mm with sealing ring<br \/>\n1x tuerca formicarium 3\/4 pulgadas - cristalina<br \/>\n8x insertos de goma para taladros como protecci\u00f3n<br \/>\n8 arandelas<br \/>\nincl. 8x tornillos y tacos<\/p>\n<p><strong>Descripci\u00f3n:<\/strong><br \/>\nEste conjunto de formicario de pared se ha desarrollado para su montaje en pared y es f\u00e1cil de instalar en paredes de madera y piedra. Tanto la arena como el hormiguero son totalmente transparentes, lo que permite una buena visi\u00f3n del nido. Como material de anidaci\u00f3n para las hormigas se puede utilizar arena y arcilla o uno de nuestros insertos de anidaci\u00f3n de corcho o Digfix a juego. Para conectar el hormiguero y la arena, hemos incluido en el juego tubos acr\u00edlicos cortados a medida. Los tornillos y tacos para fijarlos a la pared tambi\u00e9n est\u00e1n incluidos en el juego.<\/p>\n<p><strong>Instrucciones de instalaci\u00f3n:<\/strong><\/p>\n<p><strong>Debido a que el panel de cristal es una pared trasera, la pared de debajo debe ser completamente recta.<\/strong><br \/>\nPara fijar los 8 tacos \"S6\" en la pared, necesita un taladro con una broca de 6 mm (madera, piedra o metal seg\u00fan el material). Hay que taladrar agujeros de 45 mm de profundidad en la pared para avellanar las espigas de 6x30 mm con los tornillos de 4,5x40 mm.<br \/>\n<strong>Necesario para el montaje:<\/strong><br \/>\n- nivel de burbuja<br \/>\n- Cinta adhesiva para no tener que marcar en la pared de abajo.<br \/>\n- Destornillador Phillips<br \/>\n- Taladro\/atornillador seg\u00fan la pared<br \/>\n- Broca de 6 mm (madera, piedra o metal seg\u00fan la superficie)<br \/>\n- Tambi\u00e9n es \u00fatil hacer una plantilla para los agujeros de perforaci\u00f3n con una hoja de papel. Basta con colocarla debajo de la pared trasera y marcar los orificios.<\/p>\n<p><strong>Detalles de la granja de hormigas:<\/strong><br \/>\nDimensiones (LxH):<br \/>\nPared trasera (6mm de grosor): 400x293mm<\/p>\n<p>Exterior (sin panel trasero)<br \/>\n334x28x296mm<\/p>\n<p>En<br \/>\n284x20x290 mm<\/p>\n<p><strong>Material:<\/strong><br \/>\nVidrio flotado<\/p>\n<p><strong>color:<\/strong><br \/>\nclaro como el agua<\/p>\n<p><strong>Detalles de la arena de hormigas:<\/strong><br \/>\nDimensiones (LxAxA):<br \/>\nPared trasera (6mm): 400x150mm<\/p>\n<p>Arena (sin pared trasera): 300x146x150mm<\/p>\n<p><strong>material:<\/strong><br \/>\nVidrio flotado<\/p>\n<p><strong>Color:<\/strong><br \/>\nclaro como el agua<\/p>\n<p><strong>Dimensiones (LxAxA):<\/strong><br \/>\nPared trasera (6mm): 400x150mm<\/p>\n<p>Arena (sin panel trasero): 300x146x150mm<\/p>\n<p><strong>material:<\/strong><br \/>\nVidrio flotado<\/p>\n<p><strong>Color:<\/strong><br \/>\nclaro como el agua<\/p>\n<p><strong>Notas sobre la producci\u00f3n<\/strong><br \/>\nEl cristal se corta a medida seg\u00fan la norma DIN 1249 con una tolerancia de +\/- 1 mm. Para las especies de hormigas extremadamente peque\u00f1as es imprescindible una protecci\u00f3n adicional contra la rotura.<br \/>\nDado que nuestros productos se fabrican a mano, pueden producirse desviaciones m\u00ednimas a pesar del m\u00e1ximo cuidado.<\/p>\n<p><strong>Nota sobre la granja<\/strong><br \/>\n<strong>Al colocar o retirar las mangueras, tenga en cuenta lo siguiente:<\/strong><br \/>\nSi resulta muy dif\u00edcil encajar el tubo en la toma de conexi\u00f3n, se debe frotar ligeramente la toma con una gota de nuestro aceite o polvo antiexplosiones. A continuaci\u00f3n, la manguera debe introducirse en la toma con movimientos de torsi\u00f3n o enroscado sin forzar la toma con movimientos hacia arriba y hacia abajo. Lo mismo se aplica al retirar las mangueras de la toma de conexi\u00f3n de la granja. No tire sin m\u00e1s.<\/p>","protected":false},"excerpt":{"rendered":"<p>Este juego consta de 21 piezas<\/p>\n<p>Tama\u00f1o: <span style=\"color: #0000ff;\"><strong>L<\/strong> <\/span><\/p>","protected":false},"featured_media":8995,"comment_status":"open","ping_status":"closed","template":"","meta":{"_acf_changed":false,"content-type":"","_monsterinsights_skip_tracking":false,"_monsterinsights_sitenote_active":false,"_monsterinsights_sitenote_note":"","_monsterinsights_sitenote_category":0},"product_brand":[],"product_cat":[257,73,86],"product_tag":[],"class_list":{"0":"post-8970","1":"product","2":"type-product","3":"status-publish","4":"has-post-thumbnail","6":"product_cat-new-innovatve-products","7":"product_cat-starter-sets","8":"product_cat-formicariums","10":"first","11":"instock","12":"taxable","13":"shipping-taxable","14":"purchasable","15":"product-type-simple"},"acf":[],"aioseo_notices":[],"jetpack_sharing_enabled":true,"_links":{"self":[{"href":"https:\/\/antcube.shop\/es\/wp-json\/wp\/v2\/product\/8970","targetHints":{"allow":["GET"]}}],"collection":[{"href":"https:\/\/antcube.shop\/es\/wp-json\/wp\/v2\/product"}],"about":[{"href":"https:\/\/antcube.shop\/es\/wp-json\/wp\/v2\/types\/product"}],"replies":[{"embeddable":true,"href":"https:\/\/antcube.shop\/es\/wp-json\/wp\/v2\/comments?post=8970"}],"wp:featuredmedia":[{"embeddable":true,"href":"https:\/\/antcube.shop\/es\/wp-json\/wp\/v2\/media\/8995"}],"wp:attachment":[{"href":"https:\/\/antcube.shop\/es\/wp-json\/wp\/v2\/media?parent=8970"}],"wp:term":[{"taxonomy":"product_brand","embeddable":true,"href":"https:\/\/antcube.shop\/es\/wp-json\/wp\/v2\/product_brand?post=8970"},{"taxonomy":"product_cat","embeddable":true,"href":"https:\/\/antcube.shop\/es\/wp-json\/wp\/v2\/product_cat?post=8970"},{"taxonomy":"product_tag","embeddable":true,"href":"https:\/\/antcube.shop\/es\/wp-json\/wp\/v2\/product_tag?post=8970"}],"curies":[{"name":"wp","href":"https:\/\/api.w.org\/{rel}","templated":true}]}}