{"id":8968,"date":"2024-08-19T20:47:21","date_gmt":"2024-08-19T18:47:21","guid":{"rendered":"https:\/\/antcube.shop\/product\/wand-ameisenfarm-l-30x30-glas\/"},"modified":"2026-01-12T12:39:31","modified_gmt":"2026-01-12T11:39:31","slug":"pared-hormiga-granja-l-30x30-cristal","status":"publish","type":"product","link":"https:\/\/antcube.shop\/es\/producto\/pared-hormiga-granja-l-30x30-cristal\/","title":{"rendered":"Hormiguero de pared - L - 30\u00d730 - Vidrio"},"content":{"rendered":"<p><strong>Dimensiones (LxH):<\/strong><br \/>\nPared trasera (6mm de grosor) : 400x293mm<\/p>\n<p>Exterior (sin panel trasero)<br \/>\n334x28x296mm<\/p>\n<p>En<br \/>\n284x20x290 mm<\/p>\n<p><strong>Material:<\/strong><br \/>\nVidrio flotado<\/p>\n<p><strong>Color:<\/strong><br \/>\nclaro como el agua<\/p>\n<p><strong>Contenido:<\/strong><br \/>\nHormiguero de pared - L - 30\u00d730 - Vidrio<br \/>\n1x cubierta hormiguero<br \/>\n4x insertos de goma para taladros como protecci\u00f3n<br \/>\n4 arandelas para taladros<br \/>\n4x tacos y tornillos<\/p>\n<p><strong>Conexi\u00f3n:<\/strong><br \/>\n2x 14\/16\/18\/20 x 20mm z\u00f3calo<\/p>\n<p>La manguera 14\/10 se inserta firmemente en la toma de 14 mm<br \/>\nLa manguera 20\/16 est\u00e1 firmemente sujeta al primer escal\u00f3n de 16 mm<\/p>\n<p><strong>Descripci\u00f3n:<\/strong><br \/>\nEste hormiguero se ha desarrollado para montaje en pared y es f\u00e1cil de instalar en paredes de madera y piedra. Es totalmente transparente y permite una buena visi\u00f3n del nido. Como material de anidaci\u00f3n para las hormigas se puede utilizar arena y arcilla o uno de nuestros nidos a juego hechos de corcho o Digfix. Adem\u00e1s, se puede conectar una manguera, un tubo acr\u00edlico transparente o la \"escalera para hormigas\" a las tomas de conexi\u00f3n laterales. Tambi\u00e9n ofrecemos hormigueros de pared en tama\u00f1os 30\u00d715 o 30\u00d730 para adaptarlos a la granja de hormigas de pared.<\/p>\n<p><strong>Instrucciones de instalaci\u00f3n:<\/strong><br \/>\n<strong>Debido a que el panel de cristal es una pared trasera, la pared de debajo debe ser completamente recta.<\/strong><br \/>\nPara fijar los 4 tacos \"S6\" en la pared, necesitas un taladro con una broca de 6 mm (madera, piedra o metal seg\u00fan el material).<br \/>\nDeben perforarse orificios de 45 mm de profundidad en la pared para avellanar los tacos de 6x30 mm con los tornillos de 4,5x40 mm.<br \/>\n<strong>Necesario para el montaje:<\/strong><br \/>\n- nivel de burbuja<br \/>\n- Cinta adhesiva para no tener que marcar en la pared de abajo.<br \/>\n- Destornillador Phillips<br \/>\n- Taladro\/atornillador seg\u00fan la pared<br \/>\n- Broca de 6 mm (madera, piedra o metal seg\u00fan la superficie)<br \/>\n- Tambi\u00e9n es \u00fatil hacer una plantilla para los agujeros de perforaci\u00f3n con una hoja de papel. Basta con colocarla debajo de la pared trasera y marcar los orificios.<\/p>\n<p><strong>Notas sobre la producci\u00f3n<\/strong><br \/>\nEl vidrio se corta seg\u00fan la norma DIN 1249 con una tolerancia de +\/;- 1mm. En el caso de especies de hormigas extremadamente peque\u00f1as, es imprescindible una protecci\u00f3n adicional contra el escape de hormigas.<br \/>\nDado que nuestros productos se fabrican a mano, pueden producirse desviaciones m\u00ednimas a pesar del m\u00e1ximo cuidado.<\/p>\n<p><strong>Nota sobre la granja<\/strong><br \/>\nAl colocar o retirar las mangueras, tenga en cuenta lo siguiente:<br \/>\nSi resulta muy dif\u00edcil encajar el tubo en la toma de conexi\u00f3n, se debe frotar ligeramente la toma con una gota de nuestro aceite o polvo antiexplosiones. A continuaci\u00f3n, la manguera debe introducirse en la toma con movimientos de torsi\u00f3n o enroscado sin forzar la toma con movimientos hacia arriba y hacia abajo. Lo mismo se aplica al retirar las mangueras de la toma de conexi\u00f3n de la granja. No tire sin m\u00e1s.<\/p>","protected":false},"excerpt":{"rendered":"<p>Conexi\u00f3n: Enchufe 2x 14\/16 x 20mm; Distancia entre placas: Interior 20mm<\/p>\n<p>Tama\u00f1o: <span style=\"color: #0000ff;\"><strong>L<\/strong> <\/span><\/p>","protected":false},"featured_media":8997,"comment_status":"open","ping_status":"closed","template":"","meta":{"_acf_changed":false,"content-type":"","_monsterinsights_skip_tracking":false,"_monsterinsights_sitenote_active":false,"_monsterinsights_sitenote_note":"","_monsterinsights_sitenote_category":0},"product_brand":[],"product_cat":[257,80,83,86],"product_tag":[],"class_list":{"0":"post-8968","1":"product","2":"type-product","3":"status-publish","4":"has-post-thumbnail","6":"product_cat-new-innovatve-products","7":"product_cat-antfarms","8":"product_cat-antfarms-l","9":"product_cat-formicariums","11":"first","12":"instock","13":"taxable","14":"shipping-taxable","15":"purchasable","16":"product-type-simple"},"acf":[],"aioseo_notices":[],"jetpack_sharing_enabled":true,"_links":{"self":[{"href":"https:\/\/antcube.shop\/es\/wp-json\/wp\/v2\/product\/8968","targetHints":{"allow":["GET"]}}],"collection":[{"href":"https:\/\/antcube.shop\/es\/wp-json\/wp\/v2\/product"}],"about":[{"href":"https:\/\/antcube.shop\/es\/wp-json\/wp\/v2\/types\/product"}],"replies":[{"embeddable":true,"href":"https:\/\/antcube.shop\/es\/wp-json\/wp\/v2\/comments?post=8968"}],"wp:featuredmedia":[{"embeddable":true,"href":"https:\/\/antcube.shop\/es\/wp-json\/wp\/v2\/media\/8997"}],"wp:attachment":[{"href":"https:\/\/antcube.shop\/es\/wp-json\/wp\/v2\/media?parent=8968"}],"wp:term":[{"taxonomy":"product_brand","embeddable":true,"href":"https:\/\/antcube.shop\/es\/wp-json\/wp\/v2\/product_brand?post=8968"},{"taxonomy":"product_cat","embeddable":true,"href":"https:\/\/antcube.shop\/es\/wp-json\/wp\/v2\/product_cat?post=8968"},{"taxonomy":"product_tag","embeddable":true,"href":"https:\/\/antcube.shop\/es\/wp-json\/wp\/v2\/product_tag?post=8968"}],"curies":[{"name":"wp","href":"https:\/\/api.w.org\/{rel}","templated":true}]}}