{"id":8853,"date":"2024-08-01T15:35:42","date_gmt":"2024-08-01T13:35:42","guid":{"rendered":"https:\/\/antcube.shop\/product\/bundle-offer-pseudoneoponera-rufipes\/"},"modified":"2025-10-19T16:10:44","modified_gmt":"2025-10-19T14:10:44","slug":"oferta-paquete-pseudoneoponera-rufipes","status":"publish","type":"product","link":"https:\/\/antcube.shop\/es\/producto\/oferta-paquete-pseudoneoponera-rufipes\/","title":{"rendered":"Oferta Paquete - Pseudoneoponera rufipes"},"content":{"rendered":"<p><span data-text-color=\"secondary\"><strong>Oferta de paquete que incluye una colonia de hormigas Pseudoneoponera rufipes (reina con 11-25 obreras + cr\u00eda)<\/strong><\/span><\/p>\n<p><span data-text-color=\"alert\"><strong>S\u00f3lo hasta fin de existencias.<\/strong><\/span><\/p>\n<p><span data-text-color=\"alert\"><strong>El env\u00edo s\u00f3lo es posible a trav\u00e9s de GO! dentro de Alemania.<\/strong><\/span><\/p>\n<p><strong>Todo lo que necesitas para una colonia de hormigas Pseudoneoponera rufipes:<\/strong><br \/>\nEste paquete contiene todo lo que necesita para llevar con \u00e9xito una colonia de Pseudoneoponera rufipes durante sus primeros meses. Se puede ampliar de forma flexible y se ha probado durante varios a\u00f1os con esta especie de hormiga.<\/p>\n<p><strong>Especie de hormiga Pseudoneoponera rufipes:<\/strong><br \/>\nPseudoneoponera rufipes es una especie de hormiga grande del sudeste asi\u00e1tico. All\u00ed suelen anidar en suelos limosos y, a veces, tambi\u00e9n en \u00e1rboles. Debido a su origen en regiones tropicales, no hibernan. Sus colonias alcanzan un tama\u00f1o m\u00e1ximo de varios centenares de animales, pero no suelen superar los 200.<\/p>\n<p>Parecen relativamente perezosos durante el d\u00eda, ya que son m\u00e1s activos durante la noche y el crep\u00fasculo. Sin embargo, tambi\u00e9n son activas durante el d\u00eda y su comportamiento tranquilo hace que observarlas sea una experiencia especial. Como mecanismo de defensa, cubren a sus enemigos con una secreci\u00f3n defensiva parecida a la espuma.<\/p>\n<p><strong>Nido de Pseudoneoponera rufipes:<\/strong><br \/>\nComo en estado salvaje suelen anidar en suelos limosos de las selvas tropicales del sudeste asi\u00e1tico, hemos optado por una granja de hormigas XL con suelo de selva tropical.<\/p>\n<p><strong>Alimento para Pseudoneoponera rufipes:<\/strong><br \/>\nEn este set hemos incluido como alimento nuestros grillos enteros escaldados y nuestra mezcla de melaza. Ambos son muy bien aceptados por Pseudoneoponera rufipes y favorecen un desarrollo natural y positivo de la colonia gracias a los nutrientes que contienen.<\/p>\n<p><strong>Las condiciones clim\u00e1ticas \u00f3ptimas para Pseudoneoponera rufipes son las siguientes:<\/strong><br \/>\nLa humedad:<br \/>\nArena: 60 - 70% Zona de nidificaci\u00f3n: 60 - 80%<br \/>\nLa temperatura:<br \/>\nArena: 21 - 30\u00b0C Zona del nido: 24 - 28\u00b0C<\/p>\n<p><strong>Contenido:<\/strong><br \/>\n1x Pseudoneoponera rufipes (reina + 11-25 obreras + cr\u00eda)<\/p>\n<p>1x Honeydew Mix (HT) - recarga 10ml<br \/>\n1x grillo entero escaldado 10g<br \/>\n1x soporte de arena 20\u00d720<br \/>\n1x base de formicario - 20\u00d76<\/p>\n<p>1x ANTCUBE - Arena 20x20x10 - plano<br \/>\n1x ANTCUBO - Hormiguero - L - 20\u00d720 - vertical<br \/>\n1x marco de hormigueros 20\u00d720<br \/>\n1x cubierta de hormigueros 20\u00d720<br \/>\n4x puntos de fijaci\u00f3n para la cubierta de la arena<\/p>\n<p>1x manguera transparente de 0,5 m 20\/16 mm<br \/>\n2x conector de manguera de lavabo 27 mm -14,16,20 mm - transparente<br \/>\n1x pinzas adhesivas - transparente 2 uds.<br \/>\n1x ANTCUBO - l\u00e1mina roja 20\u00d720 - filtro<\/p>\n<p>2x sustrato - selva - 1 kg<br \/>\n1x foto panel trasero - rainforest - 20\u00d710<\/p>\n<p>2x rejilla - 50mm - acero inoxidable<br \/>\n1x rejilla - 27mm - acero inoxidable<\/p>\n<p>1x mini termohigr\u00f3metro anal\u00f3gico - pantalla - colgante<br \/>\n1x pinzas de acero para muelles anchas - suaves<br \/>\n1x pinzas de pl\u00e1stico est\u00e1ndar<br \/>\n1x Pipeta de pl\u00e1stico de 3ml<br \/>\n1x Aceite Protector Contra Focos de Hormigas 10ml<br \/>\n1x Bebedero 2ml - 360 grados<br \/>\n1x bol transparente 1\u00d720 - esponja<br \/>\n1x bebedero transparente 20ml - esponja<br \/>\n1x Lupa de mano - 2x - 30mm<br \/>\n1x limpiador de espuma 150x18x2.5mm<\/p>\n<p><strong>Descripci\u00f3n:<\/strong><br \/>\nEste set de iniciaci\u00f3n ampliable para Pseudoneoponera rufipes no s\u00f3lo contiene el formicario \u00f3ptimamente adaptado, sino tambi\u00e9n los accesorios adecuados para el mantenimiento de esta especie de hormiga. El \"bebedero transparente 20 ml - esponja\" est\u00e1 pensado para el agua, el \"bebedero 2 ml - 360 grados\" para la mezcla de melaza.<\/p>\n<p><span data-text-color=\"alert\"><strong>Es importante:<\/strong><\/span> Humedezca el sustrato antes de utilizarlo para que la mezcla pueda aglutinarse y fijarse firmemente en el hormiguero. Adem\u00e1s, un sustrato seco y polvoriento puede provocar la obstrucci\u00f3n de las v\u00edas respiratorias de las hormigas y, en el peor de los casos, la asfixia de los animales.<\/p>\n<p><strong>Notas sobre la producci\u00f3n<\/strong><br \/>\nEl cristal se corta a medida seg\u00fan la norma DIN 1249 con una tolerancia de +\/- 1 mm. Para las especies de hormigas extremadamente peque\u00f1as es imprescindible una protecci\u00f3n adicional contra la rotura.<\/p>\n<p><strong>Nota sobre los grillos escaldados:<\/strong><br \/>\nNuestros grillos escaldados son una forma f\u00e1cil de proporcionar a sus hormigas alimento proteico reci\u00e9n conservado sin tener que alimentarlas con insectos vivos. Los grillos contenidos (Acheta domesticus) se han escaldado suavemente para garantizar que se conserven los valores nutricionales, el sabor y el aroma. Adem\u00e1s, el caparaz\u00f3n quitinoso de los insectos se ablanda de este modo para que pueda digerirse m\u00e1s f\u00e1cilmente. Los enlaces de las prote\u00ednas de col\u00e1geno se rompen para que las hormigas puedan utilizarlas mejor. El Acheta domesticus en conserva tiene el mismo valor nutritivo que los grillos vivos, pero es m\u00e1s f\u00e1cil de digerir.<\/p>\n<p>Los grillos escaldados no son adecuados para cazar especies de hormigas que requieren alimento vivo (por ejemplo, las ponerinas (hormigas grandes) como Harpegnathos u Odontomachus).<\/p>\n<p><strong>M\u00e1s ventajas:<\/strong><br \/>\nGarant\u00eda de ausencia de \u00e1caros<br \/>\nSe puede porcionar<br \/>\nEsterilizado y aspirado<br \/>\nSin aditivos<br \/>\nGrillos procedentes de cr\u00eda sostenible puramente ecol\u00f3gica, alimentados con residuos org\u00e1nicos<\/p>\n<p><strong>Tenga en cuenta lo siguiente:<\/strong><br \/>\nPuede conservarse en el frigor\u00edfico unos cuatro d\u00edas despu\u00e9s de abierto. Se conserva m\u00e1s tiempo si se congela.<\/p>\n<p><strong>Nota sobre el melazo:<\/strong><br \/>\nContenido: 10 ml<br \/>\nSe trata de un producto natural, que hemos refinado tras exhaustivas pruebas en nuestro laboratorio y convertido en un alimento muy bien aceptado por las hormigas. La raz\u00f3n es que la miel de mielada sin procesar en su forma original concentrada no es bien aceptada por las hormigas y su metabolismo.<br \/>\nNuestro melazo se recolecta en los impolutos bosques de monta\u00f1a de Bulgaria. El melazo s\u00f3lo se produce durante un tiempo muy limitado, unos dos meses en verano. Por lo tanto, es muy escaso. Debido a las caracter\u00edsticas espec\u00edficas del suelo de los bosques y al clima, en las hojas de los \u00e1rboles se almacenan nutrientes esenciales que son absorbidos por los pulgones. Esto es lo que hace que esta mezcla de mielada sea tan apetecible para las hormigas.<\/p>\n<p><strong>Aplicaci\u00f3n:<\/strong><br \/>\nLa cantidad de comida debe consumirse en unos 3 d\u00edas.<\/p>\n<p><strong>Descripci\u00f3n:<\/strong><br \/>\nEl melazo, a diferencia de la miel de flores, se obtiene de las secreciones de insectos que chupan las plantas, como los pulgones. El melazo es una fuente de alimento popular para muchos insectos, como hormigas, abejas y abejorros. Las abejas y los abejorros lo lamen de las hojas o agujas de diversos \u00e1rboles. Las hormigas, como Lasius niger, se quedan literalmente con los pulgones. Incluso los defienden de los depredadores y los transportan a los brotes frescos.<\/p>\n<p>El melazo es especialmente popular entre las hormigas por sus componentes algo diferentes. Los principales az\u00facares del melazo son la sacarosa y la fructosa, pero tambi\u00e9n se encuentran peque\u00f1as cantidades de maltosa, trehalosa, melezitosa, rafinosa y otros oligosac\u00e1ridos. Adem\u00e1s de az\u00facar y agua, el melazo tambi\u00e9n contiene amino\u00e1cidos esenciales, minerales, oligoelementos, adenosinas, fosfatos y otros ingredientes como vitaminas.<\/p>\n<p><strong>Utilizar:<\/strong><br \/>\nPara las especies de hormigas mel\u00edferas (Meliphagidae)<br \/>\nSe trata de una alimentaci\u00f3n complementaria<br \/>\nPuede ofrecerse a los animales tal como se suministra. Como la concentraci\u00f3n de az\u00facar se reduce por la humedad y comienza un proceso de fermentaci\u00f3n, el alimento debe sustituirse cada 3 d\u00edas. Limpie bien el comedero\/tubo antes de reutilizarlo.<br \/>\nUna vez abierto el envase, debe mantenerse bien cerrado hasta la fecha de caducidad.<\/p>\n<p><strong>Informaci\u00f3n nutricional por 100 g:<\/strong><br \/>\naprox. 2,7 % grasas<br \/>\nde los cuales saturados aprox. 0,45 %<br \/>\naprox. 95 % hidratos de carbono<br \/>\nde los cuales az\u00facar aprox. 71<br \/>\naprox. 2,85% de prote\u00edna<\/p>\n<p>Minerales (potasio, calcio, cobre, hierro, sodio, magnesio, f\u00f3sforo, zinc y otros oligoelementos) Amino\u00e1cidos (prolina, leucina, fenilalanina, alanina, histidina, isoleucina, \u00e1cido glut\u00e1mico, arginina, \u00e1cido asp\u00e1rtico, etc.) \u00c1cidos org\u00e1nicos Enzimas (fermentos)Aromas Inhibinas (sustancias antibacterianas) Flores Polen<\/p>\n<p><strong>Almacenamiento:<\/strong><br \/>\nPara garantizar la calidad del pienso, debe almacenarse en un lugar oscuro y seco.<\/p>\n<p><strong>Nota:<\/strong><br \/>\nAlimento complementario para hormigas mel\u00edferas.<br \/>\nConsulte en el prospecto la composici\u00f3n, los ingredientes anal\u00edticos, la fecha de caducidad y el n\u00famero de lote.<\/p>\n<p>L\u00ednea directa de informaci\u00f3n +49 30 439703870<\/p>\n<p><strong>Responsable de la inspecci\u00f3n veterinaria y alimentaria:<\/strong><br \/>\nOficina veterinaria de Steglitz<br \/>\nK\u00f6nigin-Luise-Str. 92<br \/>\n14195 Berl\u00edn<\/p>","protected":false},"excerpt":{"rendered":"<p>El juego consta de 35 piezas<\/p>","protected":false},"featured_media":8855,"comment_status":"open","ping_status":"closed","template":"","meta":{"_acf_changed":false,"content-type":"","_monsterinsights_skip_tracking":false,"_monsterinsights_sitenote_active":false,"_monsterinsights_sitenote_note":"","_monsterinsights_sitenote_category":0},"product_brand":[],"product_cat":[355,73],"product_tag":[],"class_list":{"0":"post-8853","1":"product","2":"type-product","3":"status-publish","4":"has-post-thumbnail","6":"product_cat-bundle-offers","7":"product_cat-starter-sets","8":"product_shipping_class-germany-only","10":"first","11":"outofstock","12":"taxable","13":"shipping-taxable","14":"purchasable","15":"product-type-simple"},"acf":[],"aioseo_notices":[],"jetpack_sharing_enabled":true,"_links":{"self":[{"href":"https:\/\/antcube.shop\/es\/wp-json\/wp\/v2\/product\/8853","targetHints":{"allow":["GET"]}}],"collection":[{"href":"https:\/\/antcube.shop\/es\/wp-json\/wp\/v2\/product"}],"about":[{"href":"https:\/\/antcube.shop\/es\/wp-json\/wp\/v2\/types\/product"}],"replies":[{"embeddable":true,"href":"https:\/\/antcube.shop\/es\/wp-json\/wp\/v2\/comments?post=8853"}],"wp:featuredmedia":[{"embeddable":true,"href":"https:\/\/antcube.shop\/es\/wp-json\/wp\/v2\/media\/8855"}],"wp:attachment":[{"href":"https:\/\/antcube.shop\/es\/wp-json\/wp\/v2\/media?parent=8853"}],"wp:term":[{"taxonomy":"product_brand","embeddable":true,"href":"https:\/\/antcube.shop\/es\/wp-json\/wp\/v2\/product_brand?post=8853"},{"taxonomy":"product_cat","embeddable":true,"href":"https:\/\/antcube.shop\/es\/wp-json\/wp\/v2\/product_cat?post=8853"},{"taxonomy":"product_tag","embeddable":true,"href":"https:\/\/antcube.shop\/es\/wp-json\/wp\/v2\/product_tag?post=8853"}],"curies":[{"name":"wp","href":"https:\/\/api.w.org\/{rel}","templated":true}]}}