{"id":8718,"date":"2024-07-22T15:43:52","date_gmt":"2024-07-22T13:43:52","guid":{"rendered":"https:\/\/antcube.shop\/product\/bonsai-tree-deko\/"},"modified":"2026-01-20T18:00:36","modified_gmt":"2026-01-20T17:00:36","slug":"arbol-bonsai-deko","status":"publish","type":"product","link":"https:\/\/antcube.shop\/es\/producto\/arbol-bonsai-deko\/","title":{"rendered":"Bons\u00e1i-\u00e1rbol"},"content":{"rendered":"<p>Tama\u00f1o \/ altura De 20 cm a 28 cm<br \/>\nDi\u00e1metro ~ 10 cm -20 cm, ideal para arenas de 30x30x30 cm y superiores.<br \/>\nEl peso var\u00eda entre 250 y 400 gramos<\/p>\n<p>Nuestro \u00e1rbol bons\u00e1i es una decoraci\u00f3n ideal para su formicario. Puede utilizarse tanto de forma independiente en un fromicarium como en vivarios plantados de forma natural. Como las hormigas pueden esconderse debajo o dentro del bons\u00e1i, le recomendamos que s\u00f3lo lo utilice cuando su colonia de hormigas ya se haya instalado en su nido. De lo contrario, podr\u00edan preferirlo como lugar de anidamiento y usted perder\u00eda de vista el nido.<\/p>\n<p><strong>ATENCI\u00d3N:<\/strong> Por favor, no lo coloque en formicaria muy h\u00fameda (m\u00e1s de 60% de humedad). El bons\u00e1i podr\u00eda enmohecerse. Con muy buena ventilaci\u00f3n, el bons\u00e1i tambi\u00e9n puede colocarse en formicaria m\u00e1s h\u00fameda.<\/p>\n<p><span data-text-color=\"alert\"><strong>NOTA IMPORTANTE SOBRE EL ART\u00cdCULO:<\/strong><\/span><br \/>\nDado que este es un producto natural \/ \u00fanico, las fotos aqu\u00ed no son completamente id\u00e9nticas al art\u00edculo que usted recibir\u00e1. Habr\u00e1 variaciones en el tama\u00f1o, la forma y el color del mini \u00e1rbol, as\u00ed como la placa base de pizarra de cantera. S\u00f3lo garantizamos la altura m\u00e1xima del art\u00edculo.<\/p>\n<p>Al pedir este art\u00edculo, usted acepta y consiente las posibles variaciones del producto en tama\u00f1o, forma y color en el momento de la compra.<\/p>","protected":false},"excerpt":{"rendered":"<p>Dimensiones: 20-28 cm de altura<\/p>","protected":false},"featured_media":8721,"comment_status":"open","ping_status":"closed","template":"","meta":{"_acf_changed":false,"content-type":"","_monsterinsights_skip_tracking":false,"_monsterinsights_sitenote_active":false,"_monsterinsights_sitenote_note":"","_monsterinsights_sitenote_category":0},"product_brand":[],"product_cat":[95,98],"product_tag":[],"class_list":{"0":"post-8718","1":"product","2":"type-product","3":"status-publish","4":"has-post-thumbnail","6":"product_cat-accessories-for-ants","7":"product_cat-decoration","9":"first","10":"outofstock","11":"taxable","12":"shipping-taxable","13":"purchasable","14":"product-type-simple"},"acf":[],"aioseo_notices":[],"jetpack_sharing_enabled":true,"_links":{"self":[{"href":"https:\/\/antcube.shop\/es\/wp-json\/wp\/v2\/product\/8718","targetHints":{"allow":["GET"]}}],"collection":[{"href":"https:\/\/antcube.shop\/es\/wp-json\/wp\/v2\/product"}],"about":[{"href":"https:\/\/antcube.shop\/es\/wp-json\/wp\/v2\/types\/product"}],"replies":[{"embeddable":true,"href":"https:\/\/antcube.shop\/es\/wp-json\/wp\/v2\/comments?post=8718"}],"wp:featuredmedia":[{"embeddable":true,"href":"https:\/\/antcube.shop\/es\/wp-json\/wp\/v2\/media\/8721"}],"wp:attachment":[{"href":"https:\/\/antcube.shop\/es\/wp-json\/wp\/v2\/media?parent=8718"}],"wp:term":[{"taxonomy":"product_brand","embeddable":true,"href":"https:\/\/antcube.shop\/es\/wp-json\/wp\/v2\/product_brand?post=8718"},{"taxonomy":"product_cat","embeddable":true,"href":"https:\/\/antcube.shop\/es\/wp-json\/wp\/v2\/product_cat?post=8718"},{"taxonomy":"product_tag","embeddable":true,"href":"https:\/\/antcube.shop\/es\/wp-json\/wp\/v2\/product_tag?post=8718"}],"curies":[{"name":"wp","href":"https:\/\/api.w.org\/{rel}","templated":true}]}}