{"id":8717,"date":"2024-07-22T15:37:55","date_gmt":"2024-07-22T13:37:55","guid":{"rendered":"https:\/\/antcube.shop\/product\/bundle-offer-harpegnathos-venator\/"},"modified":"2026-03-04T16:55:50","modified_gmt":"2026-03-04T15:55:50","slug":"paquete-oferta-harpegnathos-venator","status":"publish","type":"product","link":"https:\/\/antcube.shop\/es\/producto\/paquete-oferta-harpegnathos-venator\/","title":{"rendered":"Oferta Bundle - Harpegnathos venator"},"content":{"rendered":"<p><span data-text-color=\"secondary\"><strong>Oferta de paquete que incluye una colonia de hormigas Harpegnathos venator (reina con 11-25 obreras + cr\u00eda)<\/strong><\/span><\/p>\n<p><span data-text-color=\"alert\"><strong>S\u00f3lo hasta fin de existencias. <\/strong><\/span><\/p>\n<p><span data-text-color=\"alert\"><strong>El env\u00edo s\u00f3lo es posible a trav\u00e9s de GO! dentro de Alemania.<\/strong><\/span><\/p>\n<p>1x Harpegnathos venator reina + 11-25 obreras + cr\u00eda<\/p>\n<p>1x Nido Ytong - 40\u00d720 con arena<br \/>\n1x ba\u00f1era de cristal 40\u00d720<br \/>\n1x almohadilla formicarium - 40x20cm<br \/>\n1x tapa roja 20\u00d720 - horizontal<\/p>\n<p>1x Arcilla color - beige - 100ml<br \/>\n1x sustrato - selva tropical - 1kg<br \/>\n1x Formicarium gr\u00e1nulos 200 ml - negro<br \/>\n1x foto panel trasero - rainforest - 20\u00d710<\/p>\n<p>2x Grid insert acrylic &#8211; 50 mm with sealing ring<br \/>\n1x Grid insert acrylic &#8211; 27 mm with sealing ring<\/p>\n<p>1x Mermelada de Grillo 25g<br \/>\n1x Honeydew Mix (HT) - recambio 10ml<\/p>\n<p>1x drinking clear 5ml &#8211; sponge<br \/>\n1x Feeding dish white rectangle &#8211; 3 compartments<br \/>\n1x Drinking trough 2ml &#8211; 360 Degrees<\/p>\n<p>1x Foil thermometer Display<\/p>\n<p>1x Aceite antihormigas 10ml<br \/>\n1x Pinzas de acero para muelles - anchas - suaves<br \/>\n1x Pinzas de pl\u00e1stico transparente<br \/>\n1x pipeta de pl\u00e1stico de 3ml<br \/>\n1x lupa de mano - 2x - 30mm<br \/>\n1x limpiador de espuma 150x18x2,5mm<\/p>\n<p><strong>Especie de hormiga Harpegnathos venator:<\/strong><br \/>\nHarpegnathos venator es una especie de hormiga muy bella y de gran tama\u00f1o procedente del sudeste asi\u00e1tico. Son principalmente activas por la noche, pero tambi\u00e9n lo son durante el d\u00eda debido a que la intensidad de la luz en el hogar suele ser menor. Esta especie de hormiga puede saltar unos 8 - 10 cm, caminar hacia atr\u00e1s y tiene muy buena vista. Vistas de perfil, las mand\u00edbulas tienen forma de dientes de sable. Muestran un comportamiento interesante cuando cazan moviendo el gaster antes de atacar.<\/p>\n<p>Puede alimentarlas con una soluci\u00f3n de az\u00facar y miel, miel y alimento prote\u00ednico o, preferiblemente, con peque\u00f1os insectos vivos como grillos y moscas de la fruta. Harpegnathos venator tiene un comportamiento de caza muy pronunciado y por eso acepta mucho mejor el alimento vivo.<\/p>\n<p>La humedad y la temperatura en la arena deben aumentar ligeramente como m\u00e1ximo, pero el nido debe estar siempre h\u00famedo. Los animales prefieren zonas del nido con diferente humedad.<\/p>\n<p>Las c\u00e1maras y pasadizos prefabricados pueden ser utilizados directamente por la colonia. El nido Ytong puede humedecerse f\u00e1cilmente utilizando la bandeja incluida. Basta con verter un poco de agua en la bandeja y esperar a que la piedra Ytong absorba el agua por s\u00ed sola.<\/p>\n<p><strong>Informaci\u00f3n sobre el nido Ytong con arena:<\/strong><br \/>\nContiene:<br \/>\nMaterial: hormig\u00f3n celular, vidrio, pl\u00e1stico PMMA y PVC<\/p>\n<p><strong>Conexi\u00f3n:<\/strong> 1 abertura de 14 mm; 1 abertura de 27 mm<\/p>\n<p><strong>Contenido:<\/strong><br \/>\n1 bloque de hormig\u00f3n celular de 40x20x5 cm con c\u00e1maras de 20 mm de profundidad.<br \/>\n1 placa de vidrio de 40\u00d720 cm con una abertura de 50 mm y una arena de 20\u00d720 cm<br \/>\n1x marco de hormigueros 20\u00d720<br \/>\n1x cubierta de hormigueros 20\u00d720<br \/>\n1x anillo de 50mm con apertura de 27mm<br \/>\n1x tap\u00f3n de formicario 13mm<br \/>\n2x tapones formicarium 27mm<br \/>\n2 tapones de formicario de 50 mm<\/p>\n<p>Gracias a sus propiedades de retenci\u00f3n de agua, el material es muy adecuado para mantener hormigas. Puede utilizarse para mantener un gran n\u00famero de especies que anidan en la tierra, tanto en h\u00e1bitats secos como h\u00famedos. Dependiendo de la especie de hormiga, es aconsejable cubrir el fondo de las c\u00e1maras con pintura de arcilla y sustrato de tierra. Algunas especies se sienten m\u00e1s c\u00f3modas de esta manera y las especies Ponerinae, por ejemplo, necesitan tierra para que sus larvas puedan pupar correctamente. Como este nido ya contiene una arena, puede utilizarse como un sistema de formicario completo.<\/p>\n<p><strong>Nota:<\/strong><br \/>\nPara evitar que el agua salga del Ytong despu\u00e9s de humedecer la zona del nido y se acumule en la superficie de los muebles de debajo, o que el material rugoso ara\u00f1e las superficies, recomendamos una de nuestras bandejas de cristal a juego para nuestros nidos Ytong. Son impermeables y protegen eficazmente las superficies de debajo contra el agua y los ara\u00f1azos.<\/p>\n<p><strong>Utilizar:<\/strong><br \/>\nPara las especies de hormigas de tama\u00f1o M - L<br \/>\nEl hormig\u00f3n celular es un material muy quebradizo y fr\u00e1gil. Por lo tanto, es imposible evitar que las esquinas y los bordes se rompan y queden ligeramente desiguales durante la producci\u00f3n. Por esta raz\u00f3n, los nidos Ytong no son adecuados para especies de hormigas muy peque\u00f1as de tama\u00f1o S, ya que estas especies podr\u00edan romperse f\u00e1cilmente.<\/p>\n<p><span data-text-color=\"alert\"><strong>Es importante:<\/strong><\/span> Humedezca el sustrato antes de utilizarlo para que la mezcla se adhiera y se fije firmemente en el hormiguero. Si el sustrato est\u00e1 demasiado seco y polvoriento, tambi\u00e9n puede obstruir las v\u00edas respiratorias de las hormigas y, en el peor de los casos, provocarles asfixia.<\/p>\n<p><strong>Recomendaci\u00f3n:<\/strong> Recomendamos una capa de sustrato de 2 mm de altura, para que los animales no puedan escarbar en la arena y, en cambio, utilicen la granja proporcionada para este fin. Tambi\u00e9n recomendamos que el material de anidaci\u00f3n de la granja (arena\/arcilla, Digfix, etc.) est\u00e9 ligeramente pinchado en un lugar para facilitar la excavaci\u00f3n a los animales.<\/p>\n<p><strong>Notas sobre la producci\u00f3n<\/strong><br \/>\nEl cristal se corta a medida seg\u00fan la norma DIN 1249 con una tolerancia de +\/- 1 mm. Para las especies de hormigas extremadamente peque\u00f1as es imprescindible una protecci\u00f3n adicional contra la rotura.<\/p>\n<p><strong>Nota Pintura de arcilla:<\/strong><\/p>\n<p><strong>Descripci\u00f3n:<\/strong> Esta mezcla no es t\u00f3xica y es relativamente resistente al agua en yeso y hormig\u00f3n, pero por lo dem\u00e1s es soluble en agua.<\/p>\n<p><strong>Instrucciones de uso:<\/strong><br \/>\nEsta mezcla est\u00e1 lista para usar y puede aplicarse inmediatamente sobre yeso u hormig\u00f3n celular con una brocha.<br \/>\n100 ml son suficientes para aproximadamente 1\/4 m\u00b2 de hormig\u00f3n celular o 1\/2 m\u00b2 de yeso.<br \/>\nCuando est\u00e1 h\u00fameda, la superficie puede espolvorearse con arena, por ejemplo, para conseguir un aspecto a\u00fan m\u00e1s natural.<\/p>","protected":false},"excerpt":{"rendered":"<p>Conexi\u00f3n: 1x14mm 1x27mm<br \/>\nTama\u00f1o: <strong><span style=\"color: #339966;\">M<\/span><\/strong><strong> &#8211; <span style=\"color: #0000ff;\">L<\/span><\/strong><\/p>","protected":false},"featured_media":8720,"comment_status":"open","ping_status":"closed","template":"","meta":{"_acf_changed":false,"content-type":"","_monsterinsights_skip_tracking":false,"_monsterinsights_sitenote_active":false,"_monsterinsights_sitenote_note":"","_monsterinsights_sitenote_category":0},"product_brand":[],"product_cat":[355,73],"product_tag":[],"class_list":{"0":"post-8717","1":"product","2":"type-product","3":"status-publish","4":"has-post-thumbnail","6":"product_cat-bundle-offers","7":"product_cat-starter-sets","8":"product_shipping_class-germany-only","10":"first","11":"outofstock","12":"taxable","13":"shipping-taxable","14":"purchasable","15":"product-type-simple"},"acf":[],"aioseo_notices":[],"jetpack_sharing_enabled":true,"_links":{"self":[{"href":"https:\/\/antcube.shop\/es\/wp-json\/wp\/v2\/product\/8717","targetHints":{"allow":["GET"]}}],"collection":[{"href":"https:\/\/antcube.shop\/es\/wp-json\/wp\/v2\/product"}],"about":[{"href":"https:\/\/antcube.shop\/es\/wp-json\/wp\/v2\/types\/product"}],"replies":[{"embeddable":true,"href":"https:\/\/antcube.shop\/es\/wp-json\/wp\/v2\/comments?post=8717"}],"wp:featuredmedia":[{"embeddable":true,"href":"https:\/\/antcube.shop\/es\/wp-json\/wp\/v2\/media\/8720"}],"wp:attachment":[{"href":"https:\/\/antcube.shop\/es\/wp-json\/wp\/v2\/media?parent=8717"}],"wp:term":[{"taxonomy":"product_brand","embeddable":true,"href":"https:\/\/antcube.shop\/es\/wp-json\/wp\/v2\/product_brand?post=8717"},{"taxonomy":"product_cat","embeddable":true,"href":"https:\/\/antcube.shop\/es\/wp-json\/wp\/v2\/product_cat?post=8717"},{"taxonomy":"product_tag","embeddable":true,"href":"https:\/\/antcube.shop\/es\/wp-json\/wp\/v2\/product_tag?post=8717"}],"curies":[{"name":"wp","href":"https:\/\/api.w.org\/{rel}","templated":true}]}}