{"id":8518,"date":"2024-06-10T10:41:37","date_gmt":"2024-06-10T08:41:37","guid":{"rendered":"https:\/\/antcube.shop\/product\/poster\/"},"modified":"2025-09-30T10:22:23","modified_gmt":"2025-09-30T08:22:23","slug":"poster-anatomia","status":"publish","type":"product","link":"https:\/\/antcube.shop\/es\/producto\/poster-anatomia\/","title":{"rendered":"P\u00f3ster Anatom\u00eda"},"content":{"rendered":"<p>P\u00f3sters con calidad de museo realizados en papel mate grueso. A\u00f1ade un acento maravilloso a tu habitaci\u00f3n y oficina con estos p\u00f3steres que seguro iluminar\u00e1n cualquier ambiente.<\/p>\n<p>- Grosor del papel: 10,3 mil<br \/>\n- Gramaje del papel: 189 g\/m<br \/>\n- Opacidad: 94%<br \/>\n- Brillo ISO: 104%<br \/>\n- El papel procede de Jap\u00f3n<\/p>\n<p>Este producto se fabrica especialmente para usted en cuanto realiza un pedido, por eso tardamos un poco m\u00e1s en entreg\u00e1rselo. Fabricar productos bajo pedido en lugar de a granel ayuda a reducir la sobreproducci\u00f3n, as\u00ed que \u00a1gracias por tomar decisiones de compra meditadas!<\/p>","protected":false},"excerpt":{"rendered":"<p>P\u00f3sters con calidad de museo realizados en papel mate grueso. A\u00f1ada un maravilloso acento a su habitaci\u00f3n y oficina con estos p\u00f3sters que seguro iluminar\u00e1n cualquier ambiente. - Grosor del papel: 10,3 mil - Gramaje del papel: 189 g\/m\u00b2 - Opacidad: 94% - Brillo ISO: 104% - El papel procede de Jap\u00f3n Este producto est\u00e1 hecho especialmente para","protected":false},"featured_media":8523,"comment_status":"open","ping_status":"closed","template":"","meta":{"_acf_changed":false,"content-type":"","_monsterinsights_skip_tracking":false,"_monsterinsights_sitenote_active":false,"_monsterinsights_sitenote_note":"","_monsterinsights_sitenote_category":0},"product_brand":[],"product_cat":[245],"product_tag":[],"class_list":{"0":"post-8518","1":"product","2":"type-product","3":"status-publish","4":"has-post-thumbnail","6":"product_cat-merchandise","8":"first","9":"instock","10":"taxable","11":"shipping-taxable","12":"purchasable","13":"product-type-variable"},"acf":[],"aioseo_notices":[],"jetpack_sharing_enabled":true,"_links":{"self":[{"href":"https:\/\/antcube.shop\/es\/wp-json\/wp\/v2\/product\/8518","targetHints":{"allow":["GET"]}}],"collection":[{"href":"https:\/\/antcube.shop\/es\/wp-json\/wp\/v2\/product"}],"about":[{"href":"https:\/\/antcube.shop\/es\/wp-json\/wp\/v2\/types\/product"}],"replies":[{"embeddable":true,"href":"https:\/\/antcube.shop\/es\/wp-json\/wp\/v2\/comments?post=8518"}],"wp:featuredmedia":[{"embeddable":true,"href":"https:\/\/antcube.shop\/es\/wp-json\/wp\/v2\/media\/8523"}],"wp:attachment":[{"href":"https:\/\/antcube.shop\/es\/wp-json\/wp\/v2\/media?parent=8518"}],"wp:term":[{"taxonomy":"product_brand","embeddable":true,"href":"https:\/\/antcube.shop\/es\/wp-json\/wp\/v2\/product_brand?post=8518"},{"taxonomy":"product_cat","embeddable":true,"href":"https:\/\/antcube.shop\/es\/wp-json\/wp\/v2\/product_cat?post=8518"},{"taxonomy":"product_tag","embeddable":true,"href":"https:\/\/antcube.shop\/es\/wp-json\/wp\/v2\/product_tag?post=8518"}],"curies":[{"name":"wp","href":"https:\/\/api.w.org\/{rel}","templated":true}]}}