{"id":8505,"date":"2024-06-10T10:40:55","date_gmt":"2024-06-10T08:40:55","guid":{"rendered":"https:\/\/antcube.shop\/product\/sports-water-bottle\/"},"modified":"2025-12-03T21:47:07","modified_gmt":"2025-12-03T20:47:07","slug":"botella-de-agua-deportiva","status":"publish","type":"product","link":"https:\/\/antcube.shop\/es\/producto\/botella-de-agua-deportiva\/","title":{"rendered":"Botella de agua para deporte"},"content":{"rendered":"<p>Consigue una botella de agua personalizada y deportiva fabricada con pl\u00e1stico reciclado 50% para mantenerte hidratado con estilo. Resistente a manchas, roturas y olores, mantiene tus bebidas frescas, y la tapa a prueba de derrames y la v\u00e1lvula de mordida evitan las fugas. El tama\u00f1o extragrande de esta botella tambi\u00e9n es adecuado para largas sesiones de gimnasio, trabajo o estudio. - 25<\/p>\n<p>- 739 ml (25 oz) <br \/>\n- Dimensiones: 10\u2033 \u00d7 3\u2033 (25,4 \u00d7 7,62 cm)<br \/>\n- Material reciclado Eastman Tritan\u2122 Renew 50% sin BPA. <br \/>\n- Resistente a manchas, roturas y olores<br \/>\n- Tapa de rosca antiderrame con v\u00e1lvula de mordida<br \/>\n- Asa de transporte de un solo dedo<\/p>","protected":false},"excerpt":{"rendered":"<p>Consigue una botella de agua personalizada y deportiva fabricada con pl\u00e1stico reciclado 50% para mantenerte hidratado con estilo. Resistente a manchas, roturas y olores, mantiene tus bebidas frescas, y la tapa a prueba de derrames y la v\u00e1lvula de mordida evitan las fugas. El tama\u00f1o extragrande de esta botella tambi\u00e9n es adecuado para largas sesiones de gimnasio, trabajo o estudio. - 25","protected":false},"featured_media":0,"comment_status":"open","ping_status":"closed","template":"","meta":{"_acf_changed":false,"content-type":"","_monsterinsights_skip_tracking":false,"_monsterinsights_sitenote_active":false,"_monsterinsights_sitenote_note":"","_monsterinsights_sitenote_category":0},"product_brand":[],"product_cat":[245],"product_tag":[],"class_list":{"0":"post-8505","1":"product","2":"type-product","3":"status-publish","5":"product_cat-merchandise","7":"first","8":"outofstock","9":"taxable","10":"shipping-taxable","11":"product-type-variable"},"acf":[],"aioseo_notices":[],"jetpack_sharing_enabled":true,"_links":{"self":[{"href":"https:\/\/antcube.shop\/es\/wp-json\/wp\/v2\/product\/8505","targetHints":{"allow":["GET"]}}],"collection":[{"href":"https:\/\/antcube.shop\/es\/wp-json\/wp\/v2\/product"}],"about":[{"href":"https:\/\/antcube.shop\/es\/wp-json\/wp\/v2\/types\/product"}],"replies":[{"embeddable":true,"href":"https:\/\/antcube.shop\/es\/wp-json\/wp\/v2\/comments?post=8505"}],"wp:attachment":[{"href":"https:\/\/antcube.shop\/es\/wp-json\/wp\/v2\/media?parent=8505"}],"wp:term":[{"taxonomy":"product_brand","embeddable":true,"href":"https:\/\/antcube.shop\/es\/wp-json\/wp\/v2\/product_brand?post=8505"},{"taxonomy":"product_cat","embeddable":true,"href":"https:\/\/antcube.shop\/es\/wp-json\/wp\/v2\/product_cat?post=8505"},{"taxonomy":"product_tag","embeddable":true,"href":"https:\/\/antcube.shop\/es\/wp-json\/wp\/v2\/product_tag?post=8505"}],"curies":[{"name":"wp","href":"https:\/\/api.w.org\/{rel}","templated":true}]}}