{"id":8503,"date":"2024-06-10T10:40:31","date_gmt":"2024-06-10T08:40:31","guid":{"rendered":"https:\/\/antcube.shop\/product\/stainless-steel-water-bottle-2\/"},"modified":"2024-12-12T11:07:50","modified_gmt":"2024-12-12T10:07:50","slug":"botella-de-agua-de-acero-inoxidable-2","status":"publish","type":"product","link":"https:\/\/antcube.shop\/es\/producto\/botella-de-agua-de-acero-inoxidable-2\/","title":{"rendered":"Botella de agua de acero inoxidable"},"content":{"rendered":"<p>Esta botella de agua de acero inoxidable de doble pared y 17 onzas es perfecta para tus salidas diarias. Mantendr\u00e1 su bebida preferida caliente o fr\u00eda durante horas. Tambi\u00e9n cuenta con una tapa a prueba de olores y fugas. Col\u00f3cala en el portavasos del coche de camino al trabajo, ll\u00e9vala de excursi\u00f3n o m\u00e9tela en el bolso para cuando tengas sed.<\/p>\n<p>- Acero inoxidable de alta calidad<br \/>\n- 17 oz (500 ml)<br \/>\n- Dimensiones: 10,5\u2033 \u00d7 2,85\u2033 (27 \u00d7 7 cm)<br \/>\n- Frasco al vac\u00edo<br \/>\n- Construcci\u00f3n de doble pared<br \/>\n- Forma de boliche<br \/>\n- Acabado brillante<br \/>\n- Tapa inodora y a prueba de fugas<br \/>\n- Aislado para l\u00edquidos calientes y fr\u00edos (mantiene el l\u00edquido caliente o fr\u00edo durante 6 h)<br \/>\n- Revestimiento ORCA patentado para obtener colores vivos<br \/>\n- Lavado a mano solamente<br \/>\n- Producto en blanco procedente de China<\/p>\n<p>Aviso: Mantener el agua en la botella durante m\u00e1s de 24 horas es antihigi\u00e9nico y puede provocar un olor desagradable.<\/p>","protected":false},"excerpt":{"rendered":"<p>Esta botella de agua de acero inoxidable de doble pared y 17 onzas es perfecta para tus salidas diarias. Mantendr\u00e1 tu bebida preferida caliente o fr\u00eda durante horas. Adem\u00e1s, cuenta con un tap\u00f3n a prueba de olores y fugas. Col\u00f3cala en el portavasos del coche de camino al trabajo, ll\u00e9vatela de excursi\u00f3n o m\u00e9tela [...]","protected":false},"featured_media":8504,"comment_status":"open","ping_status":"closed","template":"","meta":{"_acf_changed":false,"content-type":"","_monsterinsights_skip_tracking":false,"_monsterinsights_sitenote_active":false,"_monsterinsights_sitenote_note":"","_monsterinsights_sitenote_category":0},"product_brand":[],"product_cat":[245],"product_tag":[],"class_list":{"0":"post-8503","1":"product","2":"type-product","3":"status-publish","4":"has-post-thumbnail","6":"product_cat-merchandise","8":"first","9":"instock","10":"taxable","11":"shipping-taxable","12":"purchasable","13":"product-type-simple"},"acf":[],"aioseo_notices":[],"jetpack_sharing_enabled":true,"_links":{"self":[{"href":"https:\/\/antcube.shop\/es\/wp-json\/wp\/v2\/product\/8503","targetHints":{"allow":["GET"]}}],"collection":[{"href":"https:\/\/antcube.shop\/es\/wp-json\/wp\/v2\/product"}],"about":[{"href":"https:\/\/antcube.shop\/es\/wp-json\/wp\/v2\/types\/product"}],"replies":[{"embeddable":true,"href":"https:\/\/antcube.shop\/es\/wp-json\/wp\/v2\/comments?post=8503"}],"wp:featuredmedia":[{"embeddable":true,"href":"https:\/\/antcube.shop\/es\/wp-json\/wp\/v2\/media\/8504"}],"wp:attachment":[{"href":"https:\/\/antcube.shop\/es\/wp-json\/wp\/v2\/media?parent=8503"}],"wp:term":[{"taxonomy":"product_brand","embeddable":true,"href":"https:\/\/antcube.shop\/es\/wp-json\/wp\/v2\/product_brand?post=8503"},{"taxonomy":"product_cat","embeddable":true,"href":"https:\/\/antcube.shop\/es\/wp-json\/wp\/v2\/product_cat?post=8503"},{"taxonomy":"product_tag","embeddable":true,"href":"https:\/\/antcube.shop\/es\/wp-json\/wp\/v2\/product_tag?post=8503"}],"curies":[{"name":"wp","href":"https:\/\/api.w.org\/{rel}","templated":true}]}}