{"id":8185,"date":"2024-06-10T10:28:06","date_gmt":"2024-06-10T08:28:06","guid":{"rendered":"https:\/\/antcube.shop\/product\/boxer-briefs\/"},"modified":"2024-12-12T11:08:38","modified_gmt":"2024-12-12T10:08:38","slug":"calzoncillos-boxer","status":"publish","type":"product","link":"https:\/\/antcube.shop\/es\/producto\/calzoncillos-boxer\/","title":{"rendered":"Calzoncillos b\u00f3xer"},"content":{"rendered":"<p>Estos calzoncillos b\u00f3xer est\u00e1n confeccionados en un material suave y el\u00e1stico que garantiza la comodidad durante todo el d\u00eda. Los calzoncillos b\u00f3xer no tienen costura trasera y cuentan con una bolsa delantera forrada para mayor comodidad y sujeci\u00f3n. <\/p>\n<p>- 95% poli\u00e9ster, 5% elast\u00e1n (la composici\u00f3n del tejido puede variar en 1%)<br \/>\n- Media altura<br \/>\n- Bolsa delantera forrada para mayor sujeci\u00f3n<br \/>\n- Cintura el\u00e1stica de 4 cm de ancho recubierta de tela<br \/>\n- Panel de la entrepierna <br \/>\n- Sobrehilado y pespunte <br \/>\n- Sin costura trasera para mayor comodidad<br \/>\n- Componentes de productos en blanco en la UE procedentes de Lituania<br \/>\n- Componentes de productos en blanco en M\u00e9xico procedentes de EE.UU. y China<\/p>","protected":false},"excerpt":{"rendered":"<p>Estos calzoncillos b\u00f3xer est\u00e1n confeccionados en un material suave y el\u00e1stico que garantiza la comodidad durante todo el d\u00eda. Los calzoncillos b\u00f3xer no tienen costura trasera y cuentan con una bolsa delantera forrada para mayor comodidad y sujeci\u00f3n. - 95% poli\u00e9ster, 5% elastano (la composici\u00f3n del tejido puede variar seg\u00fan 1%) - Cintura media - Bolsillo delantero forrado para una mayor sujeci\u00f3n","protected":false},"featured_media":8195,"comment_status":"open","ping_status":"closed","template":"","meta":{"_acf_changed":false,"content-type":"","_monsterinsights_skip_tracking":false,"_monsterinsights_sitenote_active":false,"_monsterinsights_sitenote_note":"","_monsterinsights_sitenote_category":0},"product_brand":[],"product_cat":[245],"product_tag":[],"class_list":{"0":"post-8185","1":"product","2":"type-product","3":"status-publish","4":"has-post-thumbnail","6":"product_cat-merchandise","8":"first","9":"instock","10":"taxable","11":"shipping-taxable","12":"purchasable","13":"product-type-variable"},"acf":[],"aioseo_notices":[],"jetpack_sharing_enabled":true,"_links":{"self":[{"href":"https:\/\/antcube.shop\/es\/wp-json\/wp\/v2\/product\/8185","targetHints":{"allow":["GET"]}}],"collection":[{"href":"https:\/\/antcube.shop\/es\/wp-json\/wp\/v2\/product"}],"about":[{"href":"https:\/\/antcube.shop\/es\/wp-json\/wp\/v2\/types\/product"}],"replies":[{"embeddable":true,"href":"https:\/\/antcube.shop\/es\/wp-json\/wp\/v2\/comments?post=8185"}],"wp:featuredmedia":[{"embeddable":true,"href":"https:\/\/antcube.shop\/es\/wp-json\/wp\/v2\/media\/8195"}],"wp:attachment":[{"href":"https:\/\/antcube.shop\/es\/wp-json\/wp\/v2\/media?parent=8185"}],"wp:term":[{"taxonomy":"product_brand","embeddable":true,"href":"https:\/\/antcube.shop\/es\/wp-json\/wp\/v2\/product_brand?post=8185"},{"taxonomy":"product_cat","embeddable":true,"href":"https:\/\/antcube.shop\/es\/wp-json\/wp\/v2\/product_cat?post=8185"},{"taxonomy":"product_tag","embeddable":true,"href":"https:\/\/antcube.shop\/es\/wp-json\/wp\/v2\/product_tag?post=8185"}],"curies":[{"name":"wp","href":"https:\/\/api.w.org\/{rel}","templated":true}]}}