{"id":7997,"date":"2024-06-07T18:17:29","date_gmt":"2024-06-07T16:17:29","guid":{"rendered":"https:\/\/antcube.shop\/product\/unisex-hoodie\/"},"modified":"2024-12-12T11:08:58","modified_gmt":"2024-12-12T10:08:58","slug":"sudadera-unisex","status":"publish","type":"product","link":"https:\/\/antcube.shop\/es\/producto\/sudadera-unisex\/","title":{"rendered":"Sudadera con capucha unisex"},"content":{"rendered":"<p>Todo el mundo necesita una sudadera con capucha para acurrucarse, as\u00ed que elige una que sea suave, lisa y elegante. Es perfecta para las noches m\u00e1s frescas.<\/p>\n<p>- 50% algod\u00f3n preencogido, 50% poli\u00e9ster<br \/>\n- Peso del tejido: 271,25 g\/m\u00b2 (8,0 oz\/yd\u00b2)<br \/>\n- Hilado por chorro de aire con un tacto suave y menos pilling<br \/>\n- Capucha con doble forro y cord\u00f3n de ajuste a juego<br \/>\n- Cuarto de cuerpo girado para evitar el pliegue por el centro<br \/>\n- 1 \u00d7 1 pu\u00f1os y cintura de punto el\u00e1stico atl\u00e9tico con elastano<br \/>\n- Bolsillo frontal<br \/>\n- Cuello, hombros, sisas, pu\u00f1os y dobladillo cosidos a doble aguja<br \/>\n- Producto en blanco procedente de Bangladesh, Nicaragua, Honduras o El Salvador<\/p>\n<p>Este producto se fabrica especialmente para usted en cuanto realiza un pedido, por eso tardamos un poco m\u00e1s en entreg\u00e1rselo. Fabricar productos bajo pedido en lugar de a granel ayuda a reducir la sobreproducci\u00f3n, as\u00ed que \u00a1gracias por tomar decisiones de compra meditadas!<\/p>","protected":false},"excerpt":{"rendered":"<p>Todo el mundo necesita una sudadera con capucha para acurrucarse, as\u00ed que elige una que sea suave, lisa y elegante. Es la elecci\u00f3n perfecta para las noches m\u00e1s frescas. - Algod\u00f3n 50% preencogido, poli\u00e9ster 50% - Peso del tejido: 271,25 g\/m\u00b2 (8,0 oz\/yd\u00b2) - Hilado por chorro de aire con un tacto suave y menos formaci\u00f3n de bolitas - Capucha con doble forro a juego","protected":false},"featured_media":8060,"comment_status":"open","ping_status":"closed","template":"","meta":{"_acf_changed":false,"content-type":"","_monsterinsights_skip_tracking":false,"_monsterinsights_sitenote_active":false,"_monsterinsights_sitenote_note":"","_monsterinsights_sitenote_category":0},"product_brand":[],"product_cat":[245],"product_tag":[],"class_list":{"0":"post-7997","1":"product","2":"type-product","3":"status-publish","4":"has-post-thumbnail","6":"product_cat-merchandise","8":"first","9":"instock","10":"taxable","11":"shipping-taxable","12":"purchasable","13":"product-type-variable"},"acf":[],"aioseo_notices":[],"jetpack_sharing_enabled":true,"_links":{"self":[{"href":"https:\/\/antcube.shop\/es\/wp-json\/wp\/v2\/product\/7997","targetHints":{"allow":["GET"]}}],"collection":[{"href":"https:\/\/antcube.shop\/es\/wp-json\/wp\/v2\/product"}],"about":[{"href":"https:\/\/antcube.shop\/es\/wp-json\/wp\/v2\/types\/product"}],"replies":[{"embeddable":true,"href":"https:\/\/antcube.shop\/es\/wp-json\/wp\/v2\/comments?post=7997"}],"wp:featuredmedia":[{"embeddable":true,"href":"https:\/\/antcube.shop\/es\/wp-json\/wp\/v2\/media\/8060"}],"wp:attachment":[{"href":"https:\/\/antcube.shop\/es\/wp-json\/wp\/v2\/media?parent=7997"}],"wp:term":[{"taxonomy":"product_brand","embeddable":true,"href":"https:\/\/antcube.shop\/es\/wp-json\/wp\/v2\/product_brand?post=7997"},{"taxonomy":"product_cat","embeddable":true,"href":"https:\/\/antcube.shop\/es\/wp-json\/wp\/v2\/product_cat?post=7997"},{"taxonomy":"product_tag","embeddable":true,"href":"https:\/\/antcube.shop\/es\/wp-json\/wp\/v2\/product_tag?post=7997"}],"curies":[{"name":"wp","href":"https:\/\/api.w.org\/{rel}","templated":true}]}}