{"id":7942,"date":"2024-05-29T15:42:05","date_gmt":"2024-05-29T13:42:05","guid":{"rendered":"https:\/\/antcube.shop\/product\/rote-abdeckplatte-20x20-liegend\/"},"modified":"2026-04-27T20:31:30","modified_gmt":"2026-04-27T18:31:30","slug":"cubreplaca-rojo-20x20","status":"publish","type":"product","link":"https:\/\/antcube.shop\/es\/producto\/cubreplaca-rojo-20x20\/","title":{"rendered":"Tapa roja 20\u00d720 - horizontal"},"content":{"rendered":"<p><strong>Dimensiones:<\/strong> 180 x 180 mm,<br \/>\n<strong>Grosor:<\/strong> 3 mm<br \/>\nDimensi\u00f3n exterior del anillo con orificio de 56 mm - Dimensi\u00f3n interior del orificio de 33 mm<\/p>\n<p><strong>Material:<\/strong> PMMA<\/p>\n<p><strong>Color:<\/strong> rojo oscuro, transparente<\/p>\n<p><strong>Contenido:<\/strong> 1 ud.<\/p>\n<p><strong>Descripci\u00f3n:<\/strong> La placa de cubierta roja transparente - horizontal, se utiliza para dar a las hormigas una sensaci\u00f3n de estar bajo tierra. Por ello, recomendamos utilizar este producto al menos parcialmente en la zona del nido. Incluso se pueden ver las hormigas del nido a trav\u00e9s de la cubierta.<\/p>","protected":false},"excerpt":{"rendered":"<p>Dimensiones: 180 x 180 mm, Grosor: 3 mm Dimensi\u00f3n exterior del anillo de agujeros de 56 mm - Dimensi\u00f3n interior del agujero de 33 mm Material: PMMA Color: rojo oscuro, transparente Contenido: 1 ud. Descripci\u00f3n: La placa de cubierta roja transparente - horizontal, se utiliza para dar a las hormigas una sensaci\u00f3n subterr\u00e1nea. Por lo tanto, recomendamos el uso de este producto al menos parcialmente en el","protected":false},"featured_media":7945,"comment_status":"open","ping_status":"closed","template":"","meta":{"_acf_changed":false,"content-type":"","_monsterinsights_skip_tracking":false,"_monsterinsights_sitenote_active":false,"_monsterinsights_sitenote_note":"","_monsterinsights_sitenote_category":0},"product_brand":[],"product_cat":[119,239],"product_tag":[],"class_list":{"0":"post-7942","1":"product","2":"type-product","3":"status-publish","4":"has-post-thumbnail","6":"product_cat-formicarium-components","7":"product_cat-useful-additions","9":"first","10":"instock","11":"taxable","12":"shipping-taxable","13":"purchasable","14":"product-type-simple"},"acf":[],"aioseo_notices":[],"jetpack_sharing_enabled":true,"_links":{"self":[{"href":"https:\/\/antcube.shop\/es\/wp-json\/wp\/v2\/product\/7942","targetHints":{"allow":["GET"]}}],"collection":[{"href":"https:\/\/antcube.shop\/es\/wp-json\/wp\/v2\/product"}],"about":[{"href":"https:\/\/antcube.shop\/es\/wp-json\/wp\/v2\/types\/product"}],"replies":[{"embeddable":true,"href":"https:\/\/antcube.shop\/es\/wp-json\/wp\/v2\/comments?post=7942"}],"wp:featuredmedia":[{"embeddable":true,"href":"https:\/\/antcube.shop\/es\/wp-json\/wp\/v2\/media\/7945"}],"wp:attachment":[{"href":"https:\/\/antcube.shop\/es\/wp-json\/wp\/v2\/media?parent=7942"}],"wp:term":[{"taxonomy":"product_brand","embeddable":true,"href":"https:\/\/antcube.shop\/es\/wp-json\/wp\/v2\/product_brand?post=7942"},{"taxonomy":"product_cat","embeddable":true,"href":"https:\/\/antcube.shop\/es\/wp-json\/wp\/v2\/product_cat?post=7942"},{"taxonomy":"product_tag","embeddable":true,"href":"https:\/\/antcube.shop\/es\/wp-json\/wp\/v2\/product_tag?post=7942"}],"curies":[{"name":"wp","href":"https:\/\/api.w.org\/{rel}","templated":true}]}}