{"id":7590,"date":"2024-04-04T16:24:13","date_gmt":"2024-04-04T14:24:13","guid":{"rendered":"https:\/\/antcube.shop\/product\/thermo-hygrometer-analog-display-43mm-hangend\/"},"modified":"2026-04-13T10:49:00","modified_gmt":"2026-04-13T08:49:00","slug":"termo-higrometro-pantalla-analogica-43mm-colgante","status":"publish","type":"product","link":"https:\/\/antcube.shop\/es\/producto\/termo-higrometro-pantalla-analogica-43mm-colgante\/","title":{"rendered":"Termohigr\u00f3metro anal\u00f3gico - pantalla - 43mm - colgante"},"content":{"rendered":"<p><strong>Dimensiones:<\/strong> 73 mm x 63 mm, 20 mm de profundidad<\/p>\n<p><strong>Material:<\/strong> metal \/ acr\u00edlico<\/p>\n<p><strong>Color:<\/strong> metal, plata \/ transparente<\/p>\n<p><strong>Contenido:<\/strong> 1x termohigr\u00f3metro anal\u00f3gico de metal - 43mm, 1x soporte de cristal acr\u00edlico con hueco para el instrumento de medida - 73x59mm, 1x base de cristal acr\u00edlico - 73x20mm, 2x almohadillas adhesivas transparentes - 30x20mm<\/p>\n<p><strong>Descripci\u00f3n:<\/strong><br \/>\nEl conjunto consta de term\u00f3metro e higr\u00f3metro anal\u00f3gicos de metal (43 mm), que se insertan en una placa de cristal acr\u00edlico (73x59 mm). La pantalla se fija mediante dos almohadillas adhesivas transparentes, que pueden utilizarse para fijar la base (73x20mm) por encima de cubiertas o marcos de arena.<\/p>\n<p><strong>Es importante:<\/strong><br \/>\nLa parte posterior del calibrador debe mantenerse despejada, de lo contrario pueden producirse errores de medici\u00f3n.<\/p>\n<p><strong>Term\u00f3metro de precisi\u00f3n:<\/strong> +\/- 2\u00b0C , +\/- 4\u00b0F<br \/>\n<strong>Higr\u00f3metro de precisi\u00f3n:<\/strong> +\/- 5%<\/p>","protected":false},"excerpt":{"rendered":"<p>Juego de term\u00f3metro e higr\u00f3metro de metal (43mm) insertado en placa de cristal acr\u00edlico (73x63mm)<\/p>","protected":false},"featured_media":7580,"comment_status":"open","ping_status":"closed","template":"","meta":{"_acf_changed":false,"content-type":"","_monsterinsights_skip_tracking":false,"_monsterinsights_sitenote_active":false,"_monsterinsights_sitenote_note":"","_monsterinsights_sitenote_category":0},"product_brand":[],"product_cat":[359,119],"product_tag":[],"class_list":{"0":"post-7590","1":"product","2":"type-product","3":"status-publish","4":"has-post-thumbnail","6":"product_cat-light-heat-humidity","7":"product_cat-formicarium-components","9":"first","10":"instock","11":"taxable","12":"shipping-taxable","13":"purchasable","14":"product-type-simple"},"acf":[],"aioseo_notices":[],"jetpack_sharing_enabled":true,"_links":{"self":[{"href":"https:\/\/antcube.shop\/es\/wp-json\/wp\/v2\/product\/7590","targetHints":{"allow":["GET"]}}],"collection":[{"href":"https:\/\/antcube.shop\/es\/wp-json\/wp\/v2\/product"}],"about":[{"href":"https:\/\/antcube.shop\/es\/wp-json\/wp\/v2\/types\/product"}],"replies":[{"embeddable":true,"href":"https:\/\/antcube.shop\/es\/wp-json\/wp\/v2\/comments?post=7590"}],"wp:featuredmedia":[{"embeddable":true,"href":"https:\/\/antcube.shop\/es\/wp-json\/wp\/v2\/media\/7580"}],"wp:attachment":[{"href":"https:\/\/antcube.shop\/es\/wp-json\/wp\/v2\/media?parent=7590"}],"wp:term":[{"taxonomy":"product_brand","embeddable":true,"href":"https:\/\/antcube.shop\/es\/wp-json\/wp\/v2\/product_brand?post=7590"},{"taxonomy":"product_cat","embeddable":true,"href":"https:\/\/antcube.shop\/es\/wp-json\/wp\/v2\/product_cat?post=7590"},{"taxonomy":"product_tag","embeddable":true,"href":"https:\/\/antcube.shop\/es\/wp-json\/wp\/v2\/product_tag?post=7590"}],"curies":[{"name":"wp","href":"https:\/\/api.w.org\/{rel}","templated":true}]}}