{"id":7589,"date":"2024-04-04T16:24:06","date_gmt":"2024-04-04T14:24:06","guid":{"rendered":"https:\/\/antcube.shop\/product\/mini-thermo-hygrometer-analog-metall-43mm\/"},"modified":"2026-04-15T09:42:42","modified_gmt":"2026-04-15T07:42:42","slug":"mini-termohigrometro-analogico-metal-43mm","status":"publish","type":"product","link":"https:\/\/antcube.shop\/es\/producto\/mini-termohigrometro-analogico-metal-43mm\/","title":{"rendered":"Mini termohigr\u00f3metro anal\u00f3gico de metal - 43mm"},"content":{"rendered":"<p><strong>Tama\u00f1o:<\/strong> 43 mm (para orificio de 40 mm)<\/p>\n<p><strong>Material \/ Color:<\/strong> metal, plata<\/p>\n<p><strong>Midiendo:<\/strong><\/p>\n<p><strong>Term\u00f3metro:<\/strong> De -20 a +50\u00b0C \/ De -10 a +130\u00b0F<br \/>\n<strong>Precisi\u00f3n:<\/strong> +\/- 2\u00b0C , +\/- 4\u00b0F<\/p>\n<p><strong>Higr\u00f3metro:<\/strong> 0 a 100%<br \/>\n<strong>Precisi\u00f3n:<\/strong> +\/- 5%<\/p>\n<p><strong>Descripci\u00f3n:<\/strong><br \/>\nTerm\u00f3metro\/higr\u00f3metro anal\u00f3gico, especialmente adecuado para formicaria muy peque\u00f1a.<\/p>\n<p><strong>Nota:<\/strong><br \/>\nLos instrumentos de medici\u00f3n de la parte trasera deben permanecer libres, de lo contrario pueden producirse errores de medici\u00f3n.<\/p>","protected":false},"excerpt":{"rendered":"<p>Tama\u00f1o: 43 mm (para orificio de 40 mm) Material \/ Color: metal, plata Medici\u00f3n: Term\u00f3metro: -20 a +50\u00b0C \/ -10 a +130\u00b0F Precisi\u00f3n: +\/- 2\u00b0C , +\/- 4\u00b0F Higr\u00f3metro: 0 a 100% Precisi\u00f3n: +\/- 5% Descripci\u00f3n: Term\u00f3metro\/higr\u00f3metro anal\u00f3gico, especialmente indicado para formicaria muy peque\u00f1a. Nota: Los instrumentos de medici\u00f3n de la parte posterior deben permanecer libres, de lo contrario la medici\u00f3n","protected":false},"featured_media":7581,"comment_status":"open","ping_status":"closed","template":"","meta":{"_acf_changed":false,"content-type":"","_monsterinsights_skip_tracking":false,"_monsterinsights_sitenote_active":false,"_monsterinsights_sitenote_note":"","_monsterinsights_sitenote_category":0},"product_brand":[],"product_cat":[359,119],"product_tag":[],"class_list":{"0":"post-7589","1":"product","2":"type-product","3":"status-publish","4":"has-post-thumbnail","6":"product_cat-light-heat-humidity","7":"product_cat-formicarium-components","9":"first","10":"instock","11":"taxable","12":"shipping-taxable","13":"purchasable","14":"product-type-simple"},"acf":[],"aioseo_notices":[],"jetpack_sharing_enabled":true,"_links":{"self":[{"href":"https:\/\/antcube.shop\/es\/wp-json\/wp\/v2\/product\/7589","targetHints":{"allow":["GET"]}}],"collection":[{"href":"https:\/\/antcube.shop\/es\/wp-json\/wp\/v2\/product"}],"about":[{"href":"https:\/\/antcube.shop\/es\/wp-json\/wp\/v2\/types\/product"}],"replies":[{"embeddable":true,"href":"https:\/\/antcube.shop\/es\/wp-json\/wp\/v2\/comments?post=7589"}],"wp:featuredmedia":[{"embeddable":true,"href":"https:\/\/antcube.shop\/es\/wp-json\/wp\/v2\/media\/7581"}],"wp:attachment":[{"href":"https:\/\/antcube.shop\/es\/wp-json\/wp\/v2\/media?parent=7589"}],"wp:term":[{"taxonomy":"product_brand","embeddable":true,"href":"https:\/\/antcube.shop\/es\/wp-json\/wp\/v2\/product_brand?post=7589"},{"taxonomy":"product_cat","embeddable":true,"href":"https:\/\/antcube.shop\/es\/wp-json\/wp\/v2\/product_cat?post=7589"},{"taxonomy":"product_tag","embeddable":true,"href":"https:\/\/antcube.shop\/es\/wp-json\/wp\/v2\/product_tag?post=7589"}],"curies":[{"name":"wp","href":"https:\/\/api.w.org\/{rel}","templated":true}]}}