{"id":7500,"date":"2024-04-04T11:27:17","date_gmt":"2024-04-04T09:27:17","guid":{"rendered":"https:\/\/antcube.shop\/product\/ant-maze-20x20-m\/"},"modified":"2026-04-16T10:36:10","modified_gmt":"2026-04-16T08:36:10","slug":"laberinto-de-hormigas-20x20-m","status":"publish","type":"product","link":"https:\/\/antcube.shop\/es\/producto\/laberinto-de-hormigas-20x20-m\/","title":{"rendered":"Laberinto de hormigas 20\u00d720 - M"},"content":{"rendered":"<p><strong>Dimensiones:<\/strong><br \/>\n190x220x23mm; <strong>altura del camino<\/strong> 10mm <strong>ancho del camino<\/strong> 10-19 mm<br \/>\n5x regulador de paso deslizante<\/p>\n<p><strong>Material:<\/strong> vidrio acr\u00edlico<\/p>\n<p><strong>Color:<\/strong> cristalina, transparente<\/p>\n<p><strong>Contenido:<\/strong><br \/>\n1x Laberinto de hormigas M con mando deslizante 5x<\/p>\n<p><strong>Conexi\u00f3n:<\/strong> 2x tomas de conexi\u00f3n 10mm para tubo 14\/10mm<\/p>\n<p><strong>Descripci\u00f3n:<\/strong> Formicario plano de laberinto para hormigas compuesto por varios paneles estratificados. El laberinto para hormigas puede ampliarse mediante mangueras o conectarse a un hormiguero utilizando las tomas de conexi\u00f3n integradas. Los cinco deslizadores integrados permiten a las hormigas abrir o cerrar diferentes caminos en el laberinto. Puede utilizarse para experimentos en instituciones educativas, por ejemplo, o en casa para observar c\u00f3mo las hormigas encuentran su camino y se adaptan a rutas que cambian repentinamente, por ejemplo a zonas de alimentaci\u00f3n.<\/p>\n<p><strong>Nota:<\/strong> Pueden producirse huecos de 0,5 mm.<\/p>\n<p><strong>Nota sobre las tomas de conexi\u00f3n<\/strong><br \/>\nAl colocar o retirar las mangueras, tenga en cuenta lo siguiente:<br \/>\nSi resulta muy dif\u00edcil encajar el tubo en la toma de conexi\u00f3n, se debe frotar ligeramente la toma con una gota de nuestro aceite o polvo antiexplosiones. A continuaci\u00f3n, la manguera debe introducirse en la toma con movimientos de torsi\u00f3n o enroscado sin forzar la toma con movimientos hacia arriba y hacia abajo. Lo mismo se aplica al retirar las mangueras de la toma de conexi\u00f3n de la granja. No tire sin m\u00e1s.<\/p>","protected":false},"excerpt":{"rendered":"<p>Conexi\u00f3n: Enchufe 2x 10mm<\/p>","protected":false},"featured_media":7600,"comment_status":"open","ping_status":"closed","template":"","meta":{"_acf_changed":false,"content-type":"","_monsterinsights_skip_tracking":false,"_monsterinsights_sitenote_active":false,"_monsterinsights_sitenote_note":"","_monsterinsights_sitenote_category":0},"product_brand":[],"product_cat":[257,119,239,91],"product_tag":[],"class_list":{"0":"post-7500","1":"product","2":"type-product","3":"status-publish","4":"has-post-thumbnail","6":"product_cat-new-innovatve-products","7":"product_cat-formicarium-components","8":"product_cat-useful-additions","9":"product_cat-formicarium-modules","11":"first","12":"instock","13":"taxable","14":"shipping-taxable","15":"purchasable","16":"product-type-simple"},"acf":[],"aioseo_notices":[],"jetpack_sharing_enabled":true,"_links":{"self":[{"href":"https:\/\/antcube.shop\/es\/wp-json\/wp\/v2\/product\/7500","targetHints":{"allow":["GET"]}}],"collection":[{"href":"https:\/\/antcube.shop\/es\/wp-json\/wp\/v2\/product"}],"about":[{"href":"https:\/\/antcube.shop\/es\/wp-json\/wp\/v2\/types\/product"}],"replies":[{"embeddable":true,"href":"https:\/\/antcube.shop\/es\/wp-json\/wp\/v2\/comments?post=7500"}],"wp:featuredmedia":[{"embeddable":true,"href":"https:\/\/antcube.shop\/es\/wp-json\/wp\/v2\/media\/7600"}],"wp:attachment":[{"href":"https:\/\/antcube.shop\/es\/wp-json\/wp\/v2\/media?parent=7500"}],"wp:term":[{"taxonomy":"product_brand","embeddable":true,"href":"https:\/\/antcube.shop\/es\/wp-json\/wp\/v2\/product_brand?post=7500"},{"taxonomy":"product_cat","embeddable":true,"href":"https:\/\/antcube.shop\/es\/wp-json\/wp\/v2\/product_cat?post=7500"},{"taxonomy":"product_tag","embeddable":true,"href":"https:\/\/antcube.shop\/es\/wp-json\/wp\/v2\/product_tag?post=7500"}],"curies":[{"name":"wp","href":"https:\/\/api.w.org\/{rel}","templated":true}]}}