{"id":7495,"date":"2024-04-04T11:21:06","date_gmt":"2024-04-04T09:21:06","guid":{"rendered":"https:\/\/antcube.shop\/product\/beckenverbinder-3-4-zu-20mm-glasklar\/"},"modified":"2026-04-15T21:41:12","modified_gmt":"2026-04-15T19:41:12","slug":"conector-lavabo-3-4-a-20mm-cristal-transparente","status":"publish","type":"product","link":"https:\/\/antcube.shop\/es\/producto\/conector-lavabo-3-4-a-20mm-cristal-transparente\/","title":{"rendered":"Conector lavabo 3\/4\u2033 a 20mm - cristal transparente"},"content":{"rendered":"<p><span data-text-color=\"alert\"><strong>Atenci\u00f3n:<\/strong> <\/span>la tuerca necesaria para la fijaci\u00f3n debe pedirse por separado<\/p>\n<p><strong>Cantidad:<\/strong> 1 unidad<\/p>\n<p><strong>Color:<\/strong> glasclear<\/p>\n<p><strong>Material:<\/strong> Pl\u00e1stico<\/p>\n<p><strong>Descripci\u00f3n:<\/strong> Este conector de tuber\u00eda de lavabo 3\/4 \"encaja en un agujero de 27 mm y en una tuber\u00eda de 32 mm de di\u00e1metro exterior.<\/p>","protected":false},"excerpt":{"rendered":"<p>Atenci\u00f3n: la tuerca necesaria para la fijaci\u00f3n debe pedirse por separado Cantidad: 1 unidad Color: transparente Material: Pl\u00e1stico Descripci\u00f3n: Este conector de tuber\u00eda de lavabo 3\/4 \"encaja en un agujero de 27 mm y en una tuber\u00eda de 20 mm de di\u00e1metro exterior.<\/p>","protected":false},"featured_media":7510,"comment_status":"open","ping_status":"closed","template":"","meta":{"_acf_changed":false,"content-type":"","_monsterinsights_skip_tracking":false,"_monsterinsights_sitenote_active":false,"_monsterinsights_sitenote_note":"","_monsterinsights_sitenote_category":0},"product_brand":[],"product_cat":[257,345,119,121],"product_tag":[],"class_list":{"0":"post-7495","1":"product","2":"type-product","3":"status-publish","4":"has-post-thumbnail","6":"product_cat-new-innovatve-products","7":"product_cat-pipe-connectors","8":"product_cat-formicarium-components","9":"product_cat-connectors","11":"first","12":"instock","13":"taxable","14":"shipping-taxable","15":"purchasable","16":"product-type-simple"},"acf":[],"aioseo_notices":[],"jetpack_sharing_enabled":true,"_links":{"self":[{"href":"https:\/\/antcube.shop\/es\/wp-json\/wp\/v2\/product\/7495","targetHints":{"allow":["GET"]}}],"collection":[{"href":"https:\/\/antcube.shop\/es\/wp-json\/wp\/v2\/product"}],"about":[{"href":"https:\/\/antcube.shop\/es\/wp-json\/wp\/v2\/types\/product"}],"replies":[{"embeddable":true,"href":"https:\/\/antcube.shop\/es\/wp-json\/wp\/v2\/comments?post=7495"}],"wp:featuredmedia":[{"embeddable":true,"href":"https:\/\/antcube.shop\/es\/wp-json\/wp\/v2\/media\/7510"}],"wp:attachment":[{"href":"https:\/\/antcube.shop\/es\/wp-json\/wp\/v2\/media?parent=7495"}],"wp:term":[{"taxonomy":"product_brand","embeddable":true,"href":"https:\/\/antcube.shop\/es\/wp-json\/wp\/v2\/product_brand?post=7495"},{"taxonomy":"product_cat","embeddable":true,"href":"https:\/\/antcube.shop\/es\/wp-json\/wp\/v2\/product_cat?post=7495"},{"taxonomy":"product_tag","embeddable":true,"href":"https:\/\/antcube.shop\/es\/wp-json\/wp\/v2\/product_tag?post=7495"}],"curies":[{"name":"wp","href":"https:\/\/api.w.org\/{rel}","templated":true}]}}