{"id":6739,"date":"2023-12-12T15:09:04","date_gmt":"2023-12-12T14:09:04","guid":{"rendered":"https:\/\/antcube.shop\/product\/ameisenarena-abdeckung-60x30\/"},"modified":"2026-04-04T06:34:10","modified_gmt":"2026-04-04T04:34:10","slug":"cubierta-de-hormiguero-60x30","status":"publish","type":"product","link":"https:\/\/antcube.shop\/es\/producto\/cubierta-de-hormiguero-60x30\/","title":{"rendered":"Arena para hormigas de 60\u00d730"},"content":{"rendered":"<p><strong>Dimensiones (LxAxA):<\/strong> 60x30x0,4 cm<\/p>\n<p><strong>Material:<\/strong> Vidrio flotado<\/p>\n<p><strong>Color:<\/strong> claro \/ transparente<\/p>\n<p><strong>Contenido:<\/strong><br \/>\n1x Cubierta de hormiguero<br \/>\n1x puntos de fijaci\u00f3n 4 uds.<\/p>\n<p><strong>Descripci\u00f3n:<\/strong><br \/>\nCubierta de cristal para el hormiguero como protecci\u00f3n de escape<\/p>\n<p><strong>Modo de empleo:<\/strong><br \/>\nLa cubierta para hormigueros, hecha de cristal, puede colocarse sobre un hormiguero como protecci\u00f3n de escape y para regular el clima.<br \/>\nEn las aberturas de 50 mm se pueden insertar diversos m\u00f3dulos para la climatizaci\u00f3n, por ejemplo, rejillas de ventilaci\u00f3n, iluminaci\u00f3n o humidificaci\u00f3n.<br \/>\nPara evitar que las hormigas se escapen por las aberturas, debe aplicarse un protector contra la rotura (aceite, polvo o barniz) en la parte inferior alrededor de los orificios.<\/p>\n<p><strong>Nota:<\/strong><br \/>\nComo el art\u00edculo es de cristal y, por tanto, fr\u00e1gil, debe manipularse con mucho cuidado.<\/p>","protected":false},"excerpt":{"rendered":"<p>Cubierta\/tapa de cristal para el hormiguero como protecci\u00f3n de escape<\/p>","protected":false},"featured_media":6730,"comment_status":"open","ping_status":"closed","template":"","meta":{"_acf_changed":false,"content-type":"","_monsterinsights_skip_tracking":false,"_monsterinsights_sitenote_active":false,"_monsterinsights_sitenote_note":"","_monsterinsights_sitenote_category":0},"product_brand":[],"product_cat":[91,92],"product_tag":[],"class_list":{"0":"post-6739","1":"product","2":"type-product","3":"status-publish","4":"has-post-thumbnail","6":"product_cat-formicarium-modules","7":"product_cat-arena-cover","9":"first","10":"instock","11":"taxable","12":"shipping-taxable","13":"purchasable","14":"product-type-simple"},"acf":[],"aioseo_notices":[],"jetpack_sharing_enabled":true,"_links":{"self":[{"href":"https:\/\/antcube.shop\/es\/wp-json\/wp\/v2\/product\/6739","targetHints":{"allow":["GET"]}}],"collection":[{"href":"https:\/\/antcube.shop\/es\/wp-json\/wp\/v2\/product"}],"about":[{"href":"https:\/\/antcube.shop\/es\/wp-json\/wp\/v2\/types\/product"}],"replies":[{"embeddable":true,"href":"https:\/\/antcube.shop\/es\/wp-json\/wp\/v2\/comments?post=6739"}],"wp:featuredmedia":[{"embeddable":true,"href":"https:\/\/antcube.shop\/es\/wp-json\/wp\/v2\/media\/6730"}],"wp:attachment":[{"href":"https:\/\/antcube.shop\/es\/wp-json\/wp\/v2\/media?parent=6739"}],"wp:term":[{"taxonomy":"product_brand","embeddable":true,"href":"https:\/\/antcube.shop\/es\/wp-json\/wp\/v2\/product_brand?post=6739"},{"taxonomy":"product_cat","embeddable":true,"href":"https:\/\/antcube.shop\/es\/wp-json\/wp\/v2\/product_cat?post=6739"},{"taxonomy":"product_tag","embeddable":true,"href":"https:\/\/antcube.shop\/es\/wp-json\/wp\/v2\/product_tag?post=6739"}],"curies":[{"name":"wp","href":"https:\/\/api.w.org\/{rel}","templated":true}]}}