{"id":6737,"date":"2023-12-12T15:03:25","date_gmt":"2023-12-12T14:03:25","guid":{"rendered":"https:\/\/antcube.shop\/product\/antcube-starter-set-fur-weberameisen-gros\/"},"modified":"2026-04-01T13:28:16","modified_gmt":"2026-04-01T11:28:16","slug":"set-de-iniciacion-para-hormigas-tejedoras-grandes","status":"publish","type":"product","link":"https:\/\/antcube.shop\/es\/producto\/set-de-iniciacion-para-hormigas-tejedoras-grandes\/","title":{"rendered":"ANTCUBE - Set de iniciaci\u00f3n para hormigas tejedoras - grande"},"content":{"rendered":"<p><span data-text-color=\"alert\"><strong>Env\u00edo s\u00f3lo posible mediante reenv\u00edo en paleta.<\/strong><\/span><\/p>\n<p><strong>Contenido:<\/strong><br \/>\n1x ANTCUBE Arena 30x30x60 con puerta corredera<br \/>\n1x marco hormiguero 30\u00d730<br \/>\n1x cubierta de hormigueros 30\u00d730<br \/>\n1x punto de fijaci\u00f3n para cubierta de arena (4 uds.)<\/p>\n<p>1x marco para puerta corredera<br \/>\nPulverizador de botella de 0,5 litros - boquilla de lat\u00f3n<br \/>\n1x Fotomural - selva tropical - 30\u00d760 - alto<br \/>\n1x Formicarium base 30\u00d730 cm<br \/>\n1x sustrato rainforest 1 kg<\/p>\n<p>5x Grid insert acrylic &#8211; 50 mm with sealing ring<br \/>\n1x drinking clear 5ml &#8211; sponge<br \/>\n1x Feeding dish white rectangle &#8211; 3 compartments<br \/>\n1x Drinking trough 2ml &#8211; 360 Degrees<br \/>\n1x pinzas de acero para muelles anchas - suaves<br \/>\n1x Pinzas de pl\u00e1stico est\u00e1ndar<br \/>\n1x Aceite protector contra brotes de hormigas<br \/>\n1x lupa de mano - 2x - 30mm<br \/>\n1x limpiador de espuma 150x18x2,5mm<\/p>\n<p><strong>Can be ordered with shipping by forwarding agent on pallet in our second store ANTCUBE:<\/strong><\/p>\n<blockquote class=\"wp-embedded-content\" data-secret=\"OWgk0U6RxI\"><p><a href=\"https:\/\/antcube.shop\/product\/starter-set-for-weaver-ants-large\/\">ANTCUBE - Set de iniciaci\u00f3n para hormigas tejedoras - grande<\/a><\/p><\/blockquote>\n<p><iframe loading=\"lazy\" class=\"wp-embedded-content\" sandbox=\"allow-scripts\" security=\"restricted\" style=\"position: absolute; visibility: hidden;\" title=\"&#8222;ANTCUBE &#8211; Starter set for weaver ants &#8211; large&#8220; &#8211; ANTCUBE\" src=\"https:\/\/antcube.shop\/product\/starter-set-for-weaver-ants-large\/embed\/#?secret=wA9rHSrKI4#?secret=OWgk0U6RxI\" data-secret=\"OWgk0U6RxI\" width=\"600\" height=\"338\" frameborder=\"0\" marginwidth=\"0\" marginheight=\"0\" scrolling=\"no\"><\/iframe><\/p>\n<p><strong>Descripci\u00f3n:<\/strong><br \/>\nEste set de iniciaci\u00f3n ampliable, especial para varias especies de hormigas tejedoras como Polyrhachis spec. u Oecophylla spec. incluye no s\u00f3lo el formicario \u00f3ptimamente adaptado, sino tambi\u00e9n los accesorios apropiados para mantener esta especie de hormiga.<\/p>\n<p>The sliding door in the front (opening 150x200mm) facilitates the work in the formicarium, even with large colonies or planting of the formicarium with a host plant for example Oecophylla smaragdina. Additional formicariums can be connected via the two 50mm holes on the side. The stainless steel grid inserts provide good ventilation and are robust against mechanical impact. If necessary, the humidity can be increased with the spray bottle. The drinker clear 5ml &#8211; sponge is intended for the supply of fresh water, the drinker 2ml &#8211; 360 degrees for honey or sugar solution.<\/p>\n<p><strong>Es importante: <\/strong>Por favor, humedezca el sustrato antes de usarlo, para que la mezcla pueda combinarse y desarrollarse firmemente en el hormiguero. Adem\u00e1s, un sustrato demasiado seco y polvoriento puede provocar la obstrucci\u00f3n de las v\u00edas respiratorias de las hormigas y, en el peor de los casos, la asfixia de los animales.<\/p>\n<p><strong>Nota importante sobre el marco de la puerta corredera:<\/strong><br \/>\nEl marco puede fijarse f\u00e1cilmente a los tornillos fijados a los carriles de la puerta corredera. Para ello, afloje con cuidado <strong>s\u00f3lo<\/strong> las tuercas del interior. Se necesita un destornillador Phillips peque\u00f1o (de estrella). Monte el marco y cu\u00e9lguelo por dentro de los tornillos. A continuaci\u00f3n, vuelva a colocar con cuidado las tuercas y <strong>under no circumstances turn too tightly<\/strong>, otherwise the glass may be damaged.<\/p>\n<p><u><strong>Notas sobre la producci\u00f3n<\/strong><\/u><br \/>\nEl cristal se corta seg\u00fan la norma DIN 1249 con una tolerancia de +\/- 1 mm. Para especies de hormigas extremadamente peque\u00f1as, es necesaria una protecci\u00f3n adicional contra la rotura.<\/p>","protected":false},"excerpt":{"rendered":"<p>The set consists of 22 parts.<br \/>\nTama\u00f1o: <span style=\"color: #ed1c24;\"><strong>XL<\/strong><\/span><\/p>","protected":false},"featured_media":6710,"comment_status":"open","ping_status":"closed","template":"","meta":{"_acf_changed":false,"content-type":"","_monsterinsights_skip_tracking":false,"_monsterinsights_sitenote_active":false,"_monsterinsights_sitenote_note":"","_monsterinsights_sitenote_category":0},"product_brand":[],"product_cat":[354,73],"product_tag":[],"class_list":{"0":"post-6737","1":"product","2":"type-product","3":"status-publish","4":"has-post-thumbnail","6":"product_cat-starter-sets-for-weaver-ants","7":"product_cat-starter-sets","8":"product_shipping_class-forwarding-on-pallet","10":"first","11":"outofstock","12":"taxable","13":"shipping-taxable","14":"purchasable","15":"product-type-simple"},"acf":[],"aioseo_notices":[],"jetpack_sharing_enabled":true,"_links":{"self":[{"href":"https:\/\/antcube.shop\/es\/wp-json\/wp\/v2\/product\/6737","targetHints":{"allow":["GET"]}}],"collection":[{"href":"https:\/\/antcube.shop\/es\/wp-json\/wp\/v2\/product"}],"about":[{"href":"https:\/\/antcube.shop\/es\/wp-json\/wp\/v2\/types\/product"}],"replies":[{"embeddable":true,"href":"https:\/\/antcube.shop\/es\/wp-json\/wp\/v2\/comments?post=6737"}],"wp:featuredmedia":[{"embeddable":true,"href":"https:\/\/antcube.shop\/es\/wp-json\/wp\/v2\/media\/6710"}],"wp:attachment":[{"href":"https:\/\/antcube.shop\/es\/wp-json\/wp\/v2\/media?parent=6737"}],"wp:term":[{"taxonomy":"product_brand","embeddable":true,"href":"https:\/\/antcube.shop\/es\/wp-json\/wp\/v2\/product_brand?post=6737"},{"taxonomy":"product_cat","embeddable":true,"href":"https:\/\/antcube.shop\/es\/wp-json\/wp\/v2\/product_cat?post=6737"},{"taxonomy":"product_tag","embeddable":true,"href":"https:\/\/antcube.shop\/es\/wp-json\/wp\/v2\/product_tag?post=6737"}],"curies":[{"name":"wp","href":"https:\/\/api.w.org\/{rel}","templated":true}]}}