{"id":6736,"date":"2023-12-12T15:03:19","date_gmt":"2023-12-12T14:03:19","guid":{"rendered":"https:\/\/antcube.shop\/product\/antcube-arena-30x30x60-mit-schiebetur\/"},"modified":"2026-03-17T08:11:00","modified_gmt":"2026-03-17T07:11:00","slug":"antcube-arena-30x30x60-con-puerta-corredera","status":"publish","type":"product","link":"https:\/\/antcube.shop\/es\/producto\/antcube-arena-30x30x60-con-puerta-corredera\/","title":{"rendered":"ANTCUBE Arena 30x30x60 con puerta corredera"},"content":{"rendered":"<p><span data-text-color=\"alert\"><strong>Env\u00edo s\u00f3lo posible mediante reenv\u00edo en paleta.<\/strong><\/span><\/p>\n<p>ANTCUBE Arena 30x30x60 cm con puerta corredera y 2 orificios de 50 mm.<\/p>\n<p><strong>Dimensiones:<\/strong> 300 x 300 x 600 mm; 4 mm de grosor de cristal.<br \/>\n<strong>Material:<\/strong> vidrio flotado<br \/>\n<strong>Conexi\u00f3n:<\/strong> 2 agujeros de 50 mm<\/p>\n<p><strong>Apertura frontal (puerta corredera):<\/strong> 150\u00d7200 mm<\/p>\n<p><strong>Descripci\u00f3n:<\/strong> Nuestro ANTCUBE Arena 30x30x60 con puerta corredera, est\u00e1 dise\u00f1ado para trabajar c\u00f3modamente incluso en formicarios llenos. Son especialmente \u00fatiles como formicario para hormigas tejedoras (Polyrhachis y Oeacophylla) ya que les gusta acumularse en altura, o necesitan una planta hu\u00e9sped. En nuestras arenas normales de 30x30x60 puede resultar dif\u00edcil eliminar, por ejemplo, los desechos de los animales del fondo del formidario. En esta cuenca especialmente adaptada esto ya no es un problema. Tambi\u00e9n para los comederos de las hormigas cortadoras de hojas Acromyrmex o Atta la puerta corredera es muy pr\u00e1ctica, porque los restos de plantas y otros residuos se pueden eliminar c\u00f3modamente. Adem\u00e1s, se puede utilizar el marco de la puerta corredera disponible por separado (n\u00ba art. 1005648) para evitar que los animales se escapen mientras se trabaja. Para la apertura superior normal, tambi\u00e9n est\u00e1n disponibles por separado el marco de protecci\u00f3n contra escapes 30\u00d730 y la cubierta de arena 30\u00d730.<\/p>\n<p><strong>Nota:<\/strong> El vidrio se corta seg\u00fan la norma DIN 1249 con una tolerancia de +\/- 1 mm. En el caso de especies de hormigas extremadamente peque\u00f1as, es imprescindible una protecci\u00f3n adicional contra la rotura.<\/p>","protected":false},"excerpt":{"rendered":"<p><strong>Conexi\u00f3n:<\/strong> 2 agujeros de 50 mm<\/p>","protected":false},"featured_media":6727,"comment_status":"open","ping_status":"closed","template":"","meta":{"_acf_changed":false,"content-type":"","_monsterinsights_skip_tracking":false,"_monsterinsights_sitenote_active":false,"_monsterinsights_sitenote_note":"","_monsterinsights_sitenote_category":0},"product_brand":[],"product_cat":[85,86],"product_tag":[],"class_list":{"0":"post-6736","1":"product","2":"type-product","3":"status-publish","4":"has-post-thumbnail","6":"product_cat-ant-arenas","7":"product_cat-formicariums","8":"product_shipping_class-forwarding-on-pallet","10":"first","11":"instock","12":"taxable","13":"shipping-taxable","14":"purchasable","15":"product-type-simple"},"acf":[],"aioseo_notices":[],"jetpack_sharing_enabled":true,"_links":{"self":[{"href":"https:\/\/antcube.shop\/es\/wp-json\/wp\/v2\/product\/6736","targetHints":{"allow":["GET"]}}],"collection":[{"href":"https:\/\/antcube.shop\/es\/wp-json\/wp\/v2\/product"}],"about":[{"href":"https:\/\/antcube.shop\/es\/wp-json\/wp\/v2\/types\/product"}],"replies":[{"embeddable":true,"href":"https:\/\/antcube.shop\/es\/wp-json\/wp\/v2\/comments?post=6736"}],"wp:featuredmedia":[{"embeddable":true,"href":"https:\/\/antcube.shop\/es\/wp-json\/wp\/v2\/media\/6727"}],"wp:attachment":[{"href":"https:\/\/antcube.shop\/es\/wp-json\/wp\/v2\/media?parent=6736"}],"wp:term":[{"taxonomy":"product_brand","embeddable":true,"href":"https:\/\/antcube.shop\/es\/wp-json\/wp\/v2\/product_brand?post=6736"},{"taxonomy":"product_cat","embeddable":true,"href":"https:\/\/antcube.shop\/es\/wp-json\/wp\/v2\/product_cat?post=6736"},{"taxonomy":"product_tag","embeddable":true,"href":"https:\/\/antcube.shop\/es\/wp-json\/wp\/v2\/product_tag?post=6736"}],"curies":[{"name":"wp","href":"https:\/\/api.w.org\/{rel}","templated":true}]}}