{"id":6668,"date":"2023-12-05T14:03:20","date_gmt":"2023-12-05T13:03:20","guid":{"rendered":"https:\/\/antcube.shop\/product\/arena-hochstand-20x20cm\/"},"modified":"2026-03-31T09:51:32","modified_gmt":"2026-03-31T07:51:32","slug":"arena-soporte-alto-20x20cm","status":"publish","type":"product","link":"https:\/\/antcube.shop\/es\/producto\/arena-soporte-alto-20x20cm\/","title":{"rendered":"Arena soporte alto 20x20cm"},"content":{"rendered":"<div class=\"tab-body active\">\n<p><strong>Dimensiones:<\/strong> 20x20x10<\/p>\n<p><strong>Material: <\/strong>PMMA<\/p>\n<p><strong>Color: <\/strong>cristalino, transl\u00facido, transparente<\/p>\n<p><strong>Contenido:<\/strong><br \/>\n4x base alta<br \/>\n2x delante y detr\u00e1s con logotipo<br \/>\n2x parte lateral sin logotipo<\/p>\n<p><strong>Nota:<\/strong> Las piezas se suministran en forma de kit o de sistema enchufable. No es necesario pegarlas.<\/p>\n<p><span data-text-color=\"alert\"><strong>ATENCI\u00d3N:<\/strong><\/span> Ensamble las piezas con cuidado, ya que algunas de las conexiones son delicadas.<\/p>\n<p><strong>Descripci\u00f3n:<\/strong> El soporte alto para hormigueros se ha desarrollado para que los hormigueros ANTCUBE puedan colocarse a una altura que coincida con la altura de conexi\u00f3n de los hormigueros. Esto permite utilizar un formicario ahorrando mucho espacio con un trozo de tubo m\u00e1s corto como conexi\u00f3n entre el hormiguero y el hormiguero. Tambi\u00e9n hace posible utilizar nuestros tubos acr\u00edlicos cristalinos para hormigas como conexi\u00f3n sin tener que trabajar con codos.<\/p>\n<p><strong>Aplicaci\u00f3n:<\/strong> para hormigueros con <strong>superficie del suelo 20x20cm<\/strong><\/p>\n<\/div>","protected":false},"excerpt":{"rendered":"<p>Para hormigueros con una superficie de 20x20cm<\/p>","protected":false},"featured_media":6586,"comment_status":"open","ping_status":"closed","template":"","meta":{"_acf_changed":false,"content-type":"","_monsterinsights_skip_tracking":false,"_monsterinsights_sitenote_active":false,"_monsterinsights_sitenote_note":"","_monsterinsights_sitenote_category":0},"product_brand":[],"product_cat":[119,239],"product_tag":[],"class_list":{"0":"post-6668","1":"product","2":"type-product","3":"status-publish","4":"has-post-thumbnail","6":"product_cat-formicarium-components","7":"product_cat-useful-additions","9":"first","10":"instock","11":"taxable","12":"shipping-taxable","13":"purchasable","14":"product-type-simple"},"acf":[],"aioseo_notices":[],"jetpack_sharing_enabled":true,"_links":{"self":[{"href":"https:\/\/antcube.shop\/es\/wp-json\/wp\/v2\/product\/6668","targetHints":{"allow":["GET"]}}],"collection":[{"href":"https:\/\/antcube.shop\/es\/wp-json\/wp\/v2\/product"}],"about":[{"href":"https:\/\/antcube.shop\/es\/wp-json\/wp\/v2\/types\/product"}],"replies":[{"embeddable":true,"href":"https:\/\/antcube.shop\/es\/wp-json\/wp\/v2\/comments?post=6668"}],"wp:featuredmedia":[{"embeddable":true,"href":"https:\/\/antcube.shop\/es\/wp-json\/wp\/v2\/media\/6586"}],"wp:attachment":[{"href":"https:\/\/antcube.shop\/es\/wp-json\/wp\/v2\/media?parent=6668"}],"wp:term":[{"taxonomy":"product_brand","embeddable":true,"href":"https:\/\/antcube.shop\/es\/wp-json\/wp\/v2\/product_brand?post=6668"},{"taxonomy":"product_cat","embeddable":true,"href":"https:\/\/antcube.shop\/es\/wp-json\/wp\/v2\/product_cat?post=6668"},{"taxonomy":"product_tag","embeddable":true,"href":"https:\/\/antcube.shop\/es\/wp-json\/wp\/v2\/product_tag?post=6668"}],"curies":[{"name":"wp","href":"https:\/\/api.w.org\/{rel}","templated":true}]}}