{"id":6581,"date":"2023-12-04T13:54:37","date_gmt":"2023-12-04T12:54:37","guid":{"rendered":"https:\/\/antcube.shop\/product\/humidity-control-ii-timer\/"},"modified":"2026-04-02T12:12:11","modified_gmt":"2026-04-02T10:12:11","slug":"control-de-humedad-ii-temporizador","status":"publish","type":"product","link":"https:\/\/antcube.shop\/es\/producto\/control-de-humedad-ii-temporizador\/","title":{"rendered":"Control de humedad II + Temporizador"},"content":{"rendered":"<p><strong>Descripci\u00f3n:<\/strong> El Humidity Control 2 es un higrostato digital que no deja nada que desear a un precio sin precedentes.<br \/>\nDispone de dos circuitos que permiten distintos ajustes para el d\u00eda y la noche. Lleva integrado un reloj en tiempo real, de modo que el cambio entre d\u00eda y noche se realiza de forma flexible a trav\u00e9s de la hora. Tambi\u00e9n lleva integrado un temporizador, que permite ajustar dos tiempos de encendido y apagado a trav\u00e9s del reloj. El periodo de tiempo m\u00e1s peque\u00f1o es de un minuto.<br \/>\nOtras funciones incluyen una funci\u00f3n de alarma (visual y ac\u00fastica), la opci\u00f3n de cambiar del modo humidificador al modo deshumidificador, por ejemplo, para su uso con ventiladores, y la opci\u00f3n de influir en el modo de conmutaci\u00f3n del higrostato. Puede definir la desviaci\u00f3n a la que conmuta el higrostato. Por ejemplo, puede seleccionar aqu\u00ed un valor de 15, es decir, el humidificador s\u00f3lo se conecta cuando la humedad medida est\u00e1 15% por debajo del valor nominal. Esto puede ser \u00fatil para evitar que el humidificador se encienda y apague constantemente, ya que la humedad tambi\u00e9n fluct\u00faa en la naturaleza.<br \/>\nLos dispositivos se conectan mediante acoplamientos Schuko. La capacidad m\u00e1xima de conmutaci\u00f3n es de 1000 W. La pantalla muestra constantemente la humedad medida. El rango es de 1 a 99%.<\/p>\n<p>- Dos circuitos para ajustar la humedad de d\u00eda y de noche<br \/>\n- Reloj en tiempo real, las horas del d\u00eda est\u00e1n definidas por la hora<br \/>\n- Temporizador integrado<br \/>\n- Indicaci\u00f3n permanente de la humedad<br \/>\n- Dispositivo conmutable entre humidificaci\u00f3n y deshumidificaci\u00f3n<br \/>\n- Funci\u00f3n de alarma en caso de desviaci\u00f3n (ajustable entre 1% y 50% de humedad relativa)<br \/>\n- Sensor remoto preciso<br \/>\n- Tomas con conexi\u00f3n a tierra<br \/>\n- Capacidad de conmutaci\u00f3n de m\u00e1x. 1000<\/p>","protected":false},"excerpt":{"rendered":"<p>Descripci\u00f3n: El Humidity Control 2 es un higrostato digital que no deja nada que desear a un precio sin precedentes. Dispone de dos circuitos que permiten diferentes ajustes para el d\u00eda y la noche. El aparato lleva integrado un reloj en tiempo real, de modo que el cambio entre d\u00eda y noche se realiza de forma flexible a trav\u00e9s de la hora. Un temporizador es","protected":false},"featured_media":6602,"comment_status":"open","ping_status":"closed","template":"","meta":{"_acf_changed":false,"content-type":"","_monsterinsights_skip_tracking":false,"_monsterinsights_sitenote_active":false,"_monsterinsights_sitenote_note":"","_monsterinsights_sitenote_category":0},"product_brand":[],"product_cat":[359,119],"product_tag":[],"class_list":{"0":"post-6581","1":"product","2":"type-product","3":"status-publish","4":"has-post-thumbnail","6":"product_cat-light-heat-humidity","7":"product_cat-formicarium-components","9":"first","10":"instock","11":"taxable","12":"shipping-taxable","13":"purchasable","14":"product-type-simple"},"acf":[],"aioseo_notices":[],"jetpack_sharing_enabled":true,"_links":{"self":[{"href":"https:\/\/antcube.shop\/es\/wp-json\/wp\/v2\/product\/6581","targetHints":{"allow":["GET"]}}],"collection":[{"href":"https:\/\/antcube.shop\/es\/wp-json\/wp\/v2\/product"}],"about":[{"href":"https:\/\/antcube.shop\/es\/wp-json\/wp\/v2\/types\/product"}],"replies":[{"embeddable":true,"href":"https:\/\/antcube.shop\/es\/wp-json\/wp\/v2\/comments?post=6581"}],"wp:featuredmedia":[{"embeddable":true,"href":"https:\/\/antcube.shop\/es\/wp-json\/wp\/v2\/media\/6602"}],"wp:attachment":[{"href":"https:\/\/antcube.shop\/es\/wp-json\/wp\/v2\/media?parent=6581"}],"wp:term":[{"taxonomy":"product_brand","embeddable":true,"href":"https:\/\/antcube.shop\/es\/wp-json\/wp\/v2\/product_brand?post=6581"},{"taxonomy":"product_cat","embeddable":true,"href":"https:\/\/antcube.shop\/es\/wp-json\/wp\/v2\/product_cat?post=6581"},{"taxonomy":"product_tag","embeddable":true,"href":"https:\/\/antcube.shop\/es\/wp-json\/wp\/v2\/product_tag?post=6581"}],"curies":[{"name":"wp","href":"https:\/\/api.w.org\/{rel}","templated":true}]}}